{"id":30720,"date":"2025-04-10T12:08:41","date_gmt":"2025-04-10T10:08:41","guid":{"rendered":"https:\/\/myspainfood.com\/producto\/solene-drobky-z-tresky-500g\/"},"modified":"2025-07-28T10:37:23","modified_gmt":"2025-07-28T08:37:23","slug":"solene-drobky-z-tresky-500g","status":"publish","type":"product","link":"https:\/\/myspainfood.com\/sk\/producto\/solene-drobky-z-tresky-500g\/","title":{"rendered":"Solen\u00e9 drobky z tresky 500G"},"content":{"rendered":"<div class=\"wpb_animate_when_almost_visible wpb_bottom-to-top bottom-to-top wpb_column vc_column_container vc_col-sm-6 wpb_start_animation animated\">\n<div class=\"vc_column-inner \">\n<div class=\"wpb_wrapper\">\n<div class=\"wpb_text_column wpb_content_element \">\n<div class=\"wpb_wrapper\">\n<p>Desmigado bacalao salado 500G de <a href=\"https:\/\/labarajilla.es\/bacalao\/\" target=\"_blank\" rel=\"noopener noreferrer nofollow\">La Barajilla<\/a> sa sklad\u00e1 z k\u00faskov najvy\u0161\u0161ej kvality bez ko\u017ee a kost\u00ed, ide\u00e1lnych na omelety, krokety a ajoarriero.<\/p>\n<ul>\n<li><strong>DRUH<\/strong>: treska \u0161kvrnit\u00e1 ( Gadus Morhua )<\/li>\n<li><strong>Z\u00f3na rybolovu<\/strong>: severoz\u00e1padn\u00fd Atlantik ( FAO 27 )<\/li>\n<li><strong>SKLADOVANIE<\/strong>: od 0\u00baC do 5\u00baC.<\/li>\n<\/ul>\n<p>Z v\u00fd\u017eivov\u00e9ho h\u013eadiska je treska potravina bohat\u00e1 na bielkoviny s vysokou biologickou hodnotou a str\u00e1vite\u013enos\u0165ou, s n\u00edzkym obsahom tuku a kal\u00f3ri\u00ed.<\/p>\n<p>Obsah vody je pribli\u017ene 80 % (v \u010derstvej treske).<\/p>\n<p>T\u00e1to treska je dobr\u00fdm zdrojom vitam\u00ednov (najm\u00e4 skupiny B) a miner\u00e1lnych sol\u00ed potrebn\u00fdch pre organizmus.<\/p>\n<p>\u010cerstv\u00fa alebo odsolen\u00fa tresku m\u00f4\u017eu konzumova\u0165 \u013eudia s vysok\u00fdm krvn\u00fdm tlakom, preto\u017ee m\u00e1 n\u00edzky obsah sod\u00edka a je bohat\u00e1 na drasl\u00edk.<\/p>\n<p>&#8222;Treska \u0161kvrnit\u00e1 je spolo\u010dn\u00fd n\u00e1zov pre nieko\u013eko druhov r\u00fdb rodu Gadus, hoci niektor\u00e9 druhy toho ist\u00e9ho rodu m\u00f4\u017eu ma\u0165 aj in\u00e9 n\u00e1zvy.<\/p>\n<p>Najbe\u017enej\u0161\u00edm druhom je treska atlantick\u00e1 (Gadus morhua alebo treska oby\u010dajn\u00e1).<\/p>\n<p>Ak si chcete k\u00fapi\u0165 Desmigado bacalao salado 500G alebo ak\u00fdko\u013evek in\u00fd druh <a href=\"https:\/\/latiendadesami.com\/categoria-producto\/frio\/\" rel=\"noopener noreferrer nofollow\" target=\"_blank\">chladen\u00e9ho<\/a> v\u00fdrobku, nev\u00e1hajte a pozrite si cel\u00fd n\u00e1\u0161 online katal\u00f3g, aby ste videli \u0161irok\u00fa \u0161k\u00e1lu tresiek, ktor\u00e9 m\u00e1me.<\/p>\n<p>Nap\u00ed\u0161te n\u00e1m o viac inform\u00e1ci\u00ed.<\/p>\n<\/div>\n<\/div>\n<\/div>\n<\/div>\n<\/div>\n","protected":false},"excerpt":{"rendered":"<p>Desmigado bacalao salado 500G de La Barajilla sa sklad\u00e1 z k\u00faskov najvy\u0161\u0161ej kvality bez ko\u017ee a kost\u00ed, ide\u00e1lnych na omelety, krokety a ajoarriero. DRUH: treska \u0161kvrnit\u00e1 ( Gadus Morhua ) Z\u00f3na rybolovu: severoz\u00e1padn\u00fd Atlantik ( FAO 27 ) SKLADOVANIE: od 0\u00baC do 5\u00baC. Z v\u00fd\u017eivov\u00e9ho h\u013eadiska je treska potravina bohat\u00e1 na bielkoviny s vysokou biologickou [&hellip;]<\/p>\n","protected":false},"featured_media":30723,"template":"","meta":{"_et_pb_use_builder":"","_et_pb_old_content":"","_et_gb_content_width":""},"product_brand":[1290],"product_cat":[1820,3550],"product_tag":[],"class_list":{"0":"post-30720","1":"product","2":"type-product","3":"status-publish","4":"has-post-thumbnail","6":"product_brand-la-barajilla","7":"product_cat-studena","8":"product_cat-treska","9":"product_shipping_class-zasielka-za-studena","11":"first","12":"outofstock","13":"taxable","14":"shipping-taxable","15":"purchasable","16":"product-type-simple"},"_links":{"self":[{"href":"https:\/\/myspainfood.com\/sk\/wp-json\/wp\/v2\/product\/30720","targetHints":{"allow":["GET"]}}],"collection":[{"href":"https:\/\/myspainfood.com\/sk\/wp-json\/wp\/v2\/product"}],"about":[{"href":"https:\/\/myspainfood.com\/sk\/wp-json\/wp\/v2\/types\/product"}],"wp:featuredmedia":[{"embeddable":true,"href":"https:\/\/myspainfood.com\/sk\/wp-json\/wp\/v2\/media\/30723"}],"wp:attachment":[{"href":"https:\/\/myspainfood.com\/sk\/wp-json\/wp\/v2\/media?parent=30720"}],"wp:term":[{"taxonomy":"product_brand","embeddable":true,"href":"https:\/\/myspainfood.com\/sk\/wp-json\/wp\/v2\/product_brand?post=30720"},{"taxonomy":"product_cat","embeddable":true,"href":"https:\/\/myspainfood.com\/sk\/wp-json\/wp\/v2\/product_cat?post=30720"},{"taxonomy":"product_tag","embeddable":true,"href":"https:\/\/myspainfood.com\/sk\/wp-json\/wp\/v2\/product_tag?post=30720"}],"curies":[{"name":"wp","href":"https:\/\/api.w.org\/{rel}","templated":true}]}}