{"id":31690,"date":"2025-04-10T12:09:09","date_gmt":"2025-04-10T10:09:09","guid":{"rendered":"https:\/\/myspainfood.com\/producto\/el-gran-cardenal-kozi-a-kravsky-syr-s-paprikou\/"},"modified":"2025-06-24T14:15:04","modified_gmt":"2025-06-24T12:15:04","slug":"el-gran-cardenal-kozi-a-kravsky-syr-s-paprikou","status":"publish","type":"product","link":"https:\/\/myspainfood.com\/sk\/producto\/el-gran-cardenal-kozi-a-kravsky-syr-s-paprikou\/","title":{"rendered":"El Gran Cardenal Koz\u00ed a kravsk\u00fd syr s paprikou"},"content":{"rendered":"<div class=\"et_pb_blurb_container\">\n<div class=\"et_pb_blurb_container\">\n<h4 class=\"et_pb_module_header\">Koza s paprikou<\/h4>\n<div class=\"et_pb_blurb_description\">Vonkaj\u0161ia vrstva syra je pokryt\u00e1 pr\u00edrodnou paprikou (z\u00edskanou su\u0161en\u00edm a mlet\u00edm \u010dervenej papriky), ktor\u00e1 dod\u00e1va syru atrakt\u00edvnu \u010dervenkast\u00fa farbu, ako aj ve\u013emi zvl\u00e1\u0161tnu v\u00f4\u0148u a chu\u0165.<\/p>\n<p>Kombin\u00e1cia kr\u00e9movosti kozieho mlieka a chuti pr\u00edrodnej papriky je jednou z najlep\u0161\u00edch mo\u017en\u00fdch kombin\u00e1ci\u00ed syrov.<\/p><\/div>\n<\/div>\n<\/div>\n","protected":false},"excerpt":{"rendered":"<p>Koza s paprikou Vonkaj\u0161ia vrstva syra je pokryt\u00e1 pr\u00edrodnou paprikou (z\u00edskanou su\u0161en\u00edm a mlet\u00edm \u010dervenej papriky), ktor\u00e1 dod\u00e1va syru atrakt\u00edvnu \u010dervenkast\u00fa farbu, ako aj ve\u013emi zvl\u00e1\u0161tnu v\u00f4\u0148u a chu\u0165. Kombin\u00e1cia kr\u00e9movosti kozieho mlieka a chuti pr\u00edrodnej papriky je jednou z najlep\u0161\u00edch mo\u017en\u00fdch kombin\u00e1ci\u00ed syrov.<\/p>\n","protected":false},"featured_media":31699,"template":"","meta":{"_et_pb_use_builder":"","_et_pb_old_content":"","_et_gb_content_width":""},"product_brand":[1319],"product_cat":[2734,1820,2264],"product_tag":[],"class_list":{"0":"post-31690","1":"product","2":"type-product","3":"status-publish","4":"has-post-thumbnail","6":"product_brand-el-gran-cardenal","7":"product_cat-liecba","8":"product_cat-studena","9":"product_cat-syr-a-klobasa","10":"product_shipping_class-zasielka-za-studena","12":"first","13":"outofstock","14":"taxable","15":"shipping-taxable","16":"product-type-variable"},"_links":{"self":[{"href":"https:\/\/myspainfood.com\/sk\/wp-json\/wp\/v2\/product\/31690","targetHints":{"allow":["GET"]}}],"collection":[{"href":"https:\/\/myspainfood.com\/sk\/wp-json\/wp\/v2\/product"}],"about":[{"href":"https:\/\/myspainfood.com\/sk\/wp-json\/wp\/v2\/types\/product"}],"wp:featuredmedia":[{"embeddable":true,"href":"https:\/\/myspainfood.com\/sk\/wp-json\/wp\/v2\/media\/31699"}],"wp:attachment":[{"href":"https:\/\/myspainfood.com\/sk\/wp-json\/wp\/v2\/media?parent=31690"}],"wp:term":[{"taxonomy":"product_brand","embeddable":true,"href":"https:\/\/myspainfood.com\/sk\/wp-json\/wp\/v2\/product_brand?post=31690"},{"taxonomy":"product_cat","embeddable":true,"href":"https:\/\/myspainfood.com\/sk\/wp-json\/wp\/v2\/product_cat?post=31690"},{"taxonomy":"product_tag","embeddable":true,"href":"https:\/\/myspainfood.com\/sk\/wp-json\/wp\/v2\/product_tag?post=31690"}],"curies":[{"name":"wp","href":"https:\/\/api.w.org\/{rel}","templated":true}]}}