{"id":31764,"date":"2025-04-10T12:09:10","date_gmt":"2025-04-10T10:09:10","guid":{"rendered":"https:\/\/myspainfood.com\/producto\/kozi-a-kravsky-syr-s-ciernym-cesnakom-el-gran-cardenal\/"},"modified":"2025-09-02T10:44:08","modified_gmt":"2025-09-02T08:44:08","slug":"kozi-a-kravsky-syr-s-ciernym-cesnakom-el-gran-cardenal","status":"publish","type":"product","link":"https:\/\/myspainfood.com\/sk\/producto\/kozi-a-kravsky-syr-s-ciernym-cesnakom-el-gran-cardenal\/","title":{"rendered":"Koz\u00ed a kravsk\u00fd syr s \u010diernym cesnakom El Gran Cardenal"},"content":{"rendered":"<div class=\"et_pb_blurb_container\">\n<div class=\"et_pb_blurb_container\">\n<div class=\"et_pb_blurb_container\">\n<h4 class=\"et_pb_module_header\">Koza s \u010diernym cesnakom<\/h4>\n<div class=\"et_pb_blurb_description\">Kr\u00e9mov\u00fd syr z kozieho a kravsk\u00e9ho mlieka s porciami \u010dierneho cesnaku vo vn\u00fatri. Ten mu dod\u00e1va mierne sladk\u00fa chu\u0165 a antioxida\u010dn\u00e9 vlastnosti. <\/p>\n<p>Pripisuj\u00fa sa mu aj \u010fal\u0161ie vlastnosti, ako napr\u00edklad zni\u017eovanie rizika vzniku rakoviny a predl\u017eovanie \u017eivota. Sme si ist\u00ed, \u017ee v\u00fdsledok chuti kozieho mlieka spolu s \u010diernym cesnakom bude pr\u00edjemn\u00fdm prekvapen\u00edm. <\/p><\/div>\n<\/div>\n<\/div>\n<\/div>\n","protected":false},"excerpt":{"rendered":"<p>Koza s \u010diernym cesnakom Kr\u00e9mov\u00fd syr z kozieho a kravsk\u00e9ho mlieka s porciami \u010dierneho cesnaku vo vn\u00fatri. Ten mu dod\u00e1va mierne sladk\u00fa chu\u0165 a antioxida\u010dn\u00e9 vlastnosti. Pripisuj\u00fa sa mu aj \u010fal\u0161ie vlastnosti, ako napr\u00edklad zni\u017eovanie rizika vzniku rakoviny a predl\u017eovanie \u017eivota. Sme si ist\u00ed, \u017ee v\u00fdsledok chuti kozieho mlieka spolu s \u010diernym cesnakom bude pr\u00edjemn\u00fdm [&hellip;]<\/p>\n","protected":false},"featured_media":31769,"template":"","meta":{"_et_pb_use_builder":"","_et_pb_old_content":"","_et_gb_content_width":""},"product_brand":[1319],"product_cat":[2734,1820,2264],"product_tag":[],"class_list":{"0":"post-31764","1":"product","2":"type-product","3":"status-publish","4":"has-post-thumbnail","6":"product_brand-el-gran-cardenal","7":"product_cat-liecba","8":"product_cat-studena","9":"product_cat-syr-a-klobasa","10":"product_shipping_class-zasielka-za-studena","12":"first","13":"outofstock","14":"taxable","15":"shipping-taxable","16":"purchasable","17":"product-type-variable"},"_links":{"self":[{"href":"https:\/\/myspainfood.com\/sk\/wp-json\/wp\/v2\/product\/31764","targetHints":{"allow":["GET"]}}],"collection":[{"href":"https:\/\/myspainfood.com\/sk\/wp-json\/wp\/v2\/product"}],"about":[{"href":"https:\/\/myspainfood.com\/sk\/wp-json\/wp\/v2\/types\/product"}],"wp:featuredmedia":[{"embeddable":true,"href":"https:\/\/myspainfood.com\/sk\/wp-json\/wp\/v2\/media\/31769"}],"wp:attachment":[{"href":"https:\/\/myspainfood.com\/sk\/wp-json\/wp\/v2\/media?parent=31764"}],"wp:term":[{"taxonomy":"product_brand","embeddable":true,"href":"https:\/\/myspainfood.com\/sk\/wp-json\/wp\/v2\/product_brand?post=31764"},{"taxonomy":"product_cat","embeddable":true,"href":"https:\/\/myspainfood.com\/sk\/wp-json\/wp\/v2\/product_cat?post=31764"},{"taxonomy":"product_tag","embeddable":true,"href":"https:\/\/myspainfood.com\/sk\/wp-json\/wp\/v2\/product_tag?post=31764"}],"curies":[{"name":"wp","href":"https:\/\/api.w.org\/{rel}","templated":true}]}}