{"id":32255,"date":"2025-04-10T12:09:28","date_gmt":"2025-04-10T10:09:28","guid":{"rendered":"https:\/\/myspainfood.com\/producto\/el-gran-cardenal-usporny-ibersky-syr\/"},"modified":"2025-07-28T12:56:42","modified_gmt":"2025-07-28T10:56:42","slug":"el-gran-cardenal-usporny-ibersky-syr","status":"publish","type":"product","link":"https:\/\/myspainfood.com\/sk\/producto\/el-gran-cardenal-usporny-ibersky-syr\/","title":{"rendered":"El Gran Cardenal \u00dasporn\u00fd ibersk\u00fd syr"},"content":{"rendered":"<div class=\"et_pb_blurb_container\">\n<div class=\"et_pb_blurb_container\">\n<div class=\"et_pb_column et_pb_column_4_4 et_pb_column_1 et_pb_css_mix_blend_mode_passthrough et-last-child\">\n<div class=\"et_pb_module et_pb_text et_pb_text_1 et_pb_text_align_justified et_pb_bg_layout_light\">\n<div class=\"et_pb_text_inner\">Vyr\u00e1ba sa pod\u013ea rodinn\u00e9ho receptu s vynikaj\u00facou zmesou na\u0161ich mliek, \u010d\u00edm sa dosahuje ve\u013ek\u00e1 intenzita a perzistencia v \u00fastach. Syry s r\u00f4znou dobou zrenia v na\u0161ej su\u0161i\u010dke dreva, polosurov\u00e9 (2 a\u017e 4 mesiace zrenia) a zren\u00e9 (4 a\u017e 6 mesiacov zrenia). <\/div>\n<\/div>\n<\/div>\n<\/div>\n<\/div>\n","protected":false},"excerpt":{"rendered":"<p>Vyr\u00e1ba sa pod\u013ea rodinn\u00e9ho receptu s vynikaj\u00facou zmesou na\u0161ich mliek, \u010d\u00edm sa dosahuje ve\u013ek\u00e1 intenzita a perzistencia v \u00fastach. Syry s r\u00f4znou dobou zrenia v na\u0161ej su\u0161i\u010dke dreva, polosurov\u00e9 (2 a\u017e 4 mesiace zrenia) a zren\u00e9 (4 a\u017e 6 mesiacov zrenia).<\/p>\n","protected":false},"featured_media":32258,"template":"","meta":{"_et_pb_use_builder":"","_et_pb_old_content":"","_et_gb_content_width":""},"product_brand":[1319],"product_cat":[2734,1820,2264],"product_tag":[],"class_list":{"0":"post-32255","1":"product","2":"type-product","3":"status-publish","4":"has-post-thumbnail","6":"product_brand-el-gran-cardenal","7":"product_cat-liecba","8":"product_cat-studena","9":"product_cat-syr-a-klobasa","10":"product_shipping_class-zasielka-za-studena","12":"first","13":"outofstock","14":"taxable","15":"shipping-taxable","16":"product-type-variable"},"_links":{"self":[{"href":"https:\/\/myspainfood.com\/sk\/wp-json\/wp\/v2\/product\/32255","targetHints":{"allow":["GET"]}}],"collection":[{"href":"https:\/\/myspainfood.com\/sk\/wp-json\/wp\/v2\/product"}],"about":[{"href":"https:\/\/myspainfood.com\/sk\/wp-json\/wp\/v2\/types\/product"}],"wp:featuredmedia":[{"embeddable":true,"href":"https:\/\/myspainfood.com\/sk\/wp-json\/wp\/v2\/media\/32258"}],"wp:attachment":[{"href":"https:\/\/myspainfood.com\/sk\/wp-json\/wp\/v2\/media?parent=32255"}],"wp:term":[{"taxonomy":"product_brand","embeddable":true,"href":"https:\/\/myspainfood.com\/sk\/wp-json\/wp\/v2\/product_brand?post=32255"},{"taxonomy":"product_cat","embeddable":true,"href":"https:\/\/myspainfood.com\/sk\/wp-json\/wp\/v2\/product_cat?post=32255"},{"taxonomy":"product_tag","embeddable":true,"href":"https:\/\/myspainfood.com\/sk\/wp-json\/wp\/v2\/product_tag?post=32255"}],"curies":[{"name":"wp","href":"https:\/\/api.w.org\/{rel}","templated":true}]}}