{"id":32600,"date":"2025-04-10T12:09:05","date_gmt":"2025-04-10T10:09:05","guid":{"rendered":"https:\/\/myspainfood.com\/producto\/extra-panensky-olivovy-olej-valdezarza-5-litrov-2\/"},"modified":"2026-01-29T12:10:55","modified_gmt":"2026-01-29T11:10:55","slug":"extra-panensky-olivovy-olej-valdezarza-5-litrov-2","status":"publish","type":"product","link":"https:\/\/myspainfood.com\/sk\/producto\/extra-panensky-olivovy-olej-valdezarza-5-litrov-2\/","title":{"rendered":"Extra panensk\u00fd olivov\u00fd olej VALDEZARZA 5 litrov"},"content":{"rendered":"<p>Extra panensk\u00fd olivov\u00fd olej Valdezarza 5l je extra panensk\u00fd olivov\u00fd olej najvy\u0161\u0161ej kateg\u00f3rie, ktor\u00fd sa z\u00edskava priamo z ol\u00edv a len mechanick\u00fdmi postupmi.<\/p>\n<p>Valdezarza sa nach\u00e1dza v srdci pohoria Montes de Toledo (\u0160panielsko) a m\u00e1 integrovan\u00fd ekosyst\u00e9m olivov\u00fdch h\u00e1jov a pr\u00edrody.<\/p>\n<p>Najlep\u0161ia olivov\u00e1 \u0161\u0165ava sa vyr\u00e1ba z ol\u00edv: <a href=\"https:\/\/aceitesvaldezarza.com\/quienes-somos\/\" target=\"_blank\" rel=\"noopener noreferrer nofollow\">VALDEZARZA<\/a> Extra panensk\u00fd olivov\u00fd olej.<\/p>\n<p>Panstvo Valdezarza sa nach\u00e1dza v obci San Mart\u00edn de Montalb\u00e1n, ktor\u00e1 je geograficky za\u010dlenen\u00e1 do pohoria Montes de Toledo.<\/p>\n<p>V\u00e4\u010d\u0161ina tohto \u00fazemia s rozlohou 700 hekt\u00e1rov sa pova\u017euje za chr\u00e1nen\u00fd stredomorsk\u00fd les a kontrolovan\u00fd ekosyst\u00e9m.<\/p>\n<p>T\u00e1to lokalita je s\u00fa\u010das\u0165ou projektu reintrodukcie rysa ibersk\u00e9ho a m\u00f4\u017eete sa pokocha\u0165 n\u00e1dhern\u00fdmi z\u00e1bermi nieko\u013ek\u00fdch rysov odpo\u010d\u00edvaj\u00facich pod olivovn\u00edkmi.<\/p>\n<p>Ich baliare\u0148 im umo\u017e\u0148uje v\u00e4\u010d\u0161iu kontrolu nad cel\u00fdm procesom od olivovn\u00edka a\u017e po balenie.<\/p>\n<p>Okrem toho m\u00e1 t\u00e1to spolo\u010dnos\u0165 re\u00e1lne v\u00fdskumn\u00e9, v\u00fdvojov\u00e9 a realiza\u010dn\u00e9 projekty, ako napr\u00edklad projekt Messor.<\/p>\n<p>Ak si chcete k\u00fapi\u0165 <a href=\"https:\/\/latiendadesami.com\/categoria-producto\/aceite\/\" rel=\"noopener noreferrer nofollow\" target=\"_blank\">olej<\/a>, nev\u00e1hajte a pozrite si n\u00e1\u0161 online katal\u00f3g, v ktorom n\u00e1jdete \u0161irok\u00fa ponuku produktov, ako napr\u00edklad Valdezarza Extra panensk\u00fd olivov\u00fd olej 5l.<\/p>\n<p>Nap\u00ed\u0161te n\u00e1m o viac inform\u00e1ci\u00ed o niektorej z na\u0161ich potrav\u00edn.<\/p>\n","protected":false},"excerpt":{"rendered":"<p>Extra panensk\u00fd olivov\u00fd olej Valdezarza 5l je extra panensk\u00fd olivov\u00fd olej najvy\u0161\u0161ej kateg\u00f3rie, ktor\u00fd sa z\u00edskava priamo z ol\u00edv a len mechanick\u00fdmi postupmi. Valdezarza sa nach\u00e1dza v srdci pohoria Montes de Toledo (\u0160panielsko) a m\u00e1 integrovan\u00fd ekosyst\u00e9m olivov\u00fdch h\u00e1jov a pr\u00edrody. Najlep\u0161ia olivov\u00e1 \u0161\u0165ava sa vyr\u00e1ba z ol\u00edv: VALDEZARZA Extra panensk\u00fd olivov\u00fd olej. Panstvo Valdezarza [&hellip;]<\/p>\n","protected":false},"featured_media":32602,"template":"","meta":{"_et_pb_use_builder":"","_et_pb_old_content":"","_et_gb_content_width":""},"product_brand":[1221],"product_cat":[2231,2230],"product_tag":[2233],"class_list":{"0":"post-32600","1":"product","2":"type-product","3":"status-publish","4":"has-post-thumbnail","6":"product_brand-valdezarza","7":"product_cat-extra-panenske-olivy","8":"product_cat-olej-sk","9":"product_tag-olej-sk","11":"first","12":"outofstock","13":"featured","14":"taxable","15":"shipping-taxable","16":"purchasable","17":"product-type-simple"},"_links":{"self":[{"href":"https:\/\/myspainfood.com\/sk\/wp-json\/wp\/v2\/product\/32600","targetHints":{"allow":["GET"]}}],"collection":[{"href":"https:\/\/myspainfood.com\/sk\/wp-json\/wp\/v2\/product"}],"about":[{"href":"https:\/\/myspainfood.com\/sk\/wp-json\/wp\/v2\/types\/product"}],"wp:featuredmedia":[{"embeddable":true,"href":"https:\/\/myspainfood.com\/sk\/wp-json\/wp\/v2\/media\/32602"}],"wp:attachment":[{"href":"https:\/\/myspainfood.com\/sk\/wp-json\/wp\/v2\/media?parent=32600"}],"wp:term":[{"taxonomy":"product_brand","embeddable":true,"href":"https:\/\/myspainfood.com\/sk\/wp-json\/wp\/v2\/product_brand?post=32600"},{"taxonomy":"product_cat","embeddable":true,"href":"https:\/\/myspainfood.com\/sk\/wp-json\/wp\/v2\/product_cat?post=32600"},{"taxonomy":"product_tag","embeddable":true,"href":"https:\/\/myspainfood.com\/sk\/wp-json\/wp\/v2\/product_tag?post=32600"}],"curies":[{"name":"wp","href":"https:\/\/api.w.org\/{rel}","templated":true}]}}