{"id":32718,"date":"2025-04-10T12:09:07","date_gmt":"2025-04-10T10:09:07","guid":{"rendered":"https:\/\/myspainfood.com\/producto\/ovci-syr-el-gran-cardenal-s-olivovym-olejom\/"},"modified":"2025-07-28T10:36:57","modified_gmt":"2025-07-28T08:36:57","slug":"ovci-syr-el-gran-cardenal-s-olivovym-olejom","status":"publish","type":"product","link":"https:\/\/myspainfood.com\/sk\/producto\/ovci-syr-el-gran-cardenal-s-olivovym-olejom\/","title":{"rendered":"Ov\u010d\u00ed syr El Gran Cardenal s olivov\u00fdm olejom"},"content":{"rendered":"<div class=\"et_pb_blurb_container\">\n<div class=\"et_pb_blurb_container\">\n<h4 class=\"et_pb_module_header\">Ovce s olejom<\/h4>\n<div class=\"et_pb_blurb_description\">N\u00e1\u0161 kast\u00edlsky ov\u010d\u00ed syr, dr\u017eite\u013e 4 medzin\u00e1rodn\u00fdch zlat\u00fdch medail\u00ed, spolu s jedn\u00fdm z pokladov stredomorskej stravy, olivov\u00fdm olejom.<\/p>\n<p>Na tento \u00fa\u010del pou\u017e\u00edvame n\u00e1\u0161 vlastn\u00fd olej zo storo\u010dn\u00fdch olivovn\u00edkov pestovan\u00fdch na p\u00f4de, ktor\u00fa obr\u00e1bal San Isidro so svojou man\u017eelkou&#8230;<\/p><\/div>\n<\/div>\n<\/div>\n","protected":false},"excerpt":{"rendered":"<p>Ovce s olejom N\u00e1\u0161 kast\u00edlsky ov\u010d\u00ed syr, dr\u017eite\u013e 4 medzin\u00e1rodn\u00fdch zlat\u00fdch medail\u00ed, spolu s jedn\u00fdm z pokladov stredomorskej stravy, olivov\u00fdm olejom. Na tento \u00fa\u010del pou\u017e\u00edvame n\u00e1\u0161 vlastn\u00fd olej zo storo\u010dn\u00fdch olivovn\u00edkov pestovan\u00fdch na p\u00f4de, ktor\u00fa obr\u00e1bal San Isidro so svojou man\u017eelkou&#8230;<\/p>\n","protected":false},"featured_media":32724,"template":"","meta":{"_et_pb_use_builder":"","_et_pb_old_content":"","_et_gb_content_width":""},"product_brand":[1319],"product_cat":[2734,1820,2264],"product_tag":[],"class_list":{"0":"post-32718","1":"product","2":"type-product","3":"status-publish","4":"has-post-thumbnail","6":"product_brand-el-gran-cardenal","7":"product_cat-liecba","8":"product_cat-studena","9":"product_cat-syr-a-klobasa","10":"product_shipping_class-zasielka-za-studena","12":"first","13":"outofstock","14":"taxable","15":"shipping-taxable","16":"purchasable","17":"product-type-variable"},"_links":{"self":[{"href":"https:\/\/myspainfood.com\/sk\/wp-json\/wp\/v2\/product\/32718","targetHints":{"allow":["GET"]}}],"collection":[{"href":"https:\/\/myspainfood.com\/sk\/wp-json\/wp\/v2\/product"}],"about":[{"href":"https:\/\/myspainfood.com\/sk\/wp-json\/wp\/v2\/types\/product"}],"wp:featuredmedia":[{"embeddable":true,"href":"https:\/\/myspainfood.com\/sk\/wp-json\/wp\/v2\/media\/32724"}],"wp:attachment":[{"href":"https:\/\/myspainfood.com\/sk\/wp-json\/wp\/v2\/media?parent=32718"}],"wp:term":[{"taxonomy":"product_brand","embeddable":true,"href":"https:\/\/myspainfood.com\/sk\/wp-json\/wp\/v2\/product_brand?post=32718"},{"taxonomy":"product_cat","embeddable":true,"href":"https:\/\/myspainfood.com\/sk\/wp-json\/wp\/v2\/product_cat?post=32718"},{"taxonomy":"product_tag","embeddable":true,"href":"https:\/\/myspainfood.com\/sk\/wp-json\/wp\/v2\/product_tag?post=32718"}],"curies":[{"name":"wp","href":"https:\/\/api.w.org\/{rel}","templated":true}]}}