{"id":32763,"date":"2025-04-10T12:09:28","date_gmt":"2025-04-10T10:09:28","guid":{"rendered":"https:\/\/myspainfood.com\/producto\/spanielsky-ovci-syrovy-syr-el-gran-cardenal\/"},"modified":"2025-07-28T12:56:53","modified_gmt":"2025-07-28T10:56:53","slug":"spanielsky-ovci-syrovy-syr-el-gran-cardenal","status":"publish","type":"product","link":"https:\/\/myspainfood.com\/sk\/producto\/spanielsky-ovci-syrovy-syr-el-gran-cardenal\/","title":{"rendered":"\u0160panielsky ov\u010d\u00ed syrov\u00fd syr El Gran Cardenal"},"content":{"rendered":"<div class=\"et_pb_blurb_container\">\n<div class=\"et_pb_blurb_container\">\n<div class=\"et_pb_blurb_container\">\n<p class=\"et_pb_module_header\">Surov\u00e9 ov\u010die mlieko<\/p>\n<div class=\"et_pb_blurb_description\">Vyr\u00e1ba sa z najvyberanej\u0161ieho mlieka, ktor\u00e9 sa zbiera denne, aby sa zabezpe\u010dila jeho \u010derstvos\u0165 a kvalita, \u010do zaru\u010duje lep\u0161iu chu\u0165 a skvel\u00fa ar\u00f3mu.<\/div>\n<\/div>\n<\/div>\n<\/div>\n","protected":false},"excerpt":{"rendered":"<p>Surov\u00e9 ov\u010die mlieko Vyr\u00e1ba sa z najvyberanej\u0161ieho mlieka, ktor\u00e9 sa zbiera denne, aby sa zabezpe\u010dila jeho \u010derstvos\u0165 a kvalita, \u010do zaru\u010duje lep\u0161iu chu\u0165 a skvel\u00fa ar\u00f3mu.<\/p>\n","protected":false},"featured_media":32770,"template":"","meta":{"_et_pb_use_builder":"","_et_pb_old_content":"","_et_gb_content_width":""},"product_brand":[1319],"product_cat":[2734,1820,2264],"product_tag":[],"class_list":{"0":"post-32763","1":"product","2":"type-product","3":"status-publish","4":"has-post-thumbnail","6":"product_brand-el-gran-cardenal","7":"product_cat-liecba","8":"product_cat-studena","9":"product_cat-syr-a-klobasa","10":"product_shipping_class-zasielka-za-studena","12":"first","13":"outofstock","14":"taxable","15":"shipping-taxable","16":"purchasable","17":"product-type-variable"},"_links":{"self":[{"href":"https:\/\/myspainfood.com\/sk\/wp-json\/wp\/v2\/product\/32763","targetHints":{"allow":["GET"]}}],"collection":[{"href":"https:\/\/myspainfood.com\/sk\/wp-json\/wp\/v2\/product"}],"about":[{"href":"https:\/\/myspainfood.com\/sk\/wp-json\/wp\/v2\/types\/product"}],"wp:featuredmedia":[{"embeddable":true,"href":"https:\/\/myspainfood.com\/sk\/wp-json\/wp\/v2\/media\/32770"}],"wp:attachment":[{"href":"https:\/\/myspainfood.com\/sk\/wp-json\/wp\/v2\/media?parent=32763"}],"wp:term":[{"taxonomy":"product_brand","embeddable":true,"href":"https:\/\/myspainfood.com\/sk\/wp-json\/wp\/v2\/product_brand?post=32763"},{"taxonomy":"product_cat","embeddable":true,"href":"https:\/\/myspainfood.com\/sk\/wp-json\/wp\/v2\/product_cat?post=32763"},{"taxonomy":"product_tag","embeddable":true,"href":"https:\/\/myspainfood.com\/sk\/wp-json\/wp\/v2\/product_tag?post=32763"}],"curies":[{"name":"wp","href":"https:\/\/api.w.org\/{rel}","templated":true}]}}