{"id":32910,"date":"2025-04-10T12:09:07","date_gmt":"2025-04-10T10:09:07","guid":{"rendered":"https:\/\/myspainfood.com\/producto\/ovci-syr-el-gran-cardenal-s-hluzovkami\/"},"modified":"2025-07-28T12:56:14","modified_gmt":"2025-07-28T10:56:14","slug":"ovci-syr-el-gran-cardenal-s-hluzovkami","status":"publish","type":"product","link":"https:\/\/myspainfood.com\/sk\/producto\/ovci-syr-el-gran-cardenal-s-hluzovkami\/","title":{"rendered":"Ov\u010d\u00ed syr El Gran Cardenal s h\u013euzovkami"},"content":{"rendered":"<div class=\"et_pb_blurb_container\">\n<h4 class=\"et_pb_module_header\">Ovce s h\u013euzovkami<\/h4>\n<div class=\"et_pb_blurb_description\">\n<p>Najexkluz\u00edvnej\u0161\u00ed z na\u0161ich syrov. V\u00ed\u0165az Super zlatej medaily na medzin\u00e1rodnej s\u00fa\u0165a\u017ei World Cheese Awards 2016-17. <\/p>\n<p>H\u013euzovky prid\u00e1vame len do ov\u010dieho mlieka z najlep\u0161\u00edch st\u00e1d, a to u\u017e od za\u010diatku v\u00fdroby, tak\u017ee spolu koexistuj\u00fa po\u010das cel\u00e9ho zrenia a dod\u00e1vaj\u00fa syru nezamenite\u013en\u00fa v\u00f4\u0148u a chu\u0165, re\u0161pektuj\u00fac podstatu kast\u00edlskeho ov\u010dieho syra.<\/p>\n<\/div>\n<\/div>\n","protected":false},"excerpt":{"rendered":"<p>Ovce s h\u013euzovkami Najexkluz\u00edvnej\u0161\u00ed z na\u0161ich syrov. V\u00ed\u0165az Super zlatej medaily na medzin\u00e1rodnej s\u00fa\u0165a\u017ei World Cheese Awards 2016-17. H\u013euzovky prid\u00e1vame len do ov\u010dieho mlieka z najlep\u0161\u00edch st\u00e1d, a to u\u017e od za\u010diatku v\u00fdroby, tak\u017ee spolu koexistuj\u00fa po\u010das cel\u00e9ho zrenia a dod\u00e1vaj\u00fa syru nezamenite\u013en\u00fa v\u00f4\u0148u a chu\u0165, re\u0161pektuj\u00fac podstatu kast\u00edlskeho ov\u010dieho syra.<\/p>\n","protected":false},"featured_media":32914,"template":"","meta":{"_et_pb_use_builder":"","_et_pb_old_content":"","_et_gb_content_width":""},"product_brand":[1319],"product_cat":[2734,1820,2264],"product_tag":[],"class_list":{"0":"post-32910","1":"product","2":"type-product","3":"status-publish","4":"has-post-thumbnail","6":"product_brand-el-gran-cardenal","7":"product_cat-liecba","8":"product_cat-studena","9":"product_cat-syr-a-klobasa","10":"product_shipping_class-zasielka-za-studena","12":"first","13":"outofstock","14":"taxable","15":"shipping-taxable","16":"purchasable","17":"product-type-variable"},"_links":{"self":[{"href":"https:\/\/myspainfood.com\/sk\/wp-json\/wp\/v2\/product\/32910","targetHints":{"allow":["GET"]}}],"collection":[{"href":"https:\/\/myspainfood.com\/sk\/wp-json\/wp\/v2\/product"}],"about":[{"href":"https:\/\/myspainfood.com\/sk\/wp-json\/wp\/v2\/types\/product"}],"wp:featuredmedia":[{"embeddable":true,"href":"https:\/\/myspainfood.com\/sk\/wp-json\/wp\/v2\/media\/32914"}],"wp:attachment":[{"href":"https:\/\/myspainfood.com\/sk\/wp-json\/wp\/v2\/media?parent=32910"}],"wp:term":[{"taxonomy":"product_brand","embeddable":true,"href":"https:\/\/myspainfood.com\/sk\/wp-json\/wp\/v2\/product_brand?post=32910"},{"taxonomy":"product_cat","embeddable":true,"href":"https:\/\/myspainfood.com\/sk\/wp-json\/wp\/v2\/product_cat?post=32910"},{"taxonomy":"product_tag","embeddable":true,"href":"https:\/\/myspainfood.com\/sk\/wp-json\/wp\/v2\/product_tag?post=32910"}],"curies":[{"name":"wp","href":"https:\/\/api.w.org\/{rel}","templated":true}]}}