{"id":33030,"date":"2025-04-10T12:09:08","date_gmt":"2025-04-10T10:09:08","guid":{"rendered":"https:\/\/myspainfood.com\/producto\/ovci-syr-s-rozmarinom-el-gran-cardenal\/"},"modified":"2025-07-28T12:56:04","modified_gmt":"2025-07-28T10:56:04","slug":"ovci-syr-s-rozmarinom-el-gran-cardenal","status":"publish","type":"product","link":"https:\/\/myspainfood.com\/sk\/producto\/ovci-syr-s-rozmarinom-el-gran-cardenal\/","title":{"rendered":"Ov\u010d\u00ed syr s rozmar\u00ednom El Gran Cardenal"},"content":{"rendered":"<div class=\"et_pb_blurb_container\">\n<div class=\"et_pb_blurb_container\">\n<h4 class=\"et_pb_module_header\">Ovce s rozmar\u00ednom<\/h4>\n<div class=\"et_pb_blurb_description\">Rozmar\u00edn je aromatick\u00e1 rastlina typick\u00e1 pre stredomorsk\u00fa oblas\u0165. Jeho ar\u00f3ma nasycuje n\u00e1\u0161 syr Castellano de Oveja a dod\u00e1va mu ve\u013emi jemn\u00fa v\u00f4\u0148u a chu\u0165, pri\u010dom pom\u00e1ha chr\u00e1ni\u0165 syr. <\/p>\n<p>V jazyku kvetov je rozmar\u00edn symbolom dobrej viery a otvorenosti.<\/p><\/div>\n<\/div>\n<\/div>\n","protected":false},"excerpt":{"rendered":"<p>Ovce s rozmar\u00ednom Rozmar\u00edn je aromatick\u00e1 rastlina typick\u00e1 pre stredomorsk\u00fa oblas\u0165. Jeho ar\u00f3ma nasycuje n\u00e1\u0161 syr Castellano de Oveja a dod\u00e1va mu ve\u013emi jemn\u00fa v\u00f4\u0148u a chu\u0165, pri\u010dom pom\u00e1ha chr\u00e1ni\u0165 syr. V jazyku kvetov je rozmar\u00edn symbolom dobrej viery a otvorenosti.<\/p>\n","protected":false},"featured_media":33036,"template":"","meta":{"_et_pb_use_builder":"","_et_pb_old_content":"","_et_gb_content_width":""},"product_brand":[1319],"product_cat":[2734,1820,2264],"product_tag":[],"class_list":{"0":"post-33030","1":"product","2":"type-product","3":"status-publish","4":"has-post-thumbnail","6":"product_brand-el-gran-cardenal","7":"product_cat-liecba","8":"product_cat-studena","9":"product_cat-syr-a-klobasa","10":"product_shipping_class-zasielka-za-studena","12":"first","13":"outofstock","14":"taxable","15":"shipping-taxable","16":"purchasable","17":"product-type-variable"},"_links":{"self":[{"href":"https:\/\/myspainfood.com\/sk\/wp-json\/wp\/v2\/product\/33030","targetHints":{"allow":["GET"]}}],"collection":[{"href":"https:\/\/myspainfood.com\/sk\/wp-json\/wp\/v2\/product"}],"about":[{"href":"https:\/\/myspainfood.com\/sk\/wp-json\/wp\/v2\/types\/product"}],"wp:featuredmedia":[{"embeddable":true,"href":"https:\/\/myspainfood.com\/sk\/wp-json\/wp\/v2\/media\/33036"}],"wp:attachment":[{"href":"https:\/\/myspainfood.com\/sk\/wp-json\/wp\/v2\/media?parent=33030"}],"wp:term":[{"taxonomy":"product_brand","embeddable":true,"href":"https:\/\/myspainfood.com\/sk\/wp-json\/wp\/v2\/product_brand?post=33030"},{"taxonomy":"product_cat","embeddable":true,"href":"https:\/\/myspainfood.com\/sk\/wp-json\/wp\/v2\/product_cat?post=33030"},{"taxonomy":"product_tag","embeddable":true,"href":"https:\/\/myspainfood.com\/sk\/wp-json\/wp\/v2\/product_tag?post=33030"}],"curies":[{"name":"wp","href":"https:\/\/api.w.org\/{rel}","templated":true}]}}