{"id":33123,"date":"2025-04-10T12:09:28","date_gmt":"2025-04-10T10:09:28","guid":{"rendered":"https:\/\/myspainfood.com\/producto\/miesany-syr-el-gran-cardenal\/"},"modified":"2025-09-02T10:50:53","modified_gmt":"2025-09-02T08:50:53","slug":"miesany-syr-el-gran-cardenal","status":"publish","type":"product","link":"https:\/\/myspainfood.com\/sk\/producto\/miesany-syr-el-gran-cardenal\/","title":{"rendered":"Mie\u0161an\u00fd syr El Gran Cardenal"},"content":{"rendered":"<div class=\"et_pb_blurb_container\">\n<div class=\"et_pb_blurb_container\">\n<div class=\"et_pb_column et_pb_column_4_4 et_pb_column_1 et_pb_css_mix_blend_mode_passthrough et-last-child\">\n<div class=\"et_pb_module et_pb_text et_pb_text_1 et_pb_text_align_justified et_pb_bg_layout_light\">\n<div class=\"et_pb_text_inner\">\n<p>Vyr\u00e1ba sa pod\u013ea rodinnej recept\u00fary z na\u0161ej zmesi ov\u010dieho a kravsk\u00e9ho mlieka, ktor\u00e1 v\u010faka svojej jemnosti a kr\u00e9movosti poskytuje skvel\u00fa rovnov\u00e1hu v \u00fastach. Syry s r\u00f4znou dobou zrenia v su\u0161i\u010dke na drevo: Tierno, Semicurado (2 a\u017e 4 mesiace zrenia), Curado (4 a\u017e 6 mesiacov zrenia) a Viejo (6 a\u017e 8 mesiacov zrenia). <\/p>\n<\/div>\n<\/div>\n<\/div>\n<\/div>\n<\/div>\n","protected":false},"excerpt":{"rendered":"<p>Vyr\u00e1ba sa pod\u013ea rodinnej recept\u00fary z na\u0161ej zmesi ov\u010dieho a kravsk\u00e9ho mlieka, ktor\u00e1 v\u010faka svojej jemnosti a kr\u00e9movosti poskytuje skvel\u00fa rovnov\u00e1hu v \u00fastach. Syry s r\u00f4znou dobou zrenia v su\u0161i\u010dke na drevo: Tierno, Semicurado (2 a\u017e 4 mesiace zrenia), Curado (4 a\u017e 6 mesiacov zrenia) a Viejo (6 a\u017e 8 mesiacov zrenia).<\/p>\n","protected":false},"featured_media":33131,"template":"","meta":{"_et_pb_use_builder":"","_et_pb_old_content":"","_et_gb_content_width":""},"product_brand":[1319],"product_cat":[2734,1820,2264],"product_tag":[],"class_list":{"0":"post-33123","1":"product","2":"type-product","3":"status-publish","4":"has-post-thumbnail","6":"product_brand-el-gran-cardenal","7":"product_cat-liecba","8":"product_cat-studena","9":"product_cat-syr-a-klobasa","10":"product_shipping_class-zasielka-za-studena","12":"first","13":"outofstock","14":"taxable","15":"shipping-taxable","16":"product-type-variable"},"_links":{"self":[{"href":"https:\/\/myspainfood.com\/sk\/wp-json\/wp\/v2\/product\/33123","targetHints":{"allow":["GET"]}}],"collection":[{"href":"https:\/\/myspainfood.com\/sk\/wp-json\/wp\/v2\/product"}],"about":[{"href":"https:\/\/myspainfood.com\/sk\/wp-json\/wp\/v2\/types\/product"}],"wp:featuredmedia":[{"embeddable":true,"href":"https:\/\/myspainfood.com\/sk\/wp-json\/wp\/v2\/media\/33131"}],"wp:attachment":[{"href":"https:\/\/myspainfood.com\/sk\/wp-json\/wp\/v2\/media?parent=33123"}],"wp:term":[{"taxonomy":"product_brand","embeddable":true,"href":"https:\/\/myspainfood.com\/sk\/wp-json\/wp\/v2\/product_brand?post=33123"},{"taxonomy":"product_cat","embeddable":true,"href":"https:\/\/myspainfood.com\/sk\/wp-json\/wp\/v2\/product_cat?post=33123"},{"taxonomy":"product_tag","embeddable":true,"href":"https:\/\/myspainfood.com\/sk\/wp-json\/wp\/v2\/product_tag?post=33123"}],"curies":[{"name":"wp","href":"https:\/\/api.w.org\/{rel}","templated":true}]}}