{"id":33406,"date":"2025-04-10T12:08:59","date_gmt":"2025-04-10T10:08:59","guid":{"rendered":"https:\/\/myspainfood.com\/producto\/m-jesus-de-la-hoz-monsalve-2024-verdejo\/"},"modified":"2025-04-10T12:08:59","modified_gmt":"2025-04-10T10:08:59","slug":"m-jesus-de-la-hoz-monsalve-2024-verdejo","status":"publish","type":"product","link":"https:\/\/myspainfood.com\/sk\/producto\/m-jesus-de-la-hoz-monsalve-2024-verdejo\/","title":{"rendered":"M Jesus de La Hoz Monsalve 2024 Verdejo"},"content":{"rendered":"<div class=\"cs-blog-content\">\n<p>Toto v\u00edno je pomenovan\u00e9 na po\u010des\u0165 rodinnej trad\u00edcie zakotvenej vo vin\u00e1rstve. Zariadenia na v\u00fdrobu v\u00edna s\u00fa vybaven\u00e9 najmodernej\u0161ou technol\u00f3giou, aby sa zabezpe\u010dilo, \u017ee mu\u0161t nestrat\u00ed ni\u010d zo svojho odrodov\u00e9ho charakteru. Kvasen\u00edm v n\u00e1dr\u017eiach z nehrdzavej\u00facej ocele sa dosahuje absol\u00fatna kontrola teploty, pri\u010dom sa dodr\u017eiava pr\u00edsna kontrola kvality ka\u017ed\u00e9ho procesu. <\/p>\n<p><strong>Farba<\/strong>: svetl\u00e1 slamov\u00e1.<\/p>\n<p><strong>V\u00f4\u0148a:<\/strong> v\u00fdrazn\u00e1, odrodov\u00e1, \u010derstv\u00e9 ovocie.<\/p>\n<p><strong>Chu\u0165:<\/strong> chutn\u00e1, ovocn\u00e1, svie\u017ea, m\u00e4sit\u00e1.<\/p>\n<\/div>\n<h1><span class=\"vintage\"> <\/span><\/h1>\n","protected":false},"excerpt":{"rendered":"<p>Toto v\u00edno je pomenovan\u00e9 na po\u010des\u0165 rodinnej trad\u00edcie zakotvenej vo vin\u00e1rstve. Zariadenia na v\u00fdrobu v\u00edna s\u00fa vybaven\u00e9 najmodernej\u0161ou technol\u00f3giou, aby sa zabezpe\u010dilo, \u017ee mu\u0161t nestrat\u00ed ni\u010d zo svojho odrodov\u00e9ho charakteru. Kvasen\u00edm v n\u00e1dr\u017eiach z nehrdzavej\u00facej ocele sa dosahuje absol\u00fatna kontrola teploty, pri\u010dom sa dodr\u017eiava pr\u00edsna kontrola kvality ka\u017ed\u00e9ho procesu. Farba: svetl\u00e1 slamov\u00e1. V\u00f4\u0148a: v\u00fdrazn\u00e1, odrodov\u00e1, [&hellip;]<\/p>\n","protected":false},"featured_media":33414,"template":"","meta":{"_et_pb_use_builder":"","_et_pb_old_content":"","_et_gb_content_width":""},"product_brand":[1140],"product_cat":[4860,5248],"product_tag":[7242,7244],"class_list":{"0":"post-33406","1":"product","2":"type-product","3":"status-publish","4":"has-post-thumbnail","6":"product_brand-ladera-de-los-obispos","7":"product_cat-napoje","8":"product_cat-vino-sk-2","9":"product_tag-gotika-sk","10":"product_tag-koleso","12":"first","13":"instock","14":"featured","15":"taxable","16":"shipping-taxable","17":"purchasable","18":"product-type-variable"},"_links":{"self":[{"href":"https:\/\/myspainfood.com\/sk\/wp-json\/wp\/v2\/product\/33406","targetHints":{"allow":["GET"]}}],"collection":[{"href":"https:\/\/myspainfood.com\/sk\/wp-json\/wp\/v2\/product"}],"about":[{"href":"https:\/\/myspainfood.com\/sk\/wp-json\/wp\/v2\/types\/product"}],"wp:featuredmedia":[{"embeddable":true,"href":"https:\/\/myspainfood.com\/sk\/wp-json\/wp\/v2\/media\/33414"}],"wp:attachment":[{"href":"https:\/\/myspainfood.com\/sk\/wp-json\/wp\/v2\/media?parent=33406"}],"wp:term":[{"taxonomy":"product_brand","embeddable":true,"href":"https:\/\/myspainfood.com\/sk\/wp-json\/wp\/v2\/product_brand?post=33406"},{"taxonomy":"product_cat","embeddable":true,"href":"https:\/\/myspainfood.com\/sk\/wp-json\/wp\/v2\/product_cat?post=33406"},{"taxonomy":"product_tag","embeddable":true,"href":"https:\/\/myspainfood.com\/sk\/wp-json\/wp\/v2\/product_tag?post=33406"}],"curies":[{"name":"wp","href":"https:\/\/api.w.org\/{rel}","templated":true}]}}