{"id":33451,"date":"2025-04-10T12:10:14","date_gmt":"2025-04-10T10:10:14","guid":{"rendered":"https:\/\/myspainfood.com\/producto\/kohuty-prirodne-45-65-areoso\/"},"modified":"2025-04-10T12:10:14","modified_gmt":"2025-04-10T10:10:14","slug":"kohuty-prirodne-45-65-areoso","status":"publish","type":"product","link":"https:\/\/myspainfood.com\/sk\/producto\/kohuty-prirodne-45-65-areoso\/","title":{"rendered":"Koh\u00faty pr\u00edrodn\u00e9 45\/65 Areoso"},"content":{"rendered":"<p>V\u00fdrobok: Koh\u00fati 45\/65 kusov.<\/p>\n<p>Zlo\u017eenie: Koh\u00fat, voda a so\u013e<\/p>\n<p>POSTUP PR\u00cdPRAVY: Cockles sa pripravuj\u00fa podobne ako mu\u0161le, hoci nie s\u00fa tak\u00fdm jemn\u00fdm produktom ako mu\u0161le. Postup je nasledovn\u00fd: varia sa vo vode so spr\u00e1vnymi hygienicko-sanit\u00e1rnymi vlastnos\u0165ami. Cel\u00fd proces l\u00fapania a triedenia je automatizovan\u00fd. Potom sa op\u00e4\u0165 umyj\u00fa v hor\u00facej vode a potom sa balia. Potom sa prid\u00e1 krycia tekutina, ktorou je v tomto pr\u00edpade pr\u00edrodn\u00e1 voda. Uzavrie sa a sterilizuje s charakteristick\u00fdmi a vhodn\u00fdmi parametrami pre tento v\u00fdrobok. Potom je pripraven\u00fd na skladovanie a predaj.      <\/p>\n","protected":false},"excerpt":{"rendered":"<p>V\u00fdrobok: Koh\u00fati 45\/65 kusov. Zlo\u017eenie: Koh\u00fat, voda a so\u013e POSTUP PR\u00cdPRAVY: Cockles sa pripravuj\u00fa podobne ako mu\u0161le, hoci nie s\u00fa tak\u00fdm jemn\u00fdm produktom ako mu\u0161le. Postup je nasledovn\u00fd: varia sa vo vode so spr\u00e1vnymi hygienicko-sanit\u00e1rnymi vlastnos\u0165ami. Cel\u00fd proces l\u00fapania a triedenia je automatizovan\u00fd. Potom sa op\u00e4\u0165 umyj\u00fa v hor\u00facej vode a potom sa balia. Potom [&hellip;]<\/p>\n","protected":false},"featured_media":33454,"template":"","meta":{"_et_pb_use_builder":"","_et_pb_old_content":"","_et_gb_content_width":""},"product_brand":[1358,1075],"product_cat":[5668,1979],"product_tag":[],"class_list":{"0":"post-33451","1":"product","2":"type-product","3":"status-publish","4":"has-post-thumbnail","6":"product_brand-areoso","7":"product_brand-oti","8":"product_cat-kohuty","9":"product_cat-zachovava-sk","11":"first","12":"outofstock","13":"sale","14":"taxable","15":"shipping-taxable","16":"purchasable","17":"product-type-simple"},"_links":{"self":[{"href":"https:\/\/myspainfood.com\/sk\/wp-json\/wp\/v2\/product\/33451","targetHints":{"allow":["GET"]}}],"collection":[{"href":"https:\/\/myspainfood.com\/sk\/wp-json\/wp\/v2\/product"}],"about":[{"href":"https:\/\/myspainfood.com\/sk\/wp-json\/wp\/v2\/types\/product"}],"wp:featuredmedia":[{"embeddable":true,"href":"https:\/\/myspainfood.com\/sk\/wp-json\/wp\/v2\/media\/33454"}],"wp:attachment":[{"href":"https:\/\/myspainfood.com\/sk\/wp-json\/wp\/v2\/media?parent=33451"}],"wp:term":[{"taxonomy":"product_brand","embeddable":true,"href":"https:\/\/myspainfood.com\/sk\/wp-json\/wp\/v2\/product_brand?post=33451"},{"taxonomy":"product_cat","embeddable":true,"href":"https:\/\/myspainfood.com\/sk\/wp-json\/wp\/v2\/product_cat?post=33451"},{"taxonomy":"product_tag","embeddable":true,"href":"https:\/\/myspainfood.com\/sk\/wp-json\/wp\/v2\/product_tag?post=33451"}],"curies":[{"name":"wp","href":"https:\/\/api.w.org\/{rel}","templated":true}]}}