{"id":33639,"date":"2025-04-10T12:09:55","date_gmt":"2025-04-10T10:09:55","guid":{"rendered":"https:\/\/myspainfood.com\/producto\/vermut-los-cantabros-075l-so-solerou-od-igarmi-60-jednotiek\/"},"modified":"2025-04-10T12:09:55","modified_gmt":"2025-04-10T10:09:55","slug":"vermut-los-cantabros-075l-so-solerou-od-igarmi-60-jednotiek","status":"publish","type":"product","link":"https:\/\/myspainfood.com\/sk\/producto\/vermut-los-cantabros-075l-so-solerou-od-igarmi-60-jednotiek\/","title":{"rendered":"Vermut Los C\u00e1ntabros 0,75l so solerou od Igarmi 60 jednotiek"},"content":{"rendered":"<p>Verm\u00fa los C\u00e1ntabros je poctou v\u0161etk\u00fdm t\u00fdm mu\u017eom a \u017een\u00e1m, ktor\u00ed vedeli, ako zachova\u0165 a \u0161\u00edri\u0165 na\u0161u kult\u00faru.<\/p>\n<p>Aj na\u0161e korene a trad\u00edcie, sprev\u00e1dzan\u00e9 jarmokmi, festivalmi, hrami a gastron\u00f3miou, od mora a\u017e po hory na\u0161ej milovanej Kant\u00e1brie.<\/p>\n<p>Tento produkt pln\u00ed do flia\u0161 spolo\u010dnos\u0165 <a href=\"https:\/\/bodegasigarmi.es\/mayoristas-de-bebidas-en-cantabria\/\" target=\"_blank\" rel=\"noopener noreferrer nofollow\">Bodegas Igarmi <\/a>.  <\/p>\n<p>Bodegas Igarmi je s\u00fa\u010dasnos\u0165ou trad\u00edcie, ktor\u00e1 sa od roku 1890 vyzna\u010duje kvalitou a slu\u017ebami z\u00e1kazn\u00edkom.<\/p>\n<p>Rodinn\u00e1 firma, ktorej v\u00e1\u0161e\u0148 a oddanos\u0165 v\u00ednu umo\u017enili st\u00e1\u010da\u0165 a pred\u00e1va\u0165 v\u00edna s bezkonkuren\u010dn\u00fdm pomerom kvality a ceny, ktor\u00e9 s\u00fa na trhu a u spotrebite\u013eov vysoko cenen\u00e9.<\/p>\n<p>Bodegas Igarmi m\u00e1 v meste\u010dku Heras priestory s rozlohou 3000 m\u00b2 a skladovacou kapacitou pribli\u017ene jeden mili\u00f3n litrov.<\/p>\n<p>Je to z\u00e1rove\u0148 najv\u00e4\u010d\u0161ie vin\u00e1rstvo v Kant\u00e1brii.<\/p>\n<p>Je to skvel\u00fd t\u00edm viac ako 30 \u013eud\u00ed, ktor\u00ed sa sna\u017eia poskytova\u0165 z\u00e1kazn\u00edkom tie najlep\u0161ie produkty a najlep\u0161ie slu\u017eby, ktor\u00fdmi sa vyzna\u010dujeme.<\/p>\n<p>&nbsp;<\/p>\n","protected":false},"excerpt":{"rendered":"<p>Verm\u00fa los C\u00e1ntabros je poctou v\u0161etk\u00fdm t\u00fdm mu\u017eom a \u017een\u00e1m, ktor\u00ed vedeli, ako zachova\u0165 a \u0161\u00edri\u0165 na\u0161u kult\u00faru. Aj na\u0161e korene a trad\u00edcie, sprev\u00e1dzan\u00e9 jarmokmi, festivalmi, hrami a gastron\u00f3miou, od mora a\u017e po hory na\u0161ej milovanej Kant\u00e1brie. Tento produkt pln\u00ed do flia\u0161 spolo\u010dnos\u0165 Bodegas Igarmi . Bodegas Igarmi je s\u00fa\u010dasnos\u0165ou trad\u00edcie, ktor\u00e1 sa od roku [&hellip;]<\/p>\n","protected":false},"featured_media":27252,"template":"","meta":{"_et_pb_use_builder":"","_et_pb_old_content":"","_et_gb_content_width":""},"product_brand":[1244,1245],"product_cat":[7366,2872],"product_tag":[5782],"class_list":{"0":"post-33639","1":"product","2":"type-product","3":"status-publish","4":"has-post-thumbnail","6":"product_brand-igarmi","7":"product_brand-los-cantabros","8":"product_cat-napoje-sk","9":"product_cat-velkoobchod","10":"product_tag-igarmi-sk","12":"first","13":"instock","14":"taxable","15":"shipping-taxable","16":"purchasable","17":"product-type-simple"},"_links":{"self":[{"href":"https:\/\/myspainfood.com\/sk\/wp-json\/wp\/v2\/product\/33639","targetHints":{"allow":["GET"]}}],"collection":[{"href":"https:\/\/myspainfood.com\/sk\/wp-json\/wp\/v2\/product"}],"about":[{"href":"https:\/\/myspainfood.com\/sk\/wp-json\/wp\/v2\/types\/product"}],"wp:featuredmedia":[{"embeddable":true,"href":"https:\/\/myspainfood.com\/sk\/wp-json\/wp\/v2\/media\/27252"}],"wp:attachment":[{"href":"https:\/\/myspainfood.com\/sk\/wp-json\/wp\/v2\/media?parent=33639"}],"wp:term":[{"taxonomy":"product_brand","embeddable":true,"href":"https:\/\/myspainfood.com\/sk\/wp-json\/wp\/v2\/product_brand?post=33639"},{"taxonomy":"product_cat","embeddable":true,"href":"https:\/\/myspainfood.com\/sk\/wp-json\/wp\/v2\/product_cat?post=33639"},{"taxonomy":"product_tag","embeddable":true,"href":"https:\/\/myspainfood.com\/sk\/wp-json\/wp\/v2\/product_tag?post=33639"}],"curies":[{"name":"wp","href":"https:\/\/api.w.org\/{rel}","templated":true}]}}