{"id":33773,"date":"2025-04-10T12:09:55","date_gmt":"2025-04-10T10:09:55","guid":{"rendered":"https:\/\/myspainfood.com\/producto\/filety-z-melva-de-andalucia-canutera-v-olivovom-oleji\/"},"modified":"2025-04-10T12:09:55","modified_gmt":"2025-04-10T10:09:55","slug":"filety-z-melva-de-andalucia-canutera-v-olivovom-oleji","status":"publish","type":"product","link":"https:\/\/myspainfood.com\/sk\/producto\/filety-z-melva-de-andalucia-canutera-v-olivovom-oleji\/","title":{"rendered":"Filety z Melva de Andalucia Canutera v olivovom oleji"},"content":{"rendered":"<p>Spolo\u010dnos\u0165 PESASUR nepou\u017e\u00edva po\u010das v\u00fdrobn\u00e9ho procesu \u017eiadne chemick\u00e9 pr\u00edpravky a sk\u00fasenosti pracovnej sily, ktor\u00e1 makrelov\u00e9 fil\u00e9 spracov\u00e1va u\u017e po cel\u00e9 gener\u00e1cie, zaru\u010duj\u00fa dokonal\u00fa \u010distotu r\u00fdb a vynikaj\u00facu prezent\u00e1ciu fil\u00e9 v n\u00e1dob\u00e1ch a konzerv\u00e1ch v\u0161etk\u00fdch form\u00e1tov.<\/p>\n<h4>Hlavn\u00e9 v\u00fdhody konzervovan\u00fdch potrav\u00edn<\/h4>\n<ol>\n<li>Zachov\u00e1vaj\u00fa v\u0161etky v\u00fd\u017eivov\u00e9 vlastnosti samotnej potraviny. Potraviny si zachov\u00e1vaj\u00fa svoju \u010derstvos\u0165. <\/li>\n<li>Pou\u017eit\u00e9 potraviny s\u00fa zdrav\u00e9, a preto vhodn\u00e9 pre optim\u00e1lnu stravu v\u010faka vysok\u00e9mu obsahu vitam\u00ednov a bielkov\u00edn.<\/li>\n<li>Tieto v\u00fdrobky maj\u00fa dlh\u0161iu \u017eivotnos\u0165 (zvy\u010dajne 2-5 rokov).<\/li>\n<li>Konzervy sa ve\u013emi \u013eahko skladuj\u00fa, preto\u017ee ich balenie sa \u013eahko aplikuje.<\/li>\n<\/ol>\n<p>Ak si chcete k\u00fapi\u0165 andal\u00fazsku makrelu alebo ak\u00fdko\u013evek in\u00fd druh <a href=\"https:\/\/latiendadesami.com\/categoria-producto\/conservas\/\" rel=\"noopener noreferrer nofollow\" target=\"_blank\">konzervy<\/a>, nev\u00e1hajte a pozrite si n\u00e1\u0161 online katal\u00f3g, v ktorom n\u00e1jdete \u0161irok\u00fa ponuku <a href=\"https:\/\/latiendadesami.com\/categoria-producto\/conservas\/atun-y-bonito\/\" target=\"_blank\" rel=\"noopener noreferrer nofollow\">tuniakov<\/a>.<\/p>\n<p>Nap\u00ed\u0161te n\u00e1m o viac inform\u00e1ci\u00ed.<\/p>\n","protected":false},"excerpt":{"rendered":"<p>Andal\u00fazsky olivov\u00fd olej z makrely<\/p>\n","protected":false},"featured_media":33779,"template":"","meta":{"_et_pb_use_builder":"","_et_pb_old_content":"","_et_gb_content_width":""},"product_brand":[1205],"product_cat":[7445,1979],"product_tag":[],"class_list":{"0":"post-33773","1":"product","2":"type-product","3":"status-publish","4":"has-post-thumbnail","6":"product_brand-pesasur","7":"product_cat-melva-sk","8":"product_cat-zachovava-sk","10":"first","11":"outofstock","12":"taxable","13":"shipping-taxable","14":"product-type-variable"},"_links":{"self":[{"href":"https:\/\/myspainfood.com\/sk\/wp-json\/wp\/v2\/product\/33773","targetHints":{"allow":["GET"]}}],"collection":[{"href":"https:\/\/myspainfood.com\/sk\/wp-json\/wp\/v2\/product"}],"about":[{"href":"https:\/\/myspainfood.com\/sk\/wp-json\/wp\/v2\/types\/product"}],"wp:featuredmedia":[{"embeddable":true,"href":"https:\/\/myspainfood.com\/sk\/wp-json\/wp\/v2\/media\/33779"}],"wp:attachment":[{"href":"https:\/\/myspainfood.com\/sk\/wp-json\/wp\/v2\/media?parent=33773"}],"wp:term":[{"taxonomy":"product_brand","embeddable":true,"href":"https:\/\/myspainfood.com\/sk\/wp-json\/wp\/v2\/product_brand?post=33773"},{"taxonomy":"product_cat","embeddable":true,"href":"https:\/\/myspainfood.com\/sk\/wp-json\/wp\/v2\/product_cat?post=33773"},{"taxonomy":"product_tag","embeddable":true,"href":"https:\/\/myspainfood.com\/sk\/wp-json\/wp\/v2\/product_tag?post=33773"}],"curies":[{"name":"wp","href":"https:\/\/api.w.org\/{rel}","templated":true}]}}