{"id":33903,"date":"2025-04-10T12:10:21","date_gmt":"2025-04-10T10:10:21","guid":{"rendered":"https:\/\/myspainfood.com\/producto\/musle-v-olivovom-oleji-areoso-115-g\/"},"modified":"2025-04-10T12:10:21","modified_gmt":"2025-04-10T10:10:21","slug":"musle-v-olivovom-oleji-areoso-115-g","status":"publish","type":"product","link":"https:\/\/myspainfood.com\/sk\/producto\/musle-v-olivovom-oleji-areoso-115-g\/","title":{"rendered":"Mu\u0161le v olivovom oleji Areoso 115 g"},"content":{"rendered":"<p>V\u00fdrobok: Mu\u0161le v olivovom oleji<\/p>\n<p>\u0160pecifik\u00e1cie: Mu\u0161le druhu Ensis arcuatus z gal\u00edcijsk\u00fdch Rias, homog\u00e9nnej ve\u013ekosti, v olivovom oleji. \u010cisten\u00e9 a ru\u010dne vyberan\u00e9 v ka\u017edej plechovke. <\/p>\n<p>Zlo\u017eenie: 56,5 %, olivov\u00fd olej 43,5 % a so\u013e.<\/p>\n<p>V\u00fdrobn\u00fd proces: \u0160keble \u017eiletkov\u00e9 zozbieran\u00e9 v galicijsk\u00fdch riasach, rovnako ako ostatn\u00e9 m\u00e4kk\u00fd\u0161e, prech\u00e1dzaj\u00fa hne\u010f po vstupe do z\u00e1vodu procesom \u010distenia. Potom sa uvaria vo vode so spr\u00e1vnymi hygienick\u00fdmi a sanit\u00e1rnymi vlastnos\u0165ami, m\u00e4kk\u00fd\u0161e sa otvoria a potom sa ru\u010dne l\u00fapu, pri\u010dom sa db\u00e1 na to, aby sa nerozbili. Potom sa op\u00e4\u0165 umyj\u00fa v teplej slanej vode a zabalia. N\u00e1sledne sa oba\u013euj\u00fa olivov\u00fdm olejom, aby sa vytvorila jemn\u00e1 \u0161trukt\u00fara a intenz\u00edvna chu\u0165. N\u00e1doby sa uzavr\u00fa a sterilizuj\u00fa s charakteristick\u00fdmi a vhodn\u00fdmi parametrami pre tento v\u00fdrobok, \u010d\u00edm sa vytvor\u00ed dokonal\u00e1 atmosf\u00e9ra na dlhoro\u010dn\u00e9 uchov\u00e1vanie bez ak\u00fdchko\u013evek konzerva\u010dn\u00fdch l\u00e1tok alebo umel\u00fdch pr\u00edsad. Potom je pripraven\u00fd na skladovanie a predaj.     <\/p>\n","protected":false},"excerpt":{"rendered":"<p>V\u00fdrobok: Mu\u0161le v olivovom oleji \u0160pecifik\u00e1cie: Mu\u0161le druhu Ensis arcuatus z gal\u00edcijsk\u00fdch Rias, homog\u00e9nnej ve\u013ekosti, v olivovom oleji. \u010cisten\u00e9 a ru\u010dne vyberan\u00e9 v ka\u017edej plechovke. Zlo\u017eenie: 56,5 %, olivov\u00fd olej 43,5 % a so\u013e. V\u00fdrobn\u00fd proces: \u0160keble \u017eiletkov\u00e9 zozbieran\u00e9 v galicijsk\u00fdch riasach, rovnako ako ostatn\u00e9 m\u00e4kk\u00fd\u0161e, prech\u00e1dzaj\u00fa hne\u010f po vstupe do z\u00e1vodu procesom \u010distenia. Potom [&hellip;]<\/p>\n","protected":false},"featured_media":33909,"template":"","meta":{"_et_pb_use_builder":"","_et_pb_old_content":"","_et_gb_content_width":""},"product_brand":[1358],"product_cat":[1979,7570],"product_tag":[],"class_list":{"0":"post-33903","1":"product","2":"type-product","3":"status-publish","4":"has-post-thumbnail","6":"product_brand-areoso","7":"product_cat-zachovava-sk","8":"product_cat-ziletky","10":"first","11":"outofstock","12":"taxable","13":"shipping-taxable","14":"product-type-variable"},"_links":{"self":[{"href":"https:\/\/myspainfood.com\/sk\/wp-json\/wp\/v2\/product\/33903","targetHints":{"allow":["GET"]}}],"collection":[{"href":"https:\/\/myspainfood.com\/sk\/wp-json\/wp\/v2\/product"}],"about":[{"href":"https:\/\/myspainfood.com\/sk\/wp-json\/wp\/v2\/types\/product"}],"wp:featuredmedia":[{"embeddable":true,"href":"https:\/\/myspainfood.com\/sk\/wp-json\/wp\/v2\/media\/33909"}],"wp:attachment":[{"href":"https:\/\/myspainfood.com\/sk\/wp-json\/wp\/v2\/media?parent=33903"}],"wp:term":[{"taxonomy":"product_brand","embeddable":true,"href":"https:\/\/myspainfood.com\/sk\/wp-json\/wp\/v2\/product_brand?post=33903"},{"taxonomy":"product_cat","embeddable":true,"href":"https:\/\/myspainfood.com\/sk\/wp-json\/wp\/v2\/product_cat?post=33903"},{"taxonomy":"product_tag","embeddable":true,"href":"https:\/\/myspainfood.com\/sk\/wp-json\/wp\/v2\/product_tag?post=33903"}],"curies":[{"name":"wp","href":"https:\/\/api.w.org\/{rel}","templated":true}]}}