{"id":34055,"date":"2025-04-10T12:09:58","date_gmt":"2025-04-10T10:09:58","guid":{"rendered":"https:\/\/myspainfood.com\/producto\/banderillas-extra-pikantne-chicon-900-gramov-balenie-6-kusov\/"},"modified":"2025-04-10T12:09:58","modified_gmt":"2025-04-10T10:09:58","slug":"banderillas-extra-pikantne-chicon-900-gramov-balenie-6-kusov","status":"publish","type":"product","link":"https:\/\/myspainfood.com\/sk\/producto\/banderillas-extra-pikantne-chicon-900-gramov-balenie-6-kusov\/","title":{"rendered":"Banderillas Extra (pikantn\u00e9) Chic\u00f3n 900 gramov balenie 6 kusov"},"content":{"rendered":"<p>Banderillas extra picantes s\u00fa <a href=\"https:\/\/aceitunaschiconlebron.com\/catalogo\/banderillas-picantes\/\" target=\"_blank\" rel=\"noopener noreferrer nofollow\">uhorky, ktor\u00e9<\/a> sa v mnoh\u00fdch k\u00fatoch na\u0161ej krajiny konzumuj\u00fa ka\u017ed\u00fd de\u0148 ako predjedlo.<\/p>\n<p>Zmes chut\u00ed, ktor\u00fa poskytuj\u00fa jej ingrediencie, spolu s pr\u00edmesou octu a \u0161tip\u013eavos\u0165ou chilli dod\u00e1va chuti na\u0161ich pikantn\u00fdch bander\u00edl zvl\u00e1\u0161tnu chu\u0165.<\/p>\n<p>Pikantn\u00e9 banderily sa zvy\u010dajne skladaj\u00fa z uhoriek, chilli, cibule, ol\u00edv a papriky. Preto je zmes t\u00fdchto chut\u00ed tak\u00e1 vynikaj\u00faca. <\/p>\n<h3><strong>V\u00fdhody extra pikantn\u00fdch Banderillas<\/strong><\/h3>\n<p>Vedeli ste o v\u00fdhod\u00e1ch pikantn\u00fdch bander\u00edl a uhoriek v\u0161eobecne? Tu je zoznam t\u00fdch najd\u00f4le\u017eitej\u0161\u00edch: <\/p>\n<ul>\n<li>Bohat\u00fd na probiotik\u00e1.<\/li>\n<li>Napom\u00e1haj\u00fa tr\u00e1veniu.<\/li>\n<li>Posil\u0148uj\u00fa imunitn\u00fd syst\u00e9m.<\/li>\n<li>Zni\u017euj\u00fa chu\u0165 na cukor.<\/li>\n<li>Priaznivo p\u00f4sob\u00ed na \u017el\u010dn\u00edk.<\/li>\n<\/ul>\n<p>&nbsp;<\/p>\n<p>Ak si chcete k\u00fapi\u0165 olivy alebo in\u00fd druh <a href=\"https:\/\/latiendadesami.com\/categoria-producto\/encurtidos\/\" rel=\"noopener noreferrer nofollow\" target=\"_blank\">uhoriek<\/a>, nev\u00e1hajte a pozrite si n\u00e1\u0161 online katal\u00f3g, v ktorom n\u00e1jdete \u0161irok\u00fa ponuku <a href=\"https:\/\/latiendadesami.com\/categoria-producto\/encurtidos\/aceitunas\/\" target=\"_blank\" rel=\"noopener noreferrer nofollow\">ol\u00edv<\/a>.<\/p>\n","protected":false},"excerpt":{"rendered":"<p>banderillas picante<\/p>\n<p>Z\u00e1vis\u00ed od mno\u017estva<\/p>\n","protected":false},"featured_media":34060,"template":"","meta":{"_et_pb_use_builder":"","_et_pb_old_content":"","_et_gb_content_width":""},"product_brand":[1036],"product_cat":[3094,2872],"product_tag":[4113,2089],"class_list":{"0":"post-34055","1":"product","2":"type-product","3":"status-publish","4":"has-post-thumbnail","6":"product_brand-chicon","7":"product_cat-uhorky-sk-2","8":"product_cat-velkoobchod","9":"product_tag-extra-sk","10":"product_tag-pikantne","12":"first","13":"instock","14":"taxable","15":"shipping-taxable","16":"purchasable","17":"product-type-variable"},"_links":{"self":[{"href":"https:\/\/myspainfood.com\/sk\/wp-json\/wp\/v2\/product\/34055","targetHints":{"allow":["GET"]}}],"collection":[{"href":"https:\/\/myspainfood.com\/sk\/wp-json\/wp\/v2\/product"}],"about":[{"href":"https:\/\/myspainfood.com\/sk\/wp-json\/wp\/v2\/types\/product"}],"wp:featuredmedia":[{"embeddable":true,"href":"https:\/\/myspainfood.com\/sk\/wp-json\/wp\/v2\/media\/34060"}],"wp:attachment":[{"href":"https:\/\/myspainfood.com\/sk\/wp-json\/wp\/v2\/media?parent=34055"}],"wp:term":[{"taxonomy":"product_brand","embeddable":true,"href":"https:\/\/myspainfood.com\/sk\/wp-json\/wp\/v2\/product_brand?post=34055"},{"taxonomy":"product_cat","embeddable":true,"href":"https:\/\/myspainfood.com\/sk\/wp-json\/wp\/v2\/product_cat?post=34055"},{"taxonomy":"product_tag","embeddable":true,"href":"https:\/\/myspainfood.com\/sk\/wp-json\/wp\/v2\/product_tag?post=34055"}],"curies":[{"name":"wp","href":"https:\/\/api.w.org\/{rel}","templated":true}]}}