{"id":34177,"date":"2025-04-10T12:09:58","date_gmt":"2025-04-10T10:09:58","guid":{"rendered":"https:\/\/myspainfood.com\/producto\/chicon-extra-olivy-uhorky-900-gramov-balenie-6-kusov\/"},"modified":"2025-04-10T12:09:58","modified_gmt":"2025-04-10T10:09:58","slug":"chicon-extra-olivy-uhorky-900-gramov-balenie-6-kusov","status":"publish","type":"product","link":"https:\/\/myspainfood.com\/sk\/producto\/chicon-extra-olivy-uhorky-900-gramov-balenie-6-kusov\/","title":{"rendered":"Chic\u00f3n Extra olivy uhorky 900 gramov balenie 6 kusov"},"content":{"rendered":"<p>Uhorky <a href=\"https:\/\/aceitunaschiconlebron.com\/\" target=\"_blank\" rel=\"noopener noreferrer nofollow\">Chic\u00f3n<\/a> Extra sa vyr\u00e1baj\u00fa v meste Antequera v Malage.<\/p>\n<p>Vyr\u00e1baj\u00fa sa pod\u013ea tradi\u010dn\u00e9ho receptu a tradi\u010dn\u00fdm sp\u00f4sobom.<\/p>\n<p>S\u00fa to mimoriadne mal\u00e9, jemn\u00e9 uhorky s \u013eahk\u00fdm a chutn\u00fdm octov\u00fdm n\u00e1dychom.<\/p>\n<p>Zmes chut\u00ed, ktor\u00e9 poskytuj\u00fa ingrediencie spolu s pr\u00edmesou octu, mu dod\u00e1va zvl\u00e1\u0161tnu chu\u0165, ktor\u00e1 je ve\u013emi pr\u00edjemn\u00e1 pre chu\u0165ov\u00e9 bunky.<\/p>\n<p>Uhorky s\u00fa ob\u010derstven\u00edm, ktor\u00e9 posil\u0148uje imunitn\u00fd syst\u00e9m, \u010do znamen\u00e1, \u017ee podporuj\u00fa obranyschopnos\u0165 organizmu a celkov\u00e9 zdravie.<\/p>\n<h3><strong>V\u00fdhody extra uhoriek<\/strong><\/h3>\n<p>Vedeli ste o v\u00fdhod\u00e1ch nakladan\u00fdch uhoriek vo v\u0161eobecnosti? Tu je zoznam t\u00fdch najd\u00f4le\u017eitej\u0161\u00edch: <\/p>\n<ul>\n<li>Bohat\u00fd na probiotik\u00e1.<\/li>\n<li>Napom\u00e1haj\u00fa tr\u00e1veniu.<\/li>\n<li>Posil\u0148uj\u00fa imunitn\u00fd syst\u00e9m.<\/li>\n<li>Zni\u017euj\u00fa chu\u0165 na cukor.<\/li>\n<li>Priaznivo p\u00f4sob\u00ed na \u017el\u010dn\u00edk.<\/li>\n<\/ul>\n<p>Ak si chcete k\u00fapi\u0165 olivy alebo in\u00fd druh <a href=\"https:\/\/latiendadesami.com\/categoria-producto\/encurtidos\/\" rel=\"noopener noreferrer nofollow\" target=\"_blank\">uhoriek<\/a>, nev\u00e1hajte a pozrite si n\u00e1\u0161 online katal\u00f3g, v ktorom n\u00e1jdete \u0161irok\u00fa ponuku <a href=\"https:\/\/latiendadesami.com\/categoria-producto\/encurtidos\/pepinillos\/\" target=\"_blank\" rel=\"noopener noreferrer nofollow\">ol\u00edv<\/a>.<\/p>\n","protected":false},"excerpt":{"rendered":"<p>Uhorky Chic\u00f3n Extra sa vyr\u00e1baj\u00fa v meste Antequera v Malage. Vyr\u00e1baj\u00fa sa pod\u013ea tradi\u010dn\u00e9ho receptu a tradi\u010dn\u00fdm sp\u00f4sobom. S\u00fa to mimoriadne mal\u00e9, jemn\u00e9 uhorky s \u013eahk\u00fdm a chutn\u00fdm octov\u00fdm n\u00e1dychom. Zmes chut\u00ed, ktor\u00e9 poskytuj\u00fa ingrediencie spolu s pr\u00edmesou octu, mu dod\u00e1va zvl\u00e1\u0161tnu chu\u0165, ktor\u00e1 je ve\u013emi pr\u00edjemn\u00e1 pre chu\u0165ov\u00e9 bunky. Uhorky s\u00fa ob\u010derstven\u00edm, ktor\u00e9 posil\u0148uje [&hellip;]<\/p>\n","protected":false},"featured_media":22740,"template":"","meta":{"_et_pb_use_builder":"","_et_pb_old_content":"","_et_gb_content_width":""},"product_brand":[1036],"product_cat":[3094,2872],"product_tag":[4113],"class_list":{"0":"post-34177","1":"product","2":"type-product","3":"status-publish","4":"has-post-thumbnail","6":"product_brand-chicon","7":"product_cat-uhorky-sk-2","8":"product_cat-velkoobchod","9":"product_tag-extra-sk","11":"first","12":"outofstock","13":"taxable","14":"shipping-taxable","15":"purchasable","16":"product-type-variable"},"_links":{"self":[{"href":"https:\/\/myspainfood.com\/sk\/wp-json\/wp\/v2\/product\/34177","targetHints":{"allow":["GET"]}}],"collection":[{"href":"https:\/\/myspainfood.com\/sk\/wp-json\/wp\/v2\/product"}],"about":[{"href":"https:\/\/myspainfood.com\/sk\/wp-json\/wp\/v2\/types\/product"}],"wp:featuredmedia":[{"embeddable":true,"href":"https:\/\/myspainfood.com\/sk\/wp-json\/wp\/v2\/media\/22740"}],"wp:attachment":[{"href":"https:\/\/myspainfood.com\/sk\/wp-json\/wp\/v2\/media?parent=34177"}],"wp:term":[{"taxonomy":"product_brand","embeddable":true,"href":"https:\/\/myspainfood.com\/sk\/wp-json\/wp\/v2\/product_brand?post=34177"},{"taxonomy":"product_cat","embeddable":true,"href":"https:\/\/myspainfood.com\/sk\/wp-json\/wp\/v2\/product_cat?post=34177"},{"taxonomy":"product_tag","embeddable":true,"href":"https:\/\/myspainfood.com\/sk\/wp-json\/wp\/v2\/product_tag?post=34177"}],"curies":[{"name":"wp","href":"https:\/\/api.w.org\/{rel}","templated":true}]}}