{"id":34243,"date":"2025-04-10T12:10:12","date_gmt":"2025-04-10T10:10:12","guid":{"rendered":"https:\/\/myspainfood.com\/producto\/norsky-udeny-losos-port-faroe-600-g\/"},"modified":"2025-06-24T13:41:01","modified_gmt":"2025-06-24T11:41:01","slug":"norsky-udeny-losos-port-faroe-600-g","status":"publish","type":"product","link":"https:\/\/myspainfood.com\/sk\/producto\/norsky-udeny-losos-port-faroe-600-g\/","title":{"rendered":"N\u00f3rsky \u00faden\u00fd losos Port Faroe 600 g"},"content":{"rendered":"<p>\u00dadenie je technika pou\u017e\u00edvan\u00e1 na konzervovanie potrav\u00edn.<\/p>\n<p> Spo\u010d\u00edva v tom, \u017ee sa potraviny vystavuj\u00fa zdroju dymu, ktor\u00fd poch\u00e1dza z oh\u0148a z dreva s n\u00edzkym obsahom \u017eivice.<\/p>\n<p> Tento proces im okrem konzerv\u00e1cie dod\u00e1va aj \u0161pecifick\u00fa dymov\u00fa chu\u0165.<\/p>\n<p> \u00daden\u00fd losos je potravina z\u00edskan\u00e1 vystaven\u00edm lososa vy\u0161\u0161ie op\u00edsan\u00e9mu dymu, ktor\u00fd mu dod\u00e1va dlh\u0161\u00ed \u010das konzerv\u00e1cie a odli\u0161n\u00fa a charakteristick\u00fa chu\u0165.<\/p>\n<p>&nbsp;<\/p>\n","protected":false},"excerpt":{"rendered":"<p>\u00dadenie je technika pou\u017e\u00edvan\u00e1 na konzervovanie potrav\u00edn. Spo\u010d\u00edva v tom, \u017ee sa potraviny vystavuj\u00fa zdroju dymu, ktor\u00fd poch\u00e1dza z oh\u0148a z dreva s n\u00edzkym obsahom \u017eivice. Tento proces im okrem konzerv\u00e1cie dod\u00e1va aj \u0161pecifick\u00fa dymov\u00fa chu\u0165. \u00daden\u00fd losos je potravina z\u00edskan\u00e1 vystaven\u00edm lososa vy\u0161\u0161ie op\u00edsan\u00e9mu dymu, ktor\u00fd mu dod\u00e1va dlh\u0161\u00ed \u010das konzerv\u00e1cie a odli\u0161n\u00fa a [&hellip;]<\/p>\n","protected":false},"featured_media":34253,"template":"","meta":{"_et_pb_use_builder":"","_et_pb_old_content":"","_et_gb_content_width":""},"product_brand":[1361],"product_cat":[7710,1820,7709],"product_tag":[],"class_list":{"0":"post-34243","1":"product","2":"type-product","3":"status-publish","4":"has-post-thumbnail","6":"product_brand-ahumados-fernandez-molina","7":"product_cat-losos-sk","8":"product_cat-studena","9":"product_cat-vianocny-special","10":"product_shipping_class-zasielka-za-studena","12":"first","13":"instock","14":"sale","15":"taxable","16":"shipping-taxable","17":"purchasable","18":"product-type-variable"},"_links":{"self":[{"href":"https:\/\/myspainfood.com\/sk\/wp-json\/wp\/v2\/product\/34243","targetHints":{"allow":["GET"]}}],"collection":[{"href":"https:\/\/myspainfood.com\/sk\/wp-json\/wp\/v2\/product"}],"about":[{"href":"https:\/\/myspainfood.com\/sk\/wp-json\/wp\/v2\/types\/product"}],"wp:featuredmedia":[{"embeddable":true,"href":"https:\/\/myspainfood.com\/sk\/wp-json\/wp\/v2\/media\/34253"}],"wp:attachment":[{"href":"https:\/\/myspainfood.com\/sk\/wp-json\/wp\/v2\/media?parent=34243"}],"wp:term":[{"taxonomy":"product_brand","embeddable":true,"href":"https:\/\/myspainfood.com\/sk\/wp-json\/wp\/v2\/product_brand?post=34243"},{"taxonomy":"product_cat","embeddable":true,"href":"https:\/\/myspainfood.com\/sk\/wp-json\/wp\/v2\/product_cat?post=34243"},{"taxonomy":"product_tag","embeddable":true,"href":"https:\/\/myspainfood.com\/sk\/wp-json\/wp\/v2\/product_tag?post=34243"}],"curies":[{"name":"wp","href":"https:\/\/api.w.org\/{rel}","templated":true}]}}