{"id":34667,"date":"2025-04-10T12:10:13","date_gmt":"2025-04-10T10:10:13","guid":{"rendered":"https:\/\/myspainfood.com\/producto\/syr-flor-de-esgueva-viejo-32-kg\/"},"modified":"2025-06-24T13:43:25","modified_gmt":"2025-06-24T11:43:25","slug":"syr-flor-de-esgueva-viejo-32-kg","status":"publish","type":"product","link":"https:\/\/myspainfood.com\/sk\/producto\/syr-flor-de-esgueva-viejo-32-kg\/","title":{"rendered":"Syr Flor de Esgueva Viejo 3,2 kg"},"content":{"rendered":"<div class=\"et_pb_blurb_container\">\n<div class=\"et_pb_blurb_container\">\n<h1 class=\"vc_custom_heading\">Kvetina Esgueva Viejo<\/h1>\n<p class=\"vc_custom_heading us_custom_c587e30b\">Vyr\u00e1ba sa len zo surov\u00e9ho ov\u010dieho mlieka a zreje v pr\u00edrodnej k\u00f4re minim\u00e1lne 7 mesiacov.<\/p>\n<div class=\"wpb_text_column us_custom_afe9a513\">\n<div class=\"wpb_wrapper\">\n<p>Je to dokonalos\u0165, pokia\u013e ide o intenzitu a \u0161trukt\u00faru. Je to ve\u013emi vhodn\u00fd syr pre milovn\u00edkov syrov, ktor\u00ed maj\u00fa radi pru\u017en\u00fa a takmer rozt\u00e1paj\u00facu sa konzistenciu, ale bez toho, aby stratili \u010dist\u00fa ov\u010diu chu\u0165 a intenzitu v \u00fastach. M\u00e1 dlh\u00fa a dlhotrvaj\u00facu dochu\u0165, ktor\u00e1 zanech\u00e1va pr\u00edjemn\u00fd pocit e\u0161te nieko\u013eko min\u00fat.  <\/p>\n<\/div>\n<\/div>\n<\/div>\n<\/div>\n","protected":false},"excerpt":{"rendered":"<p>Kvetina Esgueva Viejo Vyr\u00e1ba sa len zo surov\u00e9ho ov\u010dieho mlieka a zreje v pr\u00edrodnej k\u00f4re minim\u00e1lne 7 mesiacov. Je to dokonalos\u0165, pokia\u013e ide o intenzitu a \u0161trukt\u00faru. Je to ve\u013emi vhodn\u00fd syr pre milovn\u00edkov syrov, ktor\u00ed maj\u00fa radi pru\u017en\u00fa a takmer rozt\u00e1paj\u00facu sa konzistenciu, ale bez toho, aby stratili \u010dist\u00fa ov\u010diu chu\u0165 a intenzitu v [&hellip;]<\/p>\n","protected":false},"featured_media":34677,"template":"","meta":{"_et_pb_use_builder":"","_et_pb_old_content":"","_et_gb_content_width":""},"product_brand":[1367],"product_cat":[2734,1820,2264],"product_tag":[],"class_list":{"0":"post-34667","1":"product","2":"type-product","3":"status-publish","4":"has-post-thumbnail","6":"product_brand-flor-de-esgueva","7":"product_cat-liecba","8":"product_cat-studena","9":"product_cat-syr-a-klobasa","10":"product_shipping_class-zasielka-za-studena","12":"first","13":"outofstock","14":"taxable","15":"shipping-taxable","16":"purchasable","17":"product-type-variable"},"_links":{"self":[{"href":"https:\/\/myspainfood.com\/sk\/wp-json\/wp\/v2\/product\/34667","targetHints":{"allow":["GET"]}}],"collection":[{"href":"https:\/\/myspainfood.com\/sk\/wp-json\/wp\/v2\/product"}],"about":[{"href":"https:\/\/myspainfood.com\/sk\/wp-json\/wp\/v2\/types\/product"}],"wp:featuredmedia":[{"embeddable":true,"href":"https:\/\/myspainfood.com\/sk\/wp-json\/wp\/v2\/media\/34677"}],"wp:attachment":[{"href":"https:\/\/myspainfood.com\/sk\/wp-json\/wp\/v2\/media?parent=34667"}],"wp:term":[{"taxonomy":"product_brand","embeddable":true,"href":"https:\/\/myspainfood.com\/sk\/wp-json\/wp\/v2\/product_brand?post=34667"},{"taxonomy":"product_cat","embeddable":true,"href":"https:\/\/myspainfood.com\/sk\/wp-json\/wp\/v2\/product_cat?post=34667"},{"taxonomy":"product_tag","embeddable":true,"href":"https:\/\/myspainfood.com\/sk\/wp-json\/wp\/v2\/product_tag?post=34667"}],"curies":[{"name":"wp","href":"https:\/\/api.w.org\/{rel}","templated":true}]}}