{"id":34768,"date":"2025-04-10T12:09:51","date_gmt":"2025-04-10T10:09:51","guid":{"rendered":"https:\/\/myspainfood.com\/producto\/vino-cucamonas-verdejo-de-rueda-2022-bodegas-gotica-120-flias\/"},"modified":"2025-04-10T12:09:51","modified_gmt":"2025-04-10T10:09:51","slug":"vino-cucamonas-verdejo-de-rueda-2022-bodegas-gotica-120-flias","status":"publish","type":"product","link":"https:\/\/myspainfood.com\/sk\/producto\/vino-cucamonas-verdejo-de-rueda-2022-bodegas-gotica-120-flias\/","title":{"rendered":"V\u00edno Cucamonas verdejo de Rueda 2022 bodegas G\u00f3tica 120 flia\u0161"},"content":{"rendered":"<p><strong>Verdejo - <em>100% Verdejo<\/em><\/strong><\/p>\n<p>Zo 100 % hrozna Verdejo, hlavnej odrody DO. Rueda. Vyr\u00e1ba vysoko kvalitn\u00e9 v\u00edna, svie\u017ee, ve\u013emi ovocn\u00e9, zeleno\u017eltej farby, s citrusovou ar\u00f3mou, pln\u00e9 a ve\u013emi glycer\u00ednov\u00e9.  <\/p>\n<p>&nbsp;<\/p>\n","protected":false},"excerpt":{"rendered":"<p>Cucamonas Verdejo Rueda 2022<\/p>\n","protected":false},"featured_media":34773,"template":"","meta":{"_et_pb_use_builder":"","_et_pb_old_content":"","_et_gb_content_width":""},"product_brand":[1140],"product_cat":[4860,2872,4863],"product_tag":[7242,7244],"class_list":{"0":"post-34768","1":"product","2":"type-product","3":"status-publish","4":"has-post-thumbnail","6":"product_brand-ladera-de-los-obispos","7":"product_cat-napoje","8":"product_cat-velkoobchod","9":"product_cat-vino-sk","10":"product_tag-gotika-sk","11":"product_tag-koleso","13":"first","14":"outofstock","15":"featured","16":"taxable","17":"shipping-taxable","18":"purchasable","19":"product-type-simple"},"_links":{"self":[{"href":"https:\/\/myspainfood.com\/sk\/wp-json\/wp\/v2\/product\/34768","targetHints":{"allow":["GET"]}}],"collection":[{"href":"https:\/\/myspainfood.com\/sk\/wp-json\/wp\/v2\/product"}],"about":[{"href":"https:\/\/myspainfood.com\/sk\/wp-json\/wp\/v2\/types\/product"}],"wp:featuredmedia":[{"embeddable":true,"href":"https:\/\/myspainfood.com\/sk\/wp-json\/wp\/v2\/media\/34773"}],"wp:attachment":[{"href":"https:\/\/myspainfood.com\/sk\/wp-json\/wp\/v2\/media?parent=34768"}],"wp:term":[{"taxonomy":"product_brand","embeddable":true,"href":"https:\/\/myspainfood.com\/sk\/wp-json\/wp\/v2\/product_brand?post=34768"},{"taxonomy":"product_cat","embeddable":true,"href":"https:\/\/myspainfood.com\/sk\/wp-json\/wp\/v2\/product_cat?post=34768"},{"taxonomy":"product_tag","embeddable":true,"href":"https:\/\/myspainfood.com\/sk\/wp-json\/wp\/v2\/product_tag?post=34768"}],"curies":[{"name":"wp","href":"https:\/\/api.w.org\/{rel}","templated":true}]}}