{"id":37212,"date":"2025-04-10T12:11:40","date_gmt":"2025-04-10T10:11:40","guid":{"rendered":"https:\/\/myspainfood.com\/producto\/andaluzske-gazpacho-s-extra-panenskym-olivovym-olejom-arteoliva-1-liter\/"},"modified":"2026-01-29T12:25:53","modified_gmt":"2026-01-29T11:25:53","slug":"andaluzske-gazpacho-s-extra-panenskym-olivovym-olejom-arteoliva-1-liter","status":"publish","type":"product","link":"https:\/\/myspainfood.com\/sk\/producto\/andaluzske-gazpacho-s-extra-panenskym-olivovym-olejom-arteoliva-1-liter\/","title":{"rendered":"Andal\u00fazske gazpacho s extra panensk\u00fdm olivov\u00fdm olejom ARTEOLIVA 1 liter"},"content":{"rendered":"<p>Ide o v\u00fdrobok, ktor\u00fd verne dodr\u017eiava tradi\u010dn\u00fa recept\u00faru prav\u00e9ho andal\u00fazskeho gazpacha. Obsahuje \u010derstv\u00fa zeleninu najvy\u0161\u0161ej kvality, ako s\u00fa paradajky, uhorky, korenie, cesnak, extra panensk\u00fd olivov\u00fd olej a chlieb, ocot sherry, vodu a morsk\u00fa so\u013e. Na rozdiel od in\u00fdch v\u00fdrobkov na trhu obsahuje gazpacho &#8222;ArteOliva&#8220; viac extra panensk\u00e9ho olivov\u00e9ho oleja a chleba, ktor\u00fd sa pova\u017euje za z\u00e1kladn\u00fa zlo\u017eku tradi\u010dn\u00e9ho receptu.  <\/p>\n","protected":false},"excerpt":{"rendered":"<p>Ide o v\u00fdrobok, ktor\u00fd verne dodr\u017eiava tradi\u010dn\u00fa recept\u00faru prav\u00e9ho andal\u00fazskeho gazpacha. Obsahuje \u010derstv\u00fa zeleninu najvy\u0161\u0161ej kvality, ako s\u00fa paradajky, uhorky, korenie, cesnak, extra panensk\u00fd olivov\u00fd olej a chlieb, ocot sherry, vodu a morsk\u00fa so\u013e. Na rozdiel od in\u00fdch v\u00fdrobkov na trhu obsahuje gazpacho &#8222;ArteOliva&#8220; viac extra panensk\u00e9ho olivov\u00e9ho oleja a chleba, ktor\u00fd sa pova\u017euje za [&hellip;]<\/p>\n","protected":false},"featured_media":37213,"template":"","meta":{"_et_pb_use_builder":"","_et_pb_old_content":"","_et_gb_content_width":""},"product_brand":[1457],"product_cat":[2231,4860,1979],"product_tag":[],"class_list":{"0":"post-37212","1":"product","2":"type-product","3":"status-publish","4":"has-post-thumbnail","6":"product_brand-arteoliva","7":"product_cat-extra-panenske-olivy","8":"product_cat-napoje","9":"product_cat-zachovava-sk","11":"first","12":"outofstock","13":"taxable","14":"shipping-taxable","15":"product-type-variable"},"_links":{"self":[{"href":"https:\/\/myspainfood.com\/sk\/wp-json\/wp\/v2\/product\/37212","targetHints":{"allow":["GET"]}}],"collection":[{"href":"https:\/\/myspainfood.com\/sk\/wp-json\/wp\/v2\/product"}],"about":[{"href":"https:\/\/myspainfood.com\/sk\/wp-json\/wp\/v2\/types\/product"}],"wp:featuredmedia":[{"embeddable":true,"href":"https:\/\/myspainfood.com\/sk\/wp-json\/wp\/v2\/media\/37213"}],"wp:attachment":[{"href":"https:\/\/myspainfood.com\/sk\/wp-json\/wp\/v2\/media?parent=37212"}],"wp:term":[{"taxonomy":"product_brand","embeddable":true,"href":"https:\/\/myspainfood.com\/sk\/wp-json\/wp\/v2\/product_brand?post=37212"},{"taxonomy":"product_cat","embeddable":true,"href":"https:\/\/myspainfood.com\/sk\/wp-json\/wp\/v2\/product_cat?post=37212"},{"taxonomy":"product_tag","embeddable":true,"href":"https:\/\/myspainfood.com\/sk\/wp-json\/wp\/v2\/product_tag?post=37212"}],"curies":[{"name":"wp","href":"https:\/\/api.w.org\/{rel}","templated":true}]}}