{"id":37333,"date":"2025-04-10T12:05:45","date_gmt":"2025-04-10T10:05:45","guid":{"rendered":"https:\/\/myspainfood.com\/producto\/miesane-vajcia-45-kg\/"},"modified":"2025-09-02T10:36:52","modified_gmt":"2025-09-02T08:36:52","slug":"miesane-vajcia-45-kg","status":"publish","type":"product","link":"https:\/\/myspainfood.com\/sk\/producto\/miesane-vajcia-45-kg\/","title":{"rendered":"Mie\u0161an\u00e9 vajcia 4,5 kg"},"content":{"rendered":"<p>Tento 4,5 kg mie\u0161an\u00fd \u0161al\u00e1t z uhoriek vo vode, soli a octe obsahuje olivy, cibu\u013eu a uhorky.<\/p>\n<p>T\u00e1to <a href=\"https:\/\/www.google.com\/search?q=revuelto+aceitunas+s%C3%A1ngar&amp;sxsrf=APq-WBt1wkTZta0IAEDoueZPBxEuaY8Dtw:1644308614563&amp;source=lnms&amp;tbm=isch&amp;sa=X&amp;ved=2ahUKEwjouvz21u_1AhVV_rsIHacjBd0Q_AUoAXoECAEQAw&amp;biw=1577&amp;bih=780&amp;dpr=1\" target=\"_blank\" rel=\"noopener noreferrer nofollow\">kombin\u00e1cia<\/a> ol\u00edv a uhoriek umo\u017e\u0148uje vychutna\u0165 si neprekonate\u013en\u00fa chu\u0165 tapas alebo predjed\u00e1l.<\/p>\n<p>Je to ve\u013emi zdrav\u00fd doplnok na\u0161ej tradi\u010dnej v\u00fd\u017eivnej stredomorskej stravy.<\/p>\n<p>V \u0160panielsku n\u00e1jdeme olivy, uhorky, bakla\u017e\u00e1ny almagro, mrkvu, cibu\u013eu, ve\u013emi tradi\u010dn\u00e9 kapary, cesnak alebo dokonca ich zmes.<\/p>\n<p>\u010casto sa pod\u00e1vaj\u00fa ako tapas k pivu (nie k v\u00ednu kv\u00f4li obsahu octu).<\/p>\n<p>Nakladan\u00e9 uhorky sa z prastarej techniky konzervovania potrav\u00edn na celom svete stali jedn\u00fdm z najob\u013e\u00fabenej\u0161\u00edch tapas alebo predjed\u00e1l v \u0161panielskej gastron\u00f3mii.<\/p>\n<h3><strong>V\u00fdhody mie\u0161an\u00fdch vajec 4,5 kg<\/strong><\/h3>\n<p>Vedeli ste, ak\u00e9 s\u00fa v\u00fdhody 4,5 kg mie\u0161an\u00fdch vajec a uhoriek v\u0161eobecne? Tu je zoznam t\u00fdch najd\u00f4le\u017eitej\u0161\u00edch: <\/p>\n<ul>\n<li>Bohat\u00fd na probiotik\u00e1.<\/li>\n<li>Napom\u00e1haj\u00fa tr\u00e1veniu.<\/li>\n<li>Posil\u0148uj\u00fa imunitn\u00fd syst\u00e9m.<\/li>\n<li>Zni\u017euj\u00fa chu\u0165 na cukor.<\/li>\n<li>Priaznivo p\u00f4sob\u00ed na \u017el\u010dn\u00edk.<\/li>\n<\/ul>\n<p>&nbsp;<\/p>\n<p>Ak si chcete k\u00fapi\u0165 olivy alebo in\u00fd druh <a href=\"https:\/\/latiendadesami.com\/categoria-producto\/encurtidos\/\" rel=\"noopener noreferrer nofollow\" target=\"_blank\">uhoriek<\/a>, nev\u00e1hajte a pozrite si n\u00e1\u0161 online katal\u00f3g, v ktorom n\u00e1jdete \u0161irok\u00fa ponuku <a href=\"https:\/\/latiendadesami.com\/categoria-producto\/encurtidos\/aceitunas\/\" target=\"_blank\" rel=\"noopener noreferrer nofollow\">ol\u00edv<\/a> alebo Revuelto 4,5 kg.<\/p>\n<p>Nap\u00ed\u0161te n\u00e1m o viac inform\u00e1ci\u00ed.<\/p>\n","protected":false},"excerpt":{"rendered":"<p>Tento 4,5 kg mie\u0161an\u00fd \u0161al\u00e1t z uhoriek vo vode, soli a octe obsahuje olivy, cibu\u013eu a uhorky. T\u00e1to kombin\u00e1cia ol\u00edv a uhoriek umo\u017e\u0148uje vychutna\u0165 si neprekonate\u013en\u00fa chu\u0165 tapas alebo predjed\u00e1l. Je to ve\u013emi zdrav\u00fd doplnok na\u0161ej tradi\u010dnej v\u00fd\u017eivnej stredomorskej stravy. V \u0160panielsku n\u00e1jdeme olivy, uhorky, bakla\u017e\u00e1ny almagro, mrkvu, cibu\u013eu, ve\u013emi tradi\u010dn\u00e9 kapary, cesnak alebo dokonca [&hellip;]<\/p>\n","protected":false},"featured_media":37334,"template":"","meta":{"_et_pb_use_builder":"","_et_pb_old_content":"","_et_gb_content_width":""},"product_brand":[1069],"product_cat":[1730,2012,1728],"product_tag":[8104],"class_list":{"0":"post-37333","1":"product","2":"type-product","3":"status-publish","4":"has-post-thumbnail","6":"product_brand-sangar","7":"product_cat-olivy","8":"product_cat-uhorky-sk","9":"product_cat-uhorky","10":"product_tag-miesane-vajcia","12":"first","13":"outofstock","14":"taxable","15":"shipping-taxable","16":"purchasable","17":"product-type-simple"},"_links":{"self":[{"href":"https:\/\/myspainfood.com\/sk\/wp-json\/wp\/v2\/product\/37333","targetHints":{"allow":["GET"]}}],"collection":[{"href":"https:\/\/myspainfood.com\/sk\/wp-json\/wp\/v2\/product"}],"about":[{"href":"https:\/\/myspainfood.com\/sk\/wp-json\/wp\/v2\/types\/product"}],"wp:featuredmedia":[{"embeddable":true,"href":"https:\/\/myspainfood.com\/sk\/wp-json\/wp\/v2\/media\/37334"}],"wp:attachment":[{"href":"https:\/\/myspainfood.com\/sk\/wp-json\/wp\/v2\/media?parent=37333"}],"wp:term":[{"taxonomy":"product_brand","embeddable":true,"href":"https:\/\/myspainfood.com\/sk\/wp-json\/wp\/v2\/product_brand?post=37333"},{"taxonomy":"product_cat","embeddable":true,"href":"https:\/\/myspainfood.com\/sk\/wp-json\/wp\/v2\/product_cat?post=37333"},{"taxonomy":"product_tag","embeddable":true,"href":"https:\/\/myspainfood.com\/sk\/wp-json\/wp\/v2\/product_tag?post=37333"}],"curies":[{"name":"wp","href":"https:\/\/api.w.org\/{rel}","templated":true}]}}