{"id":37336,"date":"2025-04-10T12:05:09","date_gmt":"2025-04-10T10:05:09","guid":{"rendered":"https:\/\/myspainfood.com\/producto\/biely-cesnak-900-gr-chicon\/"},"modified":"2025-04-10T12:05:09","modified_gmt":"2025-04-10T10:05:09","slug":"biely-cesnak-900-gr-chicon","status":"publish","type":"product","link":"https:\/\/myspainfood.com\/sk\/producto\/biely-cesnak-900-gr-chicon\/","title":{"rendered":"Biely cesnak 900 gr Chic\u00f3n"},"content":{"rendered":"<p><strong>Biely cesnak v oleji<\/strong>, ol\u00fapan\u00fd, spracovan\u00fd a su\u0161en\u00fd, aby sa zjemnila jeho prirodzen\u00e1 chu\u0165 a z\u00e1rove\u0148 sa zachovali jeho p\u00f4vodn\u00e9 vlastnosti.<\/p>\n<p>Cesnak v oleji je delikatesa pre chu\u0165ov\u00e9 bunky, \u010di u\u017e ako predjedlo, alebo ako pr\u00edloha k najlep\u0161\u00edm jedl\u00e1m.<\/p>\n<h3><strong>V\u00fdhody <a href=\"https:\/\/aceitunaschiconlebron.com\/catalogo\/ajos-en-aceite\/\" target=\"_blank\" rel=\"noopener noreferrer nofollow\">oleja z<\/a> bieleho cesnaku<\/strong><\/h3>\n<p>Viete, ak\u00e9 s\u00fa hlavn\u00e9 v\u00fdhody cesnaku v oleji ako uhorky? Okrem mnoh\u00fdch in\u00fdch vlastnost\u00ed s\u00fa bohat\u00e9 na probiotik\u00e1, posil\u0148uj\u00fa imunitn\u00fd syst\u00e9m a dokonca pom\u00e1haj\u00fa pri tr\u00e1ven\u00ed. <\/p>\n<p>Nakladan\u00e9 uhorky sa z prastarej techniky konzervovania potrav\u00edn na celom svete stali jedn\u00fdm z najoce\u0148ovanej\u0161\u00edch tapas alebo ob\u010derstvenia v \u0161panielskej gastron\u00f3mii. Okrem n\u00e1\u0161ho lahodn\u00e9ho <strong>cesnaku v oleji<\/strong> n\u00e1jdete v na\u0161om online katal\u00f3gu aj \u010fal\u0161ie druhy nakladan\u00fdch uhoriek, ako s\u00fa kapary, sladk\u00e9 banderilly alebo pikantn\u00e9 banderilly. <\/p>\n<h3><strong>Vlastnosti Nakladan\u00fd cesnak<\/strong><\/h3>\n<p>M\u00e1 <strong>antibiotick\u00e9 vlastnosti<\/strong>. Cesnakov\u00fd olej ni\u010d\u00ed \u0161irok\u00fa \u0161k\u00e1lu mikr\u00f3bov, ako s\u00fa v\u00edrusy, bakt\u00e9rie, plesne a parazity. <\/p>\n<p>M\u00e1 <strong>dekongest\u00edvny \u00fa\u010dinok<\/strong>, je zdrojom vitam\u00ednu C, enz\u00fdmov a miner\u00e1lov, ktor\u00e9 pom\u00e1haj\u00fa posil\u0148ova\u0165 obranyschopnos\u0165 a imunitu organizmu.<\/p>\n<p><strong>Cesnak v oleji chr\u00e1ni na\u0161e srdce<\/strong> pred kardiovaskul\u00e1rnymi probl\u00e9mami, ako s\u00fa infarkt a ateroskler\u00f3za.<\/p>\n<p>\u010eal\u0161ou <strong>vlastnos\u0165ou nakladan\u00e9ho cesnaku<\/strong> je, \u017ee zni\u017euje hladinu cholesterolu, preto\u017ee m\u00e1 schopnos\u0165 mierne zni\u017eova\u0165 triglyceridy a celkov\u00fd cholesterol v krvi, \u010do m\u00f4\u017ee zn\u00ed\u017ei\u0165 tvorbu arteri\u00e1lneho plaku.<\/p>\n<p>Stru\u010dne povedan\u00e9, cesnak v oleji alebo <a href=\"https:\/\/latiendadesami.com\/categoria-producto\/encurtidos\/\" target=\"_blank\" rel=\"noopener noreferrer nofollow\">nakladan\u00fd<\/a> cesnak m\u00e1 viacero vlastnost\u00ed a pr\u00ednosov pre \u013eudsk\u00e9 zdravie.<\/p>\n","protected":false},"excerpt":{"rendered":"<p>Biely cesnak v oleji, ol\u00fapan\u00fd, spracovan\u00fd a su\u0161en\u00fd, aby sa zjemnila jeho prirodzen\u00e1 chu\u0165 a z\u00e1rove\u0148 sa zachovali jeho p\u00f4vodn\u00e9 vlastnosti. Cesnak v oleji je delikatesa pre chu\u0165ov\u00e9 bunky, \u010di u\u017e ako predjedlo, alebo ako pr\u00edloha k najlep\u0161\u00edm jedl\u00e1m. V\u00fdhody oleja z bieleho cesnaku Viete, ak\u00e9 s\u00fa hlavn\u00e9 v\u00fdhody cesnaku v oleji ako uhorky? Okrem [&hellip;]<\/p>\n","protected":false},"featured_media":37337,"template":"","meta":{"_et_pb_use_builder":"","_et_pb_old_content":"","_et_gb_content_width":""},"product_brand":[1036],"product_cat":[4165,1728],"product_tag":[4168,4167],"class_list":{"0":"post-37336","1":"product","2":"type-product","3":"status-publish","4":"has-post-thumbnail","6":"product_brand-chicon","7":"product_cat-cesnak","8":"product_cat-uhorky","9":"product_tag-biela","10":"product_tag-cesnak","12":"first","13":"instock","14":"taxable","15":"shipping-taxable","16":"purchasable","17":"product-type-variable"},"_links":{"self":[{"href":"https:\/\/myspainfood.com\/sk\/wp-json\/wp\/v2\/product\/37336","targetHints":{"allow":["GET"]}}],"collection":[{"href":"https:\/\/myspainfood.com\/sk\/wp-json\/wp\/v2\/product"}],"about":[{"href":"https:\/\/myspainfood.com\/sk\/wp-json\/wp\/v2\/types\/product"}],"wp:featuredmedia":[{"embeddable":true,"href":"https:\/\/myspainfood.com\/sk\/wp-json\/wp\/v2\/media\/37337"}],"wp:attachment":[{"href":"https:\/\/myspainfood.com\/sk\/wp-json\/wp\/v2\/media?parent=37336"}],"wp:term":[{"taxonomy":"product_brand","embeddable":true,"href":"https:\/\/myspainfood.com\/sk\/wp-json\/wp\/v2\/product_brand?post=37336"},{"taxonomy":"product_cat","embeddable":true,"href":"https:\/\/myspainfood.com\/sk\/wp-json\/wp\/v2\/product_cat?post=37336"},{"taxonomy":"product_tag","embeddable":true,"href":"https:\/\/myspainfood.com\/sk\/wp-json\/wp\/v2\/product_tag?post=37336"}],"curies":[{"name":"wp","href":"https:\/\/api.w.org\/{rel}","templated":true}]}}