{"id":37352,"date":"2025-04-10T12:05:09","date_gmt":"2025-04-10T10:05:09","guid":{"rendered":"https:\/\/myspainfood.com\/producto\/strana-obregon\/"},"modified":"2025-04-10T12:05:09","modified_gmt":"2025-04-10T10:05:09","slug":"strana-obregon","status":"publish","type":"product","link":"https:\/\/myspainfood.com\/sk\/producto\/strana-obregon\/","title":{"rendered":"Strana Obreg\u00f3n"},"content":{"rendered":"<p>Olivy Chic\u00f3n Lebr\u00f3n sa vyr\u00e1baj\u00fa, ochucuj\u00fa a balia v Antequere (Malaga). Zberaj\u00fa sa ru\u010dne a s\u00fa zn\u00e1me svojou kvalitou a neporovnate\u013enou chu\u0165ou.<\/p>\n","protected":false},"excerpt":{"rendered":"<p>olivy obregon split<\/p>\n","protected":false},"featured_media":37353,"template":"","meta":{"_et_pb_use_builder":"","_et_pb_old_content":"","_et_gb_content_width":""},"product_brand":[1036],"product_cat":[1730,1728],"product_tag":[8107,8108],"class_list":{"0":"post-37352","1":"product","2":"type-product","3":"status-publish","4":"has-post-thumbnail","6":"product_brand-chicon","7":"product_cat-olivy","8":"product_cat-uhorky","9":"product_tag-obregon-sk","10":"product_tag-strana","12":"first","13":"outofstock","14":"taxable","15":"shipping-taxable","16":"product-type-variable"},"_links":{"self":[{"href":"https:\/\/myspainfood.com\/sk\/wp-json\/wp\/v2\/product\/37352","targetHints":{"allow":["GET"]}}],"collection":[{"href":"https:\/\/myspainfood.com\/sk\/wp-json\/wp\/v2\/product"}],"about":[{"href":"https:\/\/myspainfood.com\/sk\/wp-json\/wp\/v2\/types\/product"}],"wp:featuredmedia":[{"embeddable":true,"href":"https:\/\/myspainfood.com\/sk\/wp-json\/wp\/v2\/media\/37353"}],"wp:attachment":[{"href":"https:\/\/myspainfood.com\/sk\/wp-json\/wp\/v2\/media?parent=37352"}],"wp:term":[{"taxonomy":"product_brand","embeddable":true,"href":"https:\/\/myspainfood.com\/sk\/wp-json\/wp\/v2\/product_brand?post=37352"},{"taxonomy":"product_cat","embeddable":true,"href":"https:\/\/myspainfood.com\/sk\/wp-json\/wp\/v2\/product_cat?post=37352"},{"taxonomy":"product_tag","embeddable":true,"href":"https:\/\/myspainfood.com\/sk\/wp-json\/wp\/v2\/product_tag?post=37352"}],"curies":[{"name":"wp","href":"https:\/\/api.w.org\/{rel}","templated":true}]}}