{"id":37389,"date":"2025-04-10T12:08:44","date_gmt":"2025-04-10T10:08:44","guid":{"rendered":"https:\/\/myspainfood.com\/producto\/lanova-chobotnica-60-jednotiek\/"},"modified":"2025-09-09T17:50:25","modified_gmt":"2025-09-09T15:50:25","slug":"lanova-chobotnica-60-jednotiek","status":"publish","type":"product","link":"https:\/\/myspainfood.com\/sk\/producto\/lanova-chobotnica-60-jednotiek\/","title":{"rendered":"\u013danov\u00e1 chobotnica 60 jednotiek"},"content":{"rendered":"<p>Olej (85% slne\u010dnicov\u00fd, 15% olivov\u00fd), chobotnica, olivy plnen\u00e9 sardelou, \u010derven\u00e1 paprika, uhorka a cibu\u013ea.<\/p>\n","protected":false},"excerpt":{"rendered":"<p>Olej (85% slne\u010dnicov\u00fd, 15% olivov\u00fd), chobotnica, olivy plnen\u00e9 sardelou, \u010derven\u00e1 paprika, uhorka a cibu\u013ea.<\/p>\n","protected":false},"featured_media":37390,"template":"","meta":{"_et_pb_use_builder":"","_et_pb_old_content":"","_et_gb_content_width":""},"product_brand":[],"product_cat":[1822,8116,1730,1825,1820,2012,1728],"product_tag":[],"class_list":{"0":"post-37389","1":"product","2":"type-product","3":"status-publish","4":"has-post-thumbnail","6":"product_cat-ancovicky","7":"product_cat-chobotnica","8":"product_cat-olivy","9":"product_cat-pintxos-sk","10":"product_cat-studena","11":"product_cat-uhorky-sk","12":"product_cat-uhorky","13":"product_shipping_class-zasielka-za-studena","15":"first","16":"outofstock","17":"taxable","18":"shipping-taxable","19":"purchasable","20":"product-type-simple"},"_links":{"self":[{"href":"https:\/\/myspainfood.com\/sk\/wp-json\/wp\/v2\/product\/37389","targetHints":{"allow":["GET"]}}],"collection":[{"href":"https:\/\/myspainfood.com\/sk\/wp-json\/wp\/v2\/product"}],"about":[{"href":"https:\/\/myspainfood.com\/sk\/wp-json\/wp\/v2\/types\/product"}],"wp:featuredmedia":[{"embeddable":true,"href":"https:\/\/myspainfood.com\/sk\/wp-json\/wp\/v2\/media\/37390"}],"wp:attachment":[{"href":"https:\/\/myspainfood.com\/sk\/wp-json\/wp\/v2\/media?parent=37389"}],"wp:term":[{"taxonomy":"product_brand","embeddable":true,"href":"https:\/\/myspainfood.com\/sk\/wp-json\/wp\/v2\/product_brand?post=37389"},{"taxonomy":"product_cat","embeddable":true,"href":"https:\/\/myspainfood.com\/sk\/wp-json\/wp\/v2\/product_cat?post=37389"},{"taxonomy":"product_tag","embeddable":true,"href":"https:\/\/myspainfood.com\/sk\/wp-json\/wp\/v2\/product_tag?post=37389"}],"curies":[{"name":"wp","href":"https:\/\/api.w.org\/{rel}","templated":true}]}}