{"id":37404,"date":"2025-04-10T12:08:46","date_gmt":"2025-04-10T10:08:46","guid":{"rendered":"https:\/\/myspainfood.com\/producto\/trojita-ancovicka-55-kusov\/"},"modified":"2026-04-24T07:37:05","modified_gmt":"2026-04-24T05:37:05","slug":"trojita-ancovicka-55-kusov","status":"publish","type":"product","link":"https:\/\/myspainfood.com\/sk\/producto\/trojita-ancovicka-55-kusov\/","title":{"rendered":"Trojit\u00e1 an\u010dovi\u010dka 55 kusov"},"content":{"rendered":"<p>Olej (85% slne\u010dnicov\u00fd olej, 15% olivov\u00fd olej), olivy plnen\u00e9 <strong>sardelou<\/strong>,<strong> sardely<\/strong> v octe a piparra.<\/p>\n","protected":false},"excerpt":{"rendered":"<p>Olej (85% slne\u010dnicov\u00fd olej, 15% olivov\u00fd olej), olivy plnen\u00e9 sardelou, sardely v octe a piparra.<\/p>\n","protected":false},"featured_media":37405,"template":"","meta":{"_et_pb_use_builder":"","_et_pb_old_content":"","_et_gb_content_width":""},"product_brand":[],"product_cat":[1905,1822,1730,1825,1820,1728],"product_tag":[],"class_list":{"0":"post-37404","1":"product","2":"type-product","3":"status-publish","4":"has-post-thumbnail","6":"product_cat-ancovicky-sk","7":"product_cat-ancovicky","8":"product_cat-olivy","9":"product_cat-pintxos-sk","10":"product_cat-studena","11":"product_cat-uhorky","12":"product_shipping_class-zasielka-za-studena","14":"first","15":"instock","16":"taxable","17":"shipping-taxable","18":"purchasable","19":"product-type-simple"},"_links":{"self":[{"href":"https:\/\/myspainfood.com\/sk\/wp-json\/wp\/v2\/product\/37404","targetHints":{"allow":["GET"]}}],"collection":[{"href":"https:\/\/myspainfood.com\/sk\/wp-json\/wp\/v2\/product"}],"about":[{"href":"https:\/\/myspainfood.com\/sk\/wp-json\/wp\/v2\/types\/product"}],"wp:featuredmedia":[{"embeddable":true,"href":"https:\/\/myspainfood.com\/sk\/wp-json\/wp\/v2\/media\/37405"}],"wp:attachment":[{"href":"https:\/\/myspainfood.com\/sk\/wp-json\/wp\/v2\/media?parent=37404"}],"wp:term":[{"taxonomy":"product_brand","embeddable":true,"href":"https:\/\/myspainfood.com\/sk\/wp-json\/wp\/v2\/product_brand?post=37404"},{"taxonomy":"product_cat","embeddable":true,"href":"https:\/\/myspainfood.com\/sk\/wp-json\/wp\/v2\/product_cat?post=37404"},{"taxonomy":"product_tag","embeddable":true,"href":"https:\/\/myspainfood.com\/sk\/wp-json\/wp\/v2\/product_tag?post=37404"}],"curies":[{"name":"wp","href":"https:\/\/api.w.org\/{rel}","templated":true}]}}