{"id":37637,"date":"2025-04-10T12:10:09","date_gmt":"2025-04-10T10:10:09","guid":{"rendered":"https:\/\/myspainfood.com\/producto\/sortiment-tradicnych-gurmanskych-pastet-cazorla\/"},"modified":"2025-04-10T12:10:09","modified_gmt":"2025-04-10T10:10:09","slug":"sortiment-tradicnych-gurmanskych-pastet-cazorla","status":"publish","type":"product","link":"https:\/\/myspainfood.com\/sk\/producto\/sortiment-tradicnych-gurmanskych-pastet-cazorla\/","title":{"rendered":"Sortiment tradi\u010dn\u00fdch gurm\u00e1nskych pa\u0161t\u00e9t Cazorla"},"content":{"rendered":"<p>Toto balenie obsahuje 6 na\u0161ich pa\u0161t\u00e9t z tradi\u010dn\u00e9ho radu Gourmet Cazorla.<\/p>\n<p> Ide\u00e1lny dar\u010dek pre va\u0161ich bl\u00edzkych&#8230;<\/p>\n","protected":false},"excerpt":{"rendered":"<p>Toto balenie obsahuje 6 na\u0161ich pa\u0161t\u00e9t z tradi\u010dn\u00e9ho radu Gourmet Cazorla. Ide\u00e1lny dar\u010dek pre va\u0161ich bl\u00edzkych&#8230;<\/p>\n","protected":false},"featured_media":37638,"template":"","meta":{"_et_pb_use_builder":"","_et_pb_old_content":"","_et_gb_content_width":""},"product_brand":[],"product_cat":[8164,1979],"product_tag":[],"class_list":{"0":"post-37637","1":"product","2":"type-product","3":"status-publish","4":"has-post-thumbnail","6":"product_cat-pasteta-sk","7":"product_cat-zachovava-sk","9":"first","10":"instock","11":"taxable","12":"shipping-taxable","13":"purchasable","14":"product-type-simple"},"_links":{"self":[{"href":"https:\/\/myspainfood.com\/sk\/wp-json\/wp\/v2\/product\/37637","targetHints":{"allow":["GET"]}}],"collection":[{"href":"https:\/\/myspainfood.com\/sk\/wp-json\/wp\/v2\/product"}],"about":[{"href":"https:\/\/myspainfood.com\/sk\/wp-json\/wp\/v2\/types\/product"}],"wp:featuredmedia":[{"embeddable":true,"href":"https:\/\/myspainfood.com\/sk\/wp-json\/wp\/v2\/media\/37638"}],"wp:attachment":[{"href":"https:\/\/myspainfood.com\/sk\/wp-json\/wp\/v2\/media?parent=37637"}],"wp:term":[{"taxonomy":"product_brand","embeddable":true,"href":"https:\/\/myspainfood.com\/sk\/wp-json\/wp\/v2\/product_brand?post=37637"},{"taxonomy":"product_cat","embeddable":true,"href":"https:\/\/myspainfood.com\/sk\/wp-json\/wp\/v2\/product_cat?post=37637"},{"taxonomy":"product_tag","embeddable":true,"href":"https:\/\/myspainfood.com\/sk\/wp-json\/wp\/v2\/product_tag?post=37637"}],"curies":[{"name":"wp","href":"https:\/\/api.w.org\/{rel}","templated":true}]}}