{"id":37769,"date":"2025-04-10T12:10:39","date_gmt":"2025-04-10T10:10:39","guid":{"rendered":"https:\/\/myspainfood.com\/producto\/baklazan-nakrajany-almagro-45-kg-surovy\/"},"modified":"2025-04-10T12:10:39","modified_gmt":"2025-04-10T10:10:39","slug":"baklazan-nakrajany-almagro-45-kg-surovy","status":"publish","type":"product","link":"https:\/\/myspainfood.com\/sk\/producto\/baklazan-nakrajany-almagro-45-kg-surovy\/","title":{"rendered":"Bakla\u017e\u00e1n, nakr\u00e1jan\u00fd Almagro 4,5 kg surov\u00fd"},"content":{"rendered":"<p>Nakr\u00e1jan\u00fd bakla\u017e\u00e1n Almagro je tradi\u010dn\u00fd produkt z oblasti Campo de Calatrava v srdci La <a href=\"https:\/\/www.laencajera.es\/berenjenas-de-almagro\" target=\"_blank\" rel=\"noopener noreferrer nofollow\">Mancha<\/a>.<\/p>\n<p>Produkt s chr\u00e1nen\u00fdm zemepisn\u00fdm ozna\u010den\u00edm, ktor\u00fd sa stal gastronomick\u00fdm referen\u010dn\u00fdm bodom, \u010di u\u017e ako aperit\u00edv, v tepl\u00fdch alebo studen\u00fdch jedl\u00e1ch.<\/p>\n<p>Zlo\u017eenie: Voda, so\u013e, v\u00ednny ocot, korenie, fenikel, pr\u00edrodn\u00e9 korenie (cesnak, rasca, paprika, olivov\u00fd olej), zv\u00fdraz\u0148ova\u010d chuti (E-621), kysl\u00e9 l\u00e1tky (E-330), konzerva\u010dn\u00e9 l\u00e1tky (E-270, E-211, E-202E-223), antioxidant (E-300) a pr\u00edrodn\u00e9 ar\u00f3my.<\/p>\n<p>Uchov\u00e1vajte na chladnom a suchom mieste pri teplote od 3 do 10 \u00b0C.<\/p>\n<p>Chr\u00e1\u0148te pred slne\u010dn\u00fdm \u017eiaren\u00edm a siln\u00fdmi pachmi.<\/p>\n<p>Bakla\u017e\u00e1n od spolo\u010dnosti Almagro po otvoren\u00ed balenia uchov\u00e1vajte v chlade a spotrebujte do 30 dn\u00ed.<\/p>\n<p>Ak si chcete k\u00fapi\u0165 olivy alebo in\u00fd druh <a href=\"https:\/\/latiendadesami.com\/categoria-producto\/encurtidos\/\" rel=\"noopener noreferrer nofollow\" target=\"_blank\">uhoriek<\/a>, nev\u00e1hajte a pozrite si n\u00e1\u0161 online katal\u00f3g, v ktorom n\u00e1jdete \u0161irok\u00fa ponuku <a href=\"https:\/\/latiendadesami.com\/categoria-producto\/encurtidos\/berenjenas\/\" target=\"_blank\" rel=\"noopener noreferrer nofollow\">bakla\u017e\u00e1nov<\/a>.<\/p>\n<p>Zna\u010dka La Encajonera je rodinn\u00fd podnik zalo\u017een\u00fd v roku 1990, ktor\u00fd sa nach\u00e1dza v srdci La Mancha, v meste\u010dku ALMAGRO v provincii Ciudad Real.<\/p>\n<p>V\u00fdrobn\u00fd proces jej produktov sa za\u010d\u00edna v tej istej oblasti pestovania, kde sa vyber\u00e1 najkvalitnej\u0161\u00ed produkt.<\/p>\n<p>Tov\u00e1re\u0148 je vybaven\u00e1 najmodernej\u0161ou technol\u00f3giou, pri\u010dom zachov\u00e1va trad\u00edciu a know-how svojich remeseln\u00edkov.<\/p>\n","protected":false},"excerpt":{"rendered":"<p>Nakr\u00e1jan\u00fd bakla\u017e\u00e1n Almagro je tradi\u010dn\u00fd produkt z oblasti Campo de Calatrava v srdci La Mancha. Produkt s chr\u00e1nen\u00fdm zemepisn\u00fdm ozna\u010den\u00edm, ktor\u00fd sa stal gastronomick\u00fdm referen\u010dn\u00fdm bodom, \u010di u\u017e ako aperit\u00edv, v tepl\u00fdch alebo studen\u00fdch jedl\u00e1ch. Zlo\u017eenie: Voda, so\u013e, v\u00ednny ocot, korenie, fenikel, pr\u00edrodn\u00e9 korenie (cesnak, rasca, paprika, olivov\u00fd olej), zv\u00fdraz\u0148ova\u010d chuti (E-621), kysl\u00e9 l\u00e1tky (E-330), [&hellip;]<\/p>\n","protected":false},"featured_media":37771,"template":"","meta":{"_et_pb_use_builder":"","_et_pb_old_content":"","_et_gb_content_width":""},"product_brand":[1057],"product_cat":[2140,1728],"product_tag":[2141],"class_list":{"0":"post-37769","1":"product","2":"type-product","3":"status-publish","4":"has-post-thumbnail","6":"product_brand-la-encajera","7":"product_cat-baklazany-sk","8":"product_cat-uhorky","9":"product_tag-alinada-sk","11":"first","12":"instock","13":"taxable","14":"shipping-taxable","15":"purchasable","16":"product-type-simple"},"_links":{"self":[{"href":"https:\/\/myspainfood.com\/sk\/wp-json\/wp\/v2\/product\/37769","targetHints":{"allow":["GET"]}}],"collection":[{"href":"https:\/\/myspainfood.com\/sk\/wp-json\/wp\/v2\/product"}],"about":[{"href":"https:\/\/myspainfood.com\/sk\/wp-json\/wp\/v2\/types\/product"}],"wp:featuredmedia":[{"embeddable":true,"href":"https:\/\/myspainfood.com\/sk\/wp-json\/wp\/v2\/media\/37771"}],"wp:attachment":[{"href":"https:\/\/myspainfood.com\/sk\/wp-json\/wp\/v2\/media?parent=37769"}],"wp:term":[{"taxonomy":"product_brand","embeddable":true,"href":"https:\/\/myspainfood.com\/sk\/wp-json\/wp\/v2\/product_brand?post=37769"},{"taxonomy":"product_cat","embeddable":true,"href":"https:\/\/myspainfood.com\/sk\/wp-json\/wp\/v2\/product_cat?post=37769"},{"taxonomy":"product_tag","embeddable":true,"href":"https:\/\/myspainfood.com\/sk\/wp-json\/wp\/v2\/product_tag?post=37769"}],"curies":[{"name":"wp","href":"https:\/\/api.w.org\/{rel}","templated":true}]}}