{"id":37804,"date":"2025-04-10T12:10:07","date_gmt":"2025-04-10T10:10:07","guid":{"rendered":"https:\/\/myspainfood.com\/producto\/rozne-iberske-pastety-gourmet-cazorla\/"},"modified":"2025-04-10T12:10:07","modified_gmt":"2025-04-10T10:10:07","slug":"rozne-iberske-pastety-gourmet-cazorla","status":"publish","type":"product","link":"https:\/\/myspainfood.com\/sk\/producto\/rozne-iberske-pastety-gourmet-cazorla\/","title":{"rendered":"R\u00f4zne ibersk\u00e9 pa\u0161t\u00e9ty Gourmet Cazorla"},"content":{"rendered":"<p>Toto balenie obsahuje 6 na\u0161ich tradi\u010dn\u00fdch pa\u0161t\u00e9t Gourmet Cazorla.<\/p>\n<p> Ide\u00e1lny dar\u010dek pre va\u0161ich bl\u00edzkych&#8230; k narodenin\u00e1m, na Vianoce, ako po\u010fakovanie za n\u00e1mahu alebo len tak, a tie\u017e pre v\u00e1s, preto\u017ee si to zasl\u00fa\u017eite.<\/p>\n","protected":false},"excerpt":{"rendered":"<p>Toto balenie obsahuje 6 na\u0161ich tradi\u010dn\u00fdch pa\u0161t\u00e9t Gourmet Cazorla. Ide\u00e1lny dar\u010dek pre va\u0161ich bl\u00edzkych&#8230; k narodenin\u00e1m, na Vianoce, ako po\u010fakovanie za n\u00e1mahu alebo len tak, a tie\u017e pre v\u00e1s, preto\u017ee si to zasl\u00fa\u017eite.<\/p>\n","protected":false},"featured_media":37805,"template":"","meta":{"_et_pb_use_builder":"","_et_pb_old_content":"","_et_gb_content_width":""},"product_brand":[],"product_cat":[8164,1979],"product_tag":[],"class_list":{"0":"post-37804","1":"product","2":"type-product","3":"status-publish","4":"has-post-thumbnail","6":"product_cat-pasteta-sk","7":"product_cat-zachovava-sk","9":"first","10":"instock","11":"taxable","12":"shipping-taxable","13":"purchasable","14":"product-type-simple"},"_links":{"self":[{"href":"https:\/\/myspainfood.com\/sk\/wp-json\/wp\/v2\/product\/37804","targetHints":{"allow":["GET"]}}],"collection":[{"href":"https:\/\/myspainfood.com\/sk\/wp-json\/wp\/v2\/product"}],"about":[{"href":"https:\/\/myspainfood.com\/sk\/wp-json\/wp\/v2\/types\/product"}],"wp:featuredmedia":[{"embeddable":true,"href":"https:\/\/myspainfood.com\/sk\/wp-json\/wp\/v2\/media\/37805"}],"wp:attachment":[{"href":"https:\/\/myspainfood.com\/sk\/wp-json\/wp\/v2\/media?parent=37804"}],"wp:term":[{"taxonomy":"product_brand","embeddable":true,"href":"https:\/\/myspainfood.com\/sk\/wp-json\/wp\/v2\/product_brand?post=37804"},{"taxonomy":"product_cat","embeddable":true,"href":"https:\/\/myspainfood.com\/sk\/wp-json\/wp\/v2\/product_cat?post=37804"},{"taxonomy":"product_tag","embeddable":true,"href":"https:\/\/myspainfood.com\/sk\/wp-json\/wp\/v2\/product_tag?post=37804"}],"curies":[{"name":"wp","href":"https:\/\/api.w.org\/{rel}","templated":true}]}}