{"id":38131,"date":"2025-04-10T12:14:40","date_gmt":"2025-04-10T10:14:40","guid":{"rendered":"https:\/\/myspainfood.com\/producto\/novozelandske-musle-v-nakladanej-omacke-4-6-kusov-giant-portonovo-115-gr\/"},"modified":"2026-01-30T14:31:38","modified_gmt":"2026-01-30T13:31:38","slug":"novozelandske-musle-v-nakladanej-omacke-4-6-kusov-giant-portonovo-115-gr","status":"publish","type":"product","link":"https:\/\/myspainfood.com\/sk\/producto\/novozelandske-musle-v-nakladanej-omacke-4-6-kusov-giant-portonovo-115-gr\/","title":{"rendered":"Novoz\u00e9landsk\u00e9 mu\u0161le v nakladanej om\u00e1\u010dke 4-6 kusov Giant Portonovo - 115 Gr"},"content":{"rendered":"<p>Objavte intenz\u00edvnu chu\u0165 a kvalitu <strong>novoz\u00e9landsk\u00fdch mu\u0161l\u00ed<\/strong> <strong>Gigante Portonovo<\/strong> <strong>v nakladanej om\u00e1\u010dke<\/strong>. Tento pr\u00e9miov\u00fd v\u00fdrobok obsahuje 4 a\u017e 6 vybran\u00fdch kusov ve\u013ek\u00fdch mu\u0161l\u00ed v 115-gramovej \u00faprave, ktor\u00e9 s\u00fa ide\u00e1lne na pr\u00edpravu tapas, \u0161al\u00e1tov alebo ako gurm\u00e1nske predjedlo. <\/p>\n<p>Tieto mu\u0161le chovan\u00e9 v kri\u0161t\u00e1\u013eovo \u010dist\u00fdch vod\u00e1ch Nov\u00e9ho Z\u00e9landu sa vyzna\u010duj\u00fa m\u00e4sitou \u0161trukt\u00farou a bezkonkuren\u010dnou chu\u0165ou, ktor\u00fa zv\u00fdraz\u0148uje jemn\u00e1 marin\u00e1da, ktor\u00e1 pod\u010diarkuje ich \u010derstvos\u0165 a kvalitu. S\u00fa tie\u017e bohat\u00e9 na bielkoviny, omega-3 a d\u00f4le\u017eit\u00e9 miner\u00e1ly, v\u010faka \u010domu s\u00fa zdravou a chutnou vo\u013ebou pre ka\u017ed\u00fa di\u00e9tu. <\/p>\n<p>Ak chcete z\u00edska\u0165 \u010fal\u0161ie mo\u017enosti konzum\u00e1cie morsk\u00fdch plodov, nav\u0161t\u00edvte na\u0161u <a href=\"https:\/\/latiendadesami.com\/categoria-producto\/conservas\/\" target=\"_new\" rel=\"noopener noreferrer nofollow\" target=\"_blank\">sekciu konzervovan\u00fdch potrav\u00edn<\/a> a objavte v\u00fdhody <strong>nakladan\u00fdch novoz\u00e9landsk\u00fdch mu\u0161l\u00ed<\/strong> vo vyv\u00e1\u017eenej strave. Ochutnajte kvalitu a autenticitu, ktor\u00fa m\u00f4\u017ee pon\u00faknu\u0165 len Portonovo!<\/p>\n","protected":false},"excerpt":{"rendered":"<p>Objavte intenz\u00edvnu chu\u0165 a kvalitu novoz\u00e9landsk\u00fdch mu\u0161l\u00ed Gigante Portonovo v nakladanej om\u00e1\u010dke. Tento pr\u00e9miov\u00fd v\u00fdrobok obsahuje 4 a\u017e 6 vybran\u00fdch kusov ve\u013ek\u00fdch mu\u0161l\u00ed v 115-gramovej \u00faprave, ktor\u00e9 s\u00fa ide\u00e1lne na pr\u00edpravu tapas, \u0161al\u00e1tov alebo ako gurm\u00e1nske predjedlo. Tieto mu\u0161le chovan\u00e9 v kri\u0161t\u00e1\u013eovo \u010dist\u00fdch vod\u00e1ch Nov\u00e9ho Z\u00e9landu sa vyzna\u010duj\u00fa m\u00e4sitou \u0161trukt\u00farou a bezkonkuren\u010dnou chu\u0165ou, ktor\u00fa zv\u00fdraz\u0148uje [&hellip;]<\/p>\n","protected":false},"featured_media":38132,"template":"","meta":{"_et_pb_use_builder":"","_et_pb_old_content":"","_et_gb_content_width":""},"product_brand":[1428],"product_cat":[4059,1979],"product_tag":[],"class_list":{"0":"post-38131","1":"product","2":"type-product","3":"status-publish","4":"has-post-thumbnail","6":"product_brand-portonovo","7":"product_cat-musle-sk-3","8":"product_cat-zachovava-sk","10":"first","11":"outofstock","12":"taxable","13":"shipping-taxable","14":"product-type-variable"},"_links":{"self":[{"href":"https:\/\/myspainfood.com\/sk\/wp-json\/wp\/v2\/product\/38131","targetHints":{"allow":["GET"]}}],"collection":[{"href":"https:\/\/myspainfood.com\/sk\/wp-json\/wp\/v2\/product"}],"about":[{"href":"https:\/\/myspainfood.com\/sk\/wp-json\/wp\/v2\/types\/product"}],"wp:featuredmedia":[{"embeddable":true,"href":"https:\/\/myspainfood.com\/sk\/wp-json\/wp\/v2\/media\/38132"}],"wp:attachment":[{"href":"https:\/\/myspainfood.com\/sk\/wp-json\/wp\/v2\/media?parent=38131"}],"wp:term":[{"taxonomy":"product_brand","embeddable":true,"href":"https:\/\/myspainfood.com\/sk\/wp-json\/wp\/v2\/product_brand?post=38131"},{"taxonomy":"product_cat","embeddable":true,"href":"https:\/\/myspainfood.com\/sk\/wp-json\/wp\/v2\/product_cat?post=38131"},{"taxonomy":"product_tag","embeddable":true,"href":"https:\/\/myspainfood.com\/sk\/wp-json\/wp\/v2\/product_tag?post=38131"}],"curies":[{"name":"wp","href":"https:\/\/api.w.org\/{rel}","templated":true}]}}