{"id":38621,"date":"2025-04-10T12:09:10","date_gmt":"2025-04-10T10:09:10","guid":{"rendered":"https:\/\/myspainfood.com\/producto\/kozi-a-kravsky-syr-ribera-del-duero-vino-el-gran-cardenal\/"},"modified":"2025-06-24T16:14:35","modified_gmt":"2025-06-24T14:14:35","slug":"kozi-a-kravsky-syr-ribera-del-duero-vino-el-gran-cardenal","status":"publish","type":"product","link":"https:\/\/myspainfood.com\/sk\/producto\/kozi-a-kravsky-syr-ribera-del-duero-vino-el-gran-cardenal\/","title":{"rendered":"Koz\u00ed a kravsk\u00fd syr Ribera del Duero V\u00edno El Gran Cardenal"},"content":{"rendered":"<div class=\"et_pb_blurb_container\">\n<div class=\"et_pb_blurb_container\">\n<h4 class=\"et_pb_module_header\">Koza s v\u00ednom Ribera de Duero<\/h4>\n<div class=\"et_pb_blurb_description\">Kr\u00e9mov\u00fd syr z kozieho a kravsk\u00e9ho mlieka, ku ktor\u00e9mu sa pod\u00e1va jedno z vynikaj\u00facich \u0161panielskych v\u00edn, v\u00edno Ribera del Duero (ozna\u010denie, ktor\u00e9 zah\u0155\u0148a vinice v regi\u00f3ne Castilla y Le\u00f3n).<\/p>\n<p>Farba v\u00edna je vidite\u013en\u00e1 vo vn\u00fatri syra, preto\u017ee sa prid\u00e1va v \u010dase v\u00fdroby.<\/p><\/div>\n<\/div>\n<\/div>\n","protected":false},"excerpt":{"rendered":"<p>Koza s v\u00ednom Ribera de Duero Kr\u00e9mov\u00fd syr z kozieho a kravsk\u00e9ho mlieka, ku ktor\u00e9mu sa pod\u00e1va jedno z vynikaj\u00facich \u0161panielskych v\u00edn, v\u00edno Ribera del Duero (ozna\u010denie, ktor\u00e9 zah\u0155\u0148a vinice v regi\u00f3ne Castilla y Le\u00f3n). Farba v\u00edna je vidite\u013en\u00e1 vo vn\u00fatri syra, preto\u017ee sa prid\u00e1va v \u010dase v\u00fdroby.<\/p>\n","protected":false},"featured_media":38627,"template":"","meta":{"_et_pb_use_builder":"","_et_pb_old_content":"","_et_gb_content_width":""},"product_brand":[1319],"product_cat":[2734,1820,2264],"product_tag":[],"class_list":{"0":"post-38621","1":"product","2":"type-product","3":"status-publish","4":"has-post-thumbnail","6":"product_brand-el-gran-cardenal","7":"product_cat-liecba","8":"product_cat-studena","9":"product_cat-syr-a-klobasa","10":"product_shipping_class-zasielka-za-studena","12":"first","13":"instock","14":"taxable","15":"shipping-taxable","16":"purchasable","17":"product-type-variable"},"_links":{"self":[{"href":"https:\/\/myspainfood.com\/sk\/wp-json\/wp\/v2\/product\/38621","targetHints":{"allow":["GET"]}}],"collection":[{"href":"https:\/\/myspainfood.com\/sk\/wp-json\/wp\/v2\/product"}],"about":[{"href":"https:\/\/myspainfood.com\/sk\/wp-json\/wp\/v2\/types\/product"}],"wp:featuredmedia":[{"embeddable":true,"href":"https:\/\/myspainfood.com\/sk\/wp-json\/wp\/v2\/media\/38627"}],"wp:attachment":[{"href":"https:\/\/myspainfood.com\/sk\/wp-json\/wp\/v2\/media?parent=38621"}],"wp:term":[{"taxonomy":"product_brand","embeddable":true,"href":"https:\/\/myspainfood.com\/sk\/wp-json\/wp\/v2\/product_brand?post=38621"},{"taxonomy":"product_cat","embeddable":true,"href":"https:\/\/myspainfood.com\/sk\/wp-json\/wp\/v2\/product_cat?post=38621"},{"taxonomy":"product_tag","embeddable":true,"href":"https:\/\/myspainfood.com\/sk\/wp-json\/wp\/v2\/product_tag?post=38621"}],"curies":[{"name":"wp","href":"https:\/\/api.w.org\/{rel}","templated":true}]}}