{"id":38695,"date":"2025-04-10T12:09:16","date_gmt":"2025-04-10T10:09:16","guid":{"rendered":"https:\/\/myspainfood.com\/producto\/ancovicky-z-kantabrijskeho-mora-platinovej-serie-v-olivovom-oleji\/"},"modified":"2025-06-24T13:38:55","modified_gmt":"2025-06-24T11:38:55","slug":"ancovicky-z-kantabrijskeho-mora-platinovej-serie-v-olivovom-oleji","status":"publish","type":"product","link":"https:\/\/myspainfood.com\/sk\/producto\/ancovicky-z-kantabrijskeho-mora-platinovej-serie-v-olivovom-oleji\/","title":{"rendered":"An\u010dovi\u010dky z Kant\u00e1brijsk\u00e9ho mora platinovej s\u00e9rie v olivovom oleji"},"content":{"rendered":"<p><a href=\"https:\/\/conservasarlequin.com\/serie-oro\/\" target=\"_blank\" rel=\"noopener noreferrer nofollow\">Arlequin<\/a> Platinum Series Anchovy v olivovom oleji je remeselne konzervovan\u00fd v\u00fdrobok.<\/p>\n<p><strong>E. A. N.:<\/strong> 8421993910985<\/p>\n<p><strong>K\u00f3d:<\/strong> 10010044<\/p>\n<p><strong>\u010cist\u00e1 hmotnos\u0165: <\/strong>110g \/ 70g<\/p>\n<p><strong>Po\u010det filetov\/po\u010det kusov:<\/strong> 12<\/p>\n<p>Poslan\u00edm spolo\u010dnosti Conservas <a href=\"https:\/\/latiendadesami.com\/marca\/arlequin\/\" target=\"_blank\" rel=\"noopener noreferrer nofollow\">Arlequ\u00edn<\/a> je pon\u00faka\u0165 skvel\u00fd produkt, najlep\u0161ie slu\u017eby a \u0161irok\u00fd sortiment ryb\u00edch konzerv za najlep\u0161iu cenu.<\/p>\n<p>S\u00fa tie\u017e \u0161pecialistami na an\u010dovi\u010dky, Anchoa Arlequin Serie Oro 00, Serie Platinum v olivovom oleji, sardely, Bonito, tuniaka \u017eltoplutv\u00e9ho, mu\u0161le, makrely a sardinky.<\/p>\n<p>Napr\u00edklad Comidista v novin\u00e1ch El Pa\u00eds o ventresce povedal: &#8222;Je tak\u00e1 jemn\u00e1, takmer kr\u00e9mov\u00e1, \u017ee sa s \u0148ou chcete o\u017eeni\u0165 a \u017ei\u0165 \u0161\u0165astne, k\u00fdm si v\u00e1s P\u00e1n vezme.&#8220;<\/p>\n<h4>Hlavn\u00e9 v\u00fdhody konzervovan\u00fdch potrav\u00edn<\/h4>\n<ol>\n<li>Zachov\u00e1vaj\u00fa v\u0161etky v\u00fd\u017eivov\u00e9 vlastnosti samotnej potraviny. Potraviny si zachov\u00e1vaj\u00fa svoju \u010derstvos\u0165. <\/li>\n<li>Pou\u017eit\u00e9 potraviny s\u00fa zdrav\u00e9, a preto vhodn\u00e9 pre optim\u00e1lnu stravu v\u010faka vysok\u00e9mu obsahu vitam\u00ednov a bielkov\u00edn.<\/li>\n<li>Tieto v\u00fdrobky maj\u00fa dlh\u0161iu \u017eivotnos\u0165 (zvy\u010dajne 2-5 rokov).<\/li>\n<li>Konzervy sa ve\u013emi \u013eahko skladuj\u00fa, preto\u017ee ich balenie sa \u013eahko aplikuje.<\/li>\n<\/ol>\n<p>Ak si chcete k\u00fapi\u0165 tuniaka alebo ak\u00fdko\u013evek in\u00fd druh <a href=\"https:\/\/latiendadesami.com\/categoria-producto\/conservas\/\" rel=\"noopener noreferrer nofollow\" target=\"_blank\">konzervy<\/a>, nev\u00e1hajte a pozrite si n\u00e1\u0161 online katal\u00f3g, v ktorom n\u00e1jdete \u0161irok\u00fa ponuku <a href=\"https:\/\/latiendadesami.com\/categoria-producto\/conservas\/atun-y-bonito\/\" target=\"_blank\" rel=\"noopener noreferrer nofollow\">tuniakov<\/a>.<\/p>\n<p>Nap\u00ed\u0161te n\u00e1m o viac inform\u00e1ci\u00ed.<\/p>\n","protected":false},"excerpt":{"rendered":"<p>Arlequin Platinum Series Anchovy v olivovom oleji je remeselne konzervovan\u00fd v\u00fdrobok. E. A. N.: 8421993910985 K\u00f3d: 10010044 \u010cist\u00e1 hmotnos\u0165: 110g \/ 70g Po\u010det filetov\/po\u010det kusov: 12 Poslan\u00edm spolo\u010dnosti Conservas Arlequ\u00edn je pon\u00faka\u0165 skvel\u00fd produkt, najlep\u0161ie slu\u017eby a \u0161irok\u00fd sortiment ryb\u00edch konzerv za najlep\u0161iu cenu. S\u00fa tie\u017e \u0161pecialistami na an\u010dovi\u010dky, Anchoa Arlequin Serie Oro 00, Serie [&hellip;]<\/p>\n","protected":false},"featured_media":38697,"template":"","meta":{"_et_pb_use_builder":"","_et_pb_old_content":"","_et_gb_content_width":""},"product_brand":[1162],"product_cat":[5180,1820],"product_tag":[8219],"class_list":{"0":"post-38695","1":"product","2":"type-product","3":"status-publish","4":"has-post-thumbnail","6":"product_brand-arlequin","7":"product_cat-ancovicky-sk-3","8":"product_cat-studena","9":"product_tag-platinova-seria","10":"product_shipping_class-zasielka-za-studena","12":"first","13":"outofstock","14":"sale","15":"taxable","16":"shipping-taxable","17":"purchasable","18":"product-type-simple"},"_links":{"self":[{"href":"https:\/\/myspainfood.com\/sk\/wp-json\/wp\/v2\/product\/38695","targetHints":{"allow":["GET"]}}],"collection":[{"href":"https:\/\/myspainfood.com\/sk\/wp-json\/wp\/v2\/product"}],"about":[{"href":"https:\/\/myspainfood.com\/sk\/wp-json\/wp\/v2\/types\/product"}],"wp:featuredmedia":[{"embeddable":true,"href":"https:\/\/myspainfood.com\/sk\/wp-json\/wp\/v2\/media\/38697"}],"wp:attachment":[{"href":"https:\/\/myspainfood.com\/sk\/wp-json\/wp\/v2\/media?parent=38695"}],"wp:term":[{"taxonomy":"product_brand","embeddable":true,"href":"https:\/\/myspainfood.com\/sk\/wp-json\/wp\/v2\/product_brand?post=38695"},{"taxonomy":"product_cat","embeddable":true,"href":"https:\/\/myspainfood.com\/sk\/wp-json\/wp\/v2\/product_cat?post=38695"},{"taxonomy":"product_tag","embeddable":true,"href":"https:\/\/myspainfood.com\/sk\/wp-json\/wp\/v2\/product_tag?post=38695"}],"curies":[{"name":"wp","href":"https:\/\/api.w.org\/{rel}","templated":true}]}}