{"id":38990,"date":"2025-04-10T12:09:43","date_gmt":"2025-04-10T10:09:43","guid":{"rendered":"https:\/\/myspainfood.com\/producto\/el-gran-cardenal-polosyr-san-isidro\/"},"modified":"2025-07-28T12:57:18","modified_gmt":"2025-07-28T10:57:18","slug":"el-gran-cardenal-polosyr-san-isidro","status":"publish","type":"product","link":"https:\/\/myspainfood.com\/sk\/producto\/el-gran-cardenal-polosyr-san-isidro\/","title":{"rendered":"El Gran Cardenal Polos\u00fdr San Isidro"},"content":{"rendered":"<p>Najjemnej\u0161\u00ed zo syrov v\u010faka vy\u0161\u0161iemu obsahu kravsk\u00e9ho mlieka a minim\u00e1lne 10 % ov\u010dieho mlieka.<\/p>\n<p>V z\u00e1vislosti od zrenia sa vyskytuje v dvoch druhoch: polosurov\u00fd (2 a\u017e 4 mesiace zrenia) a zren\u00fd (4 a\u017e 6 mesiacov zrenia).<\/p>\n","protected":false},"excerpt":{"rendered":"<p>Najjemnej\u0161\u00ed zo syrov v\u010faka vy\u0161\u0161iemu obsahu kravsk\u00e9ho mlieka a minim\u00e1lne 10 % ov\u010dieho mlieka. V z\u00e1vislosti od zrenia sa vyskytuje v dvoch druhoch: polosurov\u00fd (2 a\u017e 4 mesiace zrenia) a zren\u00fd (4 a\u017e 6 mesiacov zrenia).<\/p>\n","protected":false},"featured_media":38996,"template":"","meta":{"_et_pb_use_builder":"","_et_pb_old_content":"","_et_gb_content_width":""},"product_brand":[1319],"product_cat":[2734,1820,2264],"product_tag":[],"class_list":{"0":"post-38990","1":"product","2":"type-product","3":"status-publish","4":"has-post-thumbnail","6":"product_brand-el-gran-cardenal","7":"product_cat-liecba","8":"product_cat-studena","9":"product_cat-syr-a-klobasa","10":"product_shipping_class-zasielka-za-studena","12":"first","13":"outofstock","14":"taxable","15":"shipping-taxable","16":"product-type-variable"},"_links":{"self":[{"href":"https:\/\/myspainfood.com\/sk\/wp-json\/wp\/v2\/product\/38990","targetHints":{"allow":["GET"]}}],"collection":[{"href":"https:\/\/myspainfood.com\/sk\/wp-json\/wp\/v2\/product"}],"about":[{"href":"https:\/\/myspainfood.com\/sk\/wp-json\/wp\/v2\/types\/product"}],"wp:featuredmedia":[{"embeddable":true,"href":"https:\/\/myspainfood.com\/sk\/wp-json\/wp\/v2\/media\/38996"}],"wp:attachment":[{"href":"https:\/\/myspainfood.com\/sk\/wp-json\/wp\/v2\/media?parent=38990"}],"wp:term":[{"taxonomy":"product_brand","embeddable":true,"href":"https:\/\/myspainfood.com\/sk\/wp-json\/wp\/v2\/product_brand?post=38990"},{"taxonomy":"product_cat","embeddable":true,"href":"https:\/\/myspainfood.com\/sk\/wp-json\/wp\/v2\/product_cat?post=38990"},{"taxonomy":"product_tag","embeddable":true,"href":"https:\/\/myspainfood.com\/sk\/wp-json\/wp\/v2\/product_tag?post=38990"}],"curies":[{"name":"wp","href":"https:\/\/api.w.org\/{rel}","templated":true}]}}