{"id":39164,"date":"2025-04-10T12:09:22","date_gmt":"2025-04-10T10:09:22","guid":{"rendered":"https:\/\/myspainfood.com\/producto\/oti-nakladane-musle-40-60-kusov-vyrobene-v-galicii\/"},"modified":"2025-04-10T12:09:22","modified_gmt":"2025-04-10T10:09:22","slug":"oti-nakladane-musle-40-60-kusov-vyrobene-v-galicii","status":"publish","type":"product","link":"https:\/\/myspainfood.com\/sk\/producto\/oti-nakladane-musle-40-60-kusov-vyrobene-v-galicii\/","title":{"rendered":"Oti nakladan\u00e9 mu\u0161le 40\/60 kusov vyroben\u00e9 v Gal\u00edcii"},"content":{"rendered":"<p>Najkvalitnej\u0161ie a najv\u00e4\u010d\u0161ie vzorky sa z\u00edskavaj\u00fa v optim\u00e1lnom okamihu z najlep\u0161\u00edch panv\u00edc. Vynikaj\u00faci vzh\u013ead, rovnomern\u00e1 farba, \u010dist\u00e9 f\u00fazy a ve\u013emi chutn\u00e9 m\u00e4so s\u00fa v\u00fdsledkom starostliv\u00e9ho v\u00fdberu a spracovania. Na v\u00fdrobu lahodnej nakladanej om\u00e1\u010dky, ktor\u00e1 je ide\u00e1lnou pr\u00edlohou k tomuto m\u00e4kk\u00fd\u0161ovi, sa pou\u017e\u00edvaj\u00fa najkvalitnej\u0161ie pr\u00edsady.  <\/p>\n","protected":false},"excerpt":{"rendered":"<p>Najkvalitnej\u0161ie a najv\u00e4\u010d\u0161ie vzorky sa z\u00edskavaj\u00fa v optim\u00e1lnom okamihu z najlep\u0161\u00edch panv\u00edc. Vynikaj\u00faci vzh\u013ead, rovnomern\u00e1 farba, \u010dist\u00e9 f\u00fazy a ve\u013emi chutn\u00e9 m\u00e4so s\u00fa v\u00fdsledkom starostliv\u00e9ho v\u00fdberu a spracovania. Na v\u00fdrobu lahodnej nakladanej om\u00e1\u010dky, ktor\u00e1 je ide\u00e1lnou pr\u00edlohou k tomuto m\u00e4kk\u00fd\u0161ovi, sa pou\u017e\u00edvaj\u00fa najkvalitnej\u0161ie pr\u00edsady.<\/p>\n","protected":false},"featured_media":24319,"template":"","meta":{"_et_pb_use_builder":"","_et_pb_old_content":"","_et_gb_content_width":""},"product_brand":[1075],"product_cat":[4059,2872,1979],"product_tag":[],"class_list":{"0":"post-39164","1":"product","2":"type-product","3":"status-publish","4":"has-post-thumbnail","6":"product_brand-oti","7":"product_cat-musle-sk-3","8":"product_cat-velkoobchod","9":"product_cat-zachovava-sk","11":"first","12":"outofstock","13":"taxable","14":"shipping-taxable","15":"purchasable","16":"product-type-simple"},"_links":{"self":[{"href":"https:\/\/myspainfood.com\/sk\/wp-json\/wp\/v2\/product\/39164","targetHints":{"allow":["GET"]}}],"collection":[{"href":"https:\/\/myspainfood.com\/sk\/wp-json\/wp\/v2\/product"}],"about":[{"href":"https:\/\/myspainfood.com\/sk\/wp-json\/wp\/v2\/types\/product"}],"wp:featuredmedia":[{"embeddable":true,"href":"https:\/\/myspainfood.com\/sk\/wp-json\/wp\/v2\/media\/24319"}],"wp:attachment":[{"href":"https:\/\/myspainfood.com\/sk\/wp-json\/wp\/v2\/media?parent=39164"}],"wp:term":[{"taxonomy":"product_brand","embeddable":true,"href":"https:\/\/myspainfood.com\/sk\/wp-json\/wp\/v2\/product_brand?post=39164"},{"taxonomy":"product_cat","embeddable":true,"href":"https:\/\/myspainfood.com\/sk\/wp-json\/wp\/v2\/product_cat?post=39164"},{"taxonomy":"product_tag","embeddable":true,"href":"https:\/\/myspainfood.com\/sk\/wp-json\/wp\/v2\/product_tag?post=39164"}],"curies":[{"name":"wp","href":"https:\/\/api.w.org\/{rel}","templated":true}]}}