{"id":40400,"date":"2025-04-10T12:12:57","date_gmt":"2025-04-10T10:12:57","guid":{"rendered":"https:\/\/myspainfood.com\/producto\/la-vieja-fabrica-malinovy-dzem-280-g\/"},"modified":"2025-04-10T12:12:57","modified_gmt":"2025-04-10T10:12:57","slug":"la-vieja-fabrica-malinovy-dzem-280-g","status":"publish","type":"product","link":"https:\/\/myspainfood.com\/sk\/producto\/la-vieja-fabrica-malinovy-dzem-280-g\/","title":{"rendered":"La Vieja F\u00e1brica Malinov\u00fd d\u017eem 280 g"},"content":{"rendered":"<p>Malinov\u00fd d\u017eem La Vieja F\u00e1brica je gurm\u00e1nsky v\u00fdrobok, ktor\u00fd vynik\u00e1 intenz\u00edvnou chu\u0165ou a pr\u00edpravou z najkvalitnej\u0161\u00edch surov\u00edn. Tento d\u017eem sa vyr\u00e1ba z \u010derstv\u00fdch a vybran\u00fdch mal\u00edn a pon\u00faka jedine\u010dn\u00fd chu\u0165ov\u00fd z\u00e1\u017eitok, ktor\u00fd zachyt\u00e1va podstatu ovocia v ka\u017edom s\u00faste. <\/p>\n<p><span class=\"info-key \"><strong>N\u00e1zov potraviny<\/strong>:<\/span> Malinov\u00fd d\u017eem<\/p>\n<p><span class=\"info-key \"><strong>N\u00e1zov prev\u00e1dzkovate\u013ea:<\/strong><\/span> \u00c1ngel Camacho Alimentaci\u00f3n, S.L.<\/p>\n<p><strong><span class=\"info-key \">Adresa prev\u00e1dzkovate\u013ea:<\/span><\/strong> del Pilar, 6 - 41530 Mor\u00f3n de la Frontera (Sevilla).<\/p>\n<p><span class=\"info-key \"><strong>Miesto p\u00f4vodu potraviny<\/strong>:<\/span> v\u00fdrobok zo \u0160panielska<\/p>\n<p><strong><span class=\"info-key \">\u010cist\u00e9 mno\u017estvo:<\/span><\/strong> 350 g<\/p>\n<p><strong><span class=\"info-key \">\u010eal\u0161ie povinn\u00e9 inform\u00e1cie na etikete:<\/span><\/strong> Vyroben\u00e9 zo 45 g mal\u00edn na 100 g.<\/p>\n<p><strong>Celkov\u00fd obsah cukru<\/strong> 50 g na 100 g.<\/p>\n","protected":false},"excerpt":{"rendered":"<p>Malinov\u00fd d\u017eem La Vieja F\u00e1brica je gurm\u00e1nsky v\u00fdrobok, ktor\u00fd vynik\u00e1 intenz\u00edvnou chu\u0165ou a pr\u00edpravou z najkvalitnej\u0161\u00edch surov\u00edn. Tento d\u017eem sa vyr\u00e1ba z \u010derstv\u00fdch a vybran\u00fdch mal\u00edn a pon\u00faka jedine\u010dn\u00fd chu\u0165ov\u00fd z\u00e1\u017eitok, ktor\u00fd zachyt\u00e1va podstatu ovocia v ka\u017edom s\u00faste. N\u00e1zov potraviny: Malinov\u00fd d\u017eem N\u00e1zov prev\u00e1dzkovate\u013ea: \u00c1ngel Camacho Alimentaci\u00f3n, S.L. Adresa prev\u00e1dzkovate\u013ea: del Pilar, 6 - 41530 [&hellip;]<\/p>\n","protected":false},"featured_media":40406,"template":"","meta":{"_et_pb_use_builder":"","_et_pb_old_content":"","_et_gb_content_width":""},"product_brand":[1460],"product_cat":[1979],"product_tag":[],"class_list":{"0":"post-40400","1":"product","2":"type-product","3":"status-publish","4":"has-post-thumbnail","6":"product_brand-la-vieja-fabrica","7":"product_cat-zachovava-sk","9":"first","10":"outofstock","11":"taxable","12":"shipping-taxable","13":"product-type-variable"},"_links":{"self":[{"href":"https:\/\/myspainfood.com\/sk\/wp-json\/wp\/v2\/product\/40400","targetHints":{"allow":["GET"]}}],"collection":[{"href":"https:\/\/myspainfood.com\/sk\/wp-json\/wp\/v2\/product"}],"about":[{"href":"https:\/\/myspainfood.com\/sk\/wp-json\/wp\/v2\/types\/product"}],"wp:featuredmedia":[{"embeddable":true,"href":"https:\/\/myspainfood.com\/sk\/wp-json\/wp\/v2\/media\/40406"}],"wp:attachment":[{"href":"https:\/\/myspainfood.com\/sk\/wp-json\/wp\/v2\/media?parent=40400"}],"wp:term":[{"taxonomy":"product_brand","embeddable":true,"href":"https:\/\/myspainfood.com\/sk\/wp-json\/wp\/v2\/product_brand?post=40400"},{"taxonomy":"product_cat","embeddable":true,"href":"https:\/\/myspainfood.com\/sk\/wp-json\/wp\/v2\/product_cat?post=40400"},{"taxonomy":"product_tag","embeddable":true,"href":"https:\/\/myspainfood.com\/sk\/wp-json\/wp\/v2\/product_tag?post=40400"}],"curies":[{"name":"wp","href":"https:\/\/api.w.org\/{rel}","templated":true}]}}