{"id":40487,"date":"2025-04-10T12:12:57","date_gmt":"2025-04-10T10:12:57","guid":{"rendered":"https:\/\/myspainfood.com\/producto\/la-vieja-fabrica-jahodovy-dzem-diet-280-g\/"},"modified":"2025-04-10T12:12:57","modified_gmt":"2025-04-10T10:12:57","slug":"la-vieja-fabrica-jahodovy-dzem-diet-280-g","status":"publish","type":"product","link":"https:\/\/myspainfood.com\/sk\/producto\/la-vieja-fabrica-jahodovy-dzem-diet-280-g\/","title":{"rendered":"La Vieja F\u00e1brica Jahodov\u00fd d\u017eem DIET 280 g"},"content":{"rendered":"<p>Dietn\u00fd jahodov\u00fd d\u017eem La Vieja F\u00e1brica je lahodnou a zdravou vo\u013ebou pre t\u00fdch, ktor\u00ed si chc\u00fa vychutna\u0165 autentick\u00fa chu\u0165 jah\u00f4d bez pridania rafinovan\u00fdch cukrov. Tento di\u00e9tny d\u017eem je vyroben\u00fd z pr\u00edrodn\u00fdch ingredienci\u00ed a n\u00edzkokalorick\u00fdch sladidiel a pon\u00faka ide\u00e1lnu alternat\u00edvu pre t\u00fdch, ktor\u00ed si str\u00e1\u017eia pr\u00edjem kal\u00f3ri\u00ed a glyk\u00e9mie. <\/p>\n<p><span class=\"info-key \"><strong>N\u00e1zov potraviny<\/strong>:<\/span> di\u00e9tny jahodov\u00fd d\u017eem<\/p>\n<p><span class=\"info-key \"><strong>N\u00e1zov prev\u00e1dzkovate\u013ea:<\/strong><\/span> \u00c1ngel Camacho Alimentaci\u00f3n, S.L.<\/p>\n<p><span class=\"info-key \"><strong>Adresa prev\u00e1dzkovate\u013ea:<\/strong><\/span> Avda. del Pilar, 6 - 41530 Mor\u00f3n de la Frontera (Sevilla)<\/p>\n<p><strong><span class=\"info-key \">Miesto p\u00f4vodu potraviny:<\/span><\/strong> V\u00fdrobok zo \u0160panielska<\/p>\n<p><strong><span class=\"info-key \">\u010cist\u00e9 mno\u017estvo:<\/span><\/strong> 280 g<\/p>\n<p><strong><span class=\"info-key \">\u010eal\u0161ie povinn\u00e9 inform\u00e1cie na etikete:<\/span><\/strong> Vhodn\u00e9 pre diabetikov. Vyroben\u00e9 z 55 g jah\u00f4d na 100 g. <\/p>\n<p><strong>Celkov\u00fd obsah cukru<\/strong> 42 g na 100 g.<\/p>\n","protected":false},"excerpt":{"rendered":"<p>Dietn\u00fd jahodov\u00fd d\u017eem La Vieja F\u00e1brica je lahodnou a zdravou vo\u013ebou pre t\u00fdch, ktor\u00ed si chc\u00fa vychutna\u0165 autentick\u00fa chu\u0165 jah\u00f4d bez pridania rafinovan\u00fdch cukrov. Tento di\u00e9tny d\u017eem je vyroben\u00fd z pr\u00edrodn\u00fdch ingredienci\u00ed a n\u00edzkokalorick\u00fdch sladidiel a pon\u00faka ide\u00e1lnu alternat\u00edvu pre t\u00fdch, ktor\u00ed si str\u00e1\u017eia pr\u00edjem kal\u00f3ri\u00ed a glyk\u00e9mie. N\u00e1zov potraviny: di\u00e9tny jahodov\u00fd d\u017eem N\u00e1zov prev\u00e1dzkovate\u013ea: [&hellip;]<\/p>\n","protected":false},"featured_media":40493,"template":"","meta":{"_et_pb_use_builder":"","_et_pb_old_content":"","_et_gb_content_width":""},"product_brand":[1460],"product_cat":[1979],"product_tag":[],"class_list":{"0":"post-40487","1":"product","2":"type-product","3":"status-publish","4":"has-post-thumbnail","6":"product_brand-la-vieja-fabrica","7":"product_cat-zachovava-sk","9":"first","10":"outofstock","11":"taxable","12":"shipping-taxable","13":"product-type-variable"},"_links":{"self":[{"href":"https:\/\/myspainfood.com\/sk\/wp-json\/wp\/v2\/product\/40487","targetHints":{"allow":["GET"]}}],"collection":[{"href":"https:\/\/myspainfood.com\/sk\/wp-json\/wp\/v2\/product"}],"about":[{"href":"https:\/\/myspainfood.com\/sk\/wp-json\/wp\/v2\/types\/product"}],"wp:featuredmedia":[{"embeddable":true,"href":"https:\/\/myspainfood.com\/sk\/wp-json\/wp\/v2\/media\/40493"}],"wp:attachment":[{"href":"https:\/\/myspainfood.com\/sk\/wp-json\/wp\/v2\/media?parent=40487"}],"wp:term":[{"taxonomy":"product_brand","embeddable":true,"href":"https:\/\/myspainfood.com\/sk\/wp-json\/wp\/v2\/product_brand?post=40487"},{"taxonomy":"product_cat","embeddable":true,"href":"https:\/\/myspainfood.com\/sk\/wp-json\/wp\/v2\/product_cat?post=40487"},{"taxonomy":"product_tag","embeddable":true,"href":"https:\/\/myspainfood.com\/sk\/wp-json\/wp\/v2\/product_tag?post=40487"}],"curies":[{"name":"wp","href":"https:\/\/api.w.org\/{rel}","templated":true}]}}