{"id":40533,"date":"2025-04-10T12:12:57","date_gmt":"2025-04-10T10:12:57","guid":{"rendered":"https:\/\/myspainfood.com\/producto\/la-vieja-fabrica-dzem-z-lesneho-ovocia-280-g\/"},"modified":"2025-04-10T12:12:57","modified_gmt":"2025-04-10T10:12:57","slug":"la-vieja-fabrica-dzem-z-lesneho-ovocia-280-g","status":"publish","type":"product","link":"https:\/\/myspainfood.com\/sk\/producto\/la-vieja-fabrica-dzem-z-lesneho-ovocia-280-g\/","title":{"rendered":"La Vieja F\u00e1brica D\u017eem z lesn\u00e9ho ovocia 280 g"},"content":{"rendered":"<p>D\u017eem z lesn\u00fdch plodov La Vieja F\u00e1brica je vynikaj\u00facou kombin\u00e1ciou najlep\u0161\u00edch lesn\u00fdch plodov, ktor\u00e9 s\u00fa starostlivo vybran\u00e9 tak, aby pon\u00fakali jedine\u010dn\u00fa a lahodn\u00fa chu\u0165. Tento v\u00fdrobok vynik\u00e1 svojou remeselnou v\u00fdrobou a snahou o kvalitu a poskytuje gastronomick\u00fd z\u00e1\u017eitok, ktor\u00fd v ka\u017edej ly\u017ei\u010dke evokuje podstatu pr\u00edrody. <\/p>\n<p><span class=\"info-key \"><strong>N\u00e1zov potraviny<\/strong>:<\/span> D\u017eem z lesn\u00fdch plodov<\/p>\n<p><span class=\"info-key \"><strong>N\u00e1zov prev\u00e1dzkovate\u013ea:<\/strong><\/span> \u00c1ngel Camacho Alimentaci\u00f3n, S.L.<\/p>\n<p><strong><span class=\"info-key \">Adresa prev\u00e1dzkovate\u013ea:<\/span><\/strong> del Pilar, 6 - 41530 Mor\u00f3n de la Frontera (Sevilla).<\/p>\n<p><span class=\"info-key \"><strong>Miesto p\u00f4vodu potraviny<\/strong>:<\/span> v\u00fdrobok zo \u0160panielska<\/p>\n<p><span class=\"info-key \"><strong>\u010cist\u00e9 mno\u017estvo:<\/strong><\/span> 350 g<\/p>\n<p><span class=\"info-key \"><strong>\u010eal\u0161ie povinn\u00e9 \u00fadaje na etikete<\/strong>:<\/span> Vyroben\u00e9 zo 45 g bob\u00fa\u013e na 100 g.<\/p>\n<p> <strong> Celkov\u00fd obsah cukru<\/strong> 50 g na 100 g.<\/p>\n","protected":false},"excerpt":{"rendered":"<p>D\u017eem z lesn\u00fdch plodov La Vieja F\u00e1brica je vynikaj\u00facou kombin\u00e1ciou najlep\u0161\u00edch lesn\u00fdch plodov, ktor\u00e9 s\u00fa starostlivo vybran\u00e9 tak, aby pon\u00fakali jedine\u010dn\u00fa a lahodn\u00fa chu\u0165. Tento v\u00fdrobok vynik\u00e1 svojou remeselnou v\u00fdrobou a snahou o kvalitu a poskytuje gastronomick\u00fd z\u00e1\u017eitok, ktor\u00fd v ka\u017edej ly\u017ei\u010dke evokuje podstatu pr\u00edrody. N\u00e1zov potraviny: D\u017eem z lesn\u00fdch plodov N\u00e1zov prev\u00e1dzkovate\u013ea: \u00c1ngel Camacho [&hellip;]<\/p>\n","protected":false},"featured_media":40541,"template":"","meta":{"_et_pb_use_builder":"","_et_pb_old_content":"","_et_gb_content_width":""},"product_brand":[1460],"product_cat":[1979],"product_tag":[],"class_list":{"0":"post-40533","1":"product","2":"type-product","3":"status-publish","4":"has-post-thumbnail","6":"product_brand-la-vieja-fabrica","7":"product_cat-zachovava-sk","9":"first","10":"outofstock","11":"taxable","12":"shipping-taxable","13":"product-type-variable"},"_links":{"self":[{"href":"https:\/\/myspainfood.com\/sk\/wp-json\/wp\/v2\/product\/40533","targetHints":{"allow":["GET"]}}],"collection":[{"href":"https:\/\/myspainfood.com\/sk\/wp-json\/wp\/v2\/product"}],"about":[{"href":"https:\/\/myspainfood.com\/sk\/wp-json\/wp\/v2\/types\/product"}],"wp:featuredmedia":[{"embeddable":true,"href":"https:\/\/myspainfood.com\/sk\/wp-json\/wp\/v2\/media\/40541"}],"wp:attachment":[{"href":"https:\/\/myspainfood.com\/sk\/wp-json\/wp\/v2\/media?parent=40533"}],"wp:term":[{"taxonomy":"product_brand","embeddable":true,"href":"https:\/\/myspainfood.com\/sk\/wp-json\/wp\/v2\/product_brand?post=40533"},{"taxonomy":"product_cat","embeddable":true,"href":"https:\/\/myspainfood.com\/sk\/wp-json\/wp\/v2\/product_cat?post=40533"},{"taxonomy":"product_tag","embeddable":true,"href":"https:\/\/myspainfood.com\/sk\/wp-json\/wp\/v2\/product_tag?post=40533"}],"curies":[{"name":"wp","href":"https:\/\/api.w.org\/{rel}","templated":true}]}}