{"id":40702,"date":"2025-04-10T12:13:20","date_gmt":"2025-04-10T10:13:20","guid":{"rendered":"https:\/\/myspainfood.com\/producto\/vino-mataromera-ribera-del-duero-crianza-2019-oznacenie-povodu-75-cl\/"},"modified":"2026-01-29T12:52:27","modified_gmt":"2026-01-29T11:52:27","slug":"vino-mataromera-ribera-del-duero-crianza-2019-oznacenie-povodu-75-cl","status":"publish","type":"product","link":"https:\/\/myspainfood.com\/sk\/producto\/vino-mataromera-ribera-del-duero-crianza-2019-oznacenie-povodu-75-cl\/","title":{"rendered":"V\u00edno Mataromera Ribera del Duero Crianza 2019 Denominaci\u00f3n de Origen 75 cl"},"content":{"rendered":"<p>Mataromera je renomovan\u00e9 vin\u00e1rstvo v Ribera del Duero, zn\u00e1me svojou oddanos\u0165ou dokonalosti a pou\u017e\u00edvan\u00edm vinohradn\u00edckych a vin\u00e1rskych techn\u00edk, ktor\u00e9 re\u0161pektuj\u00fa trad\u00edcie aj inov\u00e1cie. Toto v\u00edno odr\u00e1\u017ea jedine\u010dn\u00fd charakter vin\u00edc nach\u00e1dzaj\u00facich sa na svahoch \u00fadolia Duero, kde extr\u00e9mne kontinent\u00e1lne podnebie a \u00edlovito-v\u00e1penat\u00e9 p\u00f4dy poskytuj\u00fa ide\u00e1lne podmienky na pestovanie Tempranilla. <\/p>\n<p>&nbsp;<\/p>\n<p>Toto v\u00edno je autentick\u00fdm prejavom Ribera del Duero a pon\u00faka bohat\u00fd a nezabudnute\u013en\u00fd zmyslov\u00fd z\u00e1\u017eitok. Ide\u00e1lne na v\u00fdnimo\u010dn\u00e9 oslavy alebo na vychutnanie si ho na sofistikovanej ve\u010deri. <\/p>\n<p>&nbsp;<\/p>\n<p>Zreje vo franc\u00fazskych a americk\u00fdch dubov\u00fdch sudoch pribli\u017ene 14 mesiacov, po ktor\u00fdch nasleduje \u010fal\u0161ie zu\u0161\u013each\u0165ovanie vo f\u013ea\u0161i.<\/p>\n","protected":false},"excerpt":{"rendered":"<p>Mataromera je renomovan\u00e9 vin\u00e1rstvo v Ribera del Duero, zn\u00e1me svojou oddanos\u0165ou dokonalosti a pou\u017e\u00edvan\u00edm vinohradn\u00edckych a vin\u00e1rskych techn\u00edk, ktor\u00e9 re\u0161pektuj\u00fa trad\u00edcie aj inov\u00e1cie. Toto v\u00edno odr\u00e1\u017ea jedine\u010dn\u00fd charakter vin\u00edc nach\u00e1dzaj\u00facich sa na svahoch \u00fadolia Duero, kde extr\u00e9mne kontinent\u00e1lne podnebie a \u00edlovito-v\u00e1penat\u00e9 p\u00f4dy poskytuj\u00fa ide\u00e1lne podmienky na pestovanie Tempranilla. &nbsp; Toto v\u00edno je autentick\u00fdm prejavom Ribera [&hellip;]<\/p>\n","protected":false},"featured_media":40708,"template":"","meta":{"_et_pb_use_builder":"","_et_pb_old_content":"","_et_gb_content_width":""},"product_brand":[1462],"product_cat":[4860,6261],"product_tag":[],"class_list":{"0":"post-40702","1":"product","2":"type-product","3":"status-publish","4":"has-post-thumbnail","6":"product_brand-matarromera","7":"product_cat-napoje","8":"product_cat-vino-sk-3","10":"first","11":"outofstock","12":"taxable","13":"shipping-taxable","14":"product-type-variable"},"_links":{"self":[{"href":"https:\/\/myspainfood.com\/sk\/wp-json\/wp\/v2\/product\/40702","targetHints":{"allow":["GET"]}}],"collection":[{"href":"https:\/\/myspainfood.com\/sk\/wp-json\/wp\/v2\/product"}],"about":[{"href":"https:\/\/myspainfood.com\/sk\/wp-json\/wp\/v2\/types\/product"}],"wp:featuredmedia":[{"embeddable":true,"href":"https:\/\/myspainfood.com\/sk\/wp-json\/wp\/v2\/media\/40708"}],"wp:attachment":[{"href":"https:\/\/myspainfood.com\/sk\/wp-json\/wp\/v2\/media?parent=40702"}],"wp:term":[{"taxonomy":"product_brand","embeddable":true,"href":"https:\/\/myspainfood.com\/sk\/wp-json\/wp\/v2\/product_brand?post=40702"},{"taxonomy":"product_cat","embeddable":true,"href":"https:\/\/myspainfood.com\/sk\/wp-json\/wp\/v2\/product_cat?post=40702"},{"taxonomy":"product_tag","embeddable":true,"href":"https:\/\/myspainfood.com\/sk\/wp-json\/wp\/v2\/product_tag?post=40702"}],"curies":[{"name":"wp","href":"https:\/\/api.w.org\/{rel}","templated":true}]}}