{"id":40744,"date":"2025-04-10T12:13:45","date_gmt":"2025-04-10T10:13:45","guid":{"rendered":"https:\/\/myspainfood.com\/producto\/sierra-zarza-gourmet-kozi-syr-750-gramov\/"},"modified":"2025-04-10T12:13:45","modified_gmt":"2025-04-10T10:13:45","slug":"sierra-zarza-gourmet-kozi-syr-750-gramov","status":"publish","type":"product","link":"https:\/\/myspainfood.com\/sk\/producto\/sierra-zarza-gourmet-kozi-syr-750-gramov\/","title":{"rendered":"Sierra Zarza Gourmet Koz\u00ed syr 750 gramov"},"content":{"rendered":"<p>Objavte autentick\u00fa esenciu vidieka s na\u0161\u00edm vynikaj\u00facim koz\u00edm syrom Sierra Zarza, ktor\u00fd je remeseln\u00fdm pote\u0161en\u00edm a steles\u0148uje trad\u00edciu a kvalitu naj\u010distej\u0161ieho kozieho mlieka. Tento syr poch\u00e1dza z vybran\u00fdch st\u00e1d, ktor\u00e9 sa vo\u013ene pas\u00fa na svahoch pohoria Sierra Zarza, a pon\u00faka jedine\u010dn\u00fd gastronomick\u00fd z\u00e1\u017eitok. <\/p>\n<p>Koz\u00ed syr Sierra Zarza sa dod\u00e1va v elegantnej \u00faprave, ktor\u00e1 je ide\u00e1lna na \u0161peci\u00e1lne pr\u00edle\u017eitosti aj na ka\u017edodenn\u00e9 pou\u017eitie. V\u00fdborne sa hod\u00ed k bielym a ru\u017eov\u00fdm v\u00ednam, je tie\u017e vynikaj\u00facim doplnkom \u0161al\u00e1tov, tapas a gurm\u00e1nskych dezertov. Jeho v\u0161estrannos\u0165 v kuchyni z neho rob\u00ed z\u00e1kladn\u00fa ingredienciu pre milovn\u00edkov dobr\u00e9ho jedla.  <\/p>\n<p>Objavte autentick\u00fa esenciu vidieka s na\u0161\u00edm vynikaj\u00facim koz\u00edm syrom Sierra Zarza, ktor\u00fd je remeseln\u00fdm pote\u0161en\u00edm a steles\u0148uje trad\u00edciu a kvalitu naj\u010distej\u0161ieho kozieho mlieka. Tento syr poch\u00e1dza z vybran\u00fdch st\u00e1d, ktor\u00e9 sa vo\u013ene pas\u00fa na svahoch pohoria Sierra Zarza, a pon\u00faka jedine\u010dn\u00fd gastronomick\u00fd z\u00e1\u017eitok. <\/p>\n<p>&nbsp;<\/p>\n<p>Koz\u00ed syr Sierra Zarza sa dod\u00e1va v elegantnej \u00faprave, ktor\u00e1 je ide\u00e1lna na \u0161peci\u00e1lne pr\u00edle\u017eitosti aj na ka\u017edodenn\u00e9 pou\u017eitie. V\u00fdborne sa hod\u00ed k bielym a ru\u017eov\u00fdm v\u00ednam, je tie\u017e vynikaj\u00facim doplnkom \u0161al\u00e1tov, tapas a gurm\u00e1nskych dezertov. Jeho v\u0161estrannos\u0165 v kuchyni z neho rob\u00ed z\u00e1kladn\u00fa ingredienciu pre milovn\u00edkov dobr\u00e9ho jedla.  <\/p>\n","protected":false},"excerpt":{"rendered":"<p>Objavte autentick\u00fa esenciu vidieka s na\u0161\u00edm vynikaj\u00facim koz\u00edm syrom Sierra Zarza, ktor\u00fd je remeseln\u00fdm pote\u0161en\u00edm a steles\u0148uje trad\u00edciu a kvalitu naj\u010distej\u0161ieho kozieho mlieka. Tento syr poch\u00e1dza z vybran\u00fdch st\u00e1d, ktor\u00e9 sa vo\u013ene pas\u00fa na svahoch pohoria Sierra Zarza, a pon\u00faka jedine\u010dn\u00fd gastronomick\u00fd z\u00e1\u017eitok. Koz\u00ed syr Sierra Zarza sa dod\u00e1va v elegantnej \u00faprave, ktor\u00e1 je ide\u00e1lna [&hellip;]<\/p>\n","protected":false},"featured_media":40749,"template":"","meta":{"_et_pb_use_builder":"","_et_pb_old_content":"","_et_gb_content_width":""},"product_brand":[1465],"product_cat":[2734,2264],"product_tag":[],"class_list":{"0":"post-40744","1":"product","2":"type-product","3":"status-publish","4":"has-post-thumbnail","6":"product_brand-sierra-zarza","7":"product_cat-liecba","8":"product_cat-syr-a-klobasa","10":"first","11":"outofstock","12":"taxable","13":"shipping-taxable","14":"purchasable","15":"product-type-variable"},"_links":{"self":[{"href":"https:\/\/myspainfood.com\/sk\/wp-json\/wp\/v2\/product\/40744","targetHints":{"allow":["GET"]}}],"collection":[{"href":"https:\/\/myspainfood.com\/sk\/wp-json\/wp\/v2\/product"}],"about":[{"href":"https:\/\/myspainfood.com\/sk\/wp-json\/wp\/v2\/types\/product"}],"wp:featuredmedia":[{"embeddable":true,"href":"https:\/\/myspainfood.com\/sk\/wp-json\/wp\/v2\/media\/40749"}],"wp:attachment":[{"href":"https:\/\/myspainfood.com\/sk\/wp-json\/wp\/v2\/media?parent=40744"}],"wp:term":[{"taxonomy":"product_brand","embeddable":true,"href":"https:\/\/myspainfood.com\/sk\/wp-json\/wp\/v2\/product_brand?post=40744"},{"taxonomy":"product_cat","embeddable":true,"href":"https:\/\/myspainfood.com\/sk\/wp-json\/wp\/v2\/product_cat?post=40744"},{"taxonomy":"product_tag","embeddable":true,"href":"https:\/\/myspainfood.com\/sk\/wp-json\/wp\/v2\/product_tag?post=40744"}],"curies":[{"name":"wp","href":"https:\/\/api.w.org\/{rel}","templated":true}]}}