{"id":40818,"date":"2025-04-10T12:13:45","date_gmt":"2025-04-10T10:13:45","guid":{"rendered":"https:\/\/myspainfood.com\/producto\/ramon-bilbao-rioja-crianza-2020-oznacenie-povodu-75-cl\/"},"modified":"2026-01-29T12:57:14","modified_gmt":"2026-01-29T11:57:14","slug":"ramon-bilbao-rioja-crianza-2020-oznacenie-povodu-75-cl","status":"publish","type":"product","link":"https:\/\/myspainfood.com\/sk\/producto\/ramon-bilbao-rioja-crianza-2020-oznacenie-povodu-75-cl\/","title":{"rendered":"Ramon Bilbao Rioja Crianza 2020 Ozna\u010denie p\u00f4vodu 75 cl"},"content":{"rendered":"<p>Objavte dokonalos\u0165 Rioje s \u010derven\u00fdm v\u00ednom Ram\u00f3n Bilbao Crianza 2020, ktor\u00e9 odr\u00e1\u017ea trad\u00edciu a inovat\u00edvneho ducha jedn\u00e9ho z najprest\u00ed\u017enej\u0161\u00edch \u0161panielskych vin\u00e1rstiev. Toto v\u00edno, vyroben\u00e9 s d\u00f4kladnou pozornos\u0165ou k detailom, je autentickou reprezent\u00e1ciou kvality a charakteru regi\u00f3nu Rioja. <\/p>\n<p>&nbsp;<\/p>\n<p>Vin\u00e1rstvo Ram\u00f3n Bilbao, zalo\u017een\u00e9 v roku 1924, sp\u00e1ja vin\u00e1rsku trad\u00edciu Rioja s inovat\u00edvnou v\u00edziou a vytv\u00e1ra v\u00edna, ktor\u00e9 s\u00fa poctou dedi\u010dstvu regi\u00f3nu a z\u00e1rove\u0148 vyjadren\u00edm modernosti. Ram\u00f3n Bilbao Crianza 2020 je v\u00edno, ktor\u00e9 v\u00e1s poz\u00fdva objavova\u0165 bohatstvo a rozmanitos\u0165 Rioje, ide\u00e1lne na ka\u017ed\u00fa pr\u00edle\u017eitos\u0165, od sl\u00e1vnostn\u00fdch ve\u010der\u00ed a\u017e po neform\u00e1lne stretnutia. <\/p>\n","protected":false},"excerpt":{"rendered":"<p>Objavte dokonalos\u0165 Rioje s \u010derven\u00fdm v\u00ednom Ram\u00f3n Bilbao Crianza 2020, ktor\u00e9 odr\u00e1\u017ea trad\u00edciu a inovat\u00edvneho ducha jedn\u00e9ho z najprest\u00ed\u017enej\u0161\u00edch \u0161panielskych vin\u00e1rstiev. Toto v\u00edno, vyroben\u00e9 s d\u00f4kladnou pozornos\u0165ou k detailom, je autentickou reprezent\u00e1ciou kvality a charakteru regi\u00f3nu Rioja. &nbsp; Vin\u00e1rstvo Ram\u00f3n Bilbao, zalo\u017een\u00e9 v roku 1924, sp\u00e1ja vin\u00e1rsku trad\u00edciu Rioja s inovat\u00edvnou v\u00edziou a vytv\u00e1ra v\u00edna, [&hellip;]<\/p>\n","protected":false},"featured_media":40825,"template":"","meta":{"_et_pb_use_builder":"","_et_pb_old_content":"","_et_gb_content_width":""},"product_brand":[1463],"product_cat":[4860,6261],"product_tag":[],"class_list":{"0":"post-40818","1":"product","2":"type-product","3":"status-publish","4":"has-post-thumbnail","6":"product_brand-ramon-bilbao","7":"product_cat-napoje","8":"product_cat-vino-sk-3","10":"first","11":"outofstock","12":"taxable","13":"shipping-taxable","14":"product-type-variable"},"_links":{"self":[{"href":"https:\/\/myspainfood.com\/sk\/wp-json\/wp\/v2\/product\/40818","targetHints":{"allow":["GET"]}}],"collection":[{"href":"https:\/\/myspainfood.com\/sk\/wp-json\/wp\/v2\/product"}],"about":[{"href":"https:\/\/myspainfood.com\/sk\/wp-json\/wp\/v2\/types\/product"}],"wp:featuredmedia":[{"embeddable":true,"href":"https:\/\/myspainfood.com\/sk\/wp-json\/wp\/v2\/media\/40825"}],"wp:attachment":[{"href":"https:\/\/myspainfood.com\/sk\/wp-json\/wp\/v2\/media?parent=40818"}],"wp:term":[{"taxonomy":"product_brand","embeddable":true,"href":"https:\/\/myspainfood.com\/sk\/wp-json\/wp\/v2\/product_brand?post=40818"},{"taxonomy":"product_cat","embeddable":true,"href":"https:\/\/myspainfood.com\/sk\/wp-json\/wp\/v2\/product_cat?post=40818"},{"taxonomy":"product_tag","embeddable":true,"href":"https:\/\/myspainfood.com\/sk\/wp-json\/wp\/v2\/product_tag?post=40818"}],"curies":[{"name":"wp","href":"https:\/\/api.w.org\/{rel}","templated":true}]}}