{"id":40862,"date":"2025-04-10T12:14:06","date_gmt":"2025-04-10T10:14:06","guid":{"rendered":"https:\/\/myspainfood.com\/producto\/a-inigo-garbanzos-de-primera-3-kg\/"},"modified":"2025-04-10T12:14:06","modified_gmt":"2025-04-10T10:14:06","slug":"a-inigo-garbanzos-de-primera-3-kg","status":"publish","type":"product","link":"https:\/\/myspainfood.com\/sk\/producto\/a-inigo-garbanzos-de-primera-3-kg\/","title":{"rendered":"A. I\u00f1igo Garbanzos de Primera 3 kg"},"content":{"rendered":"<p>Objavte <strong>c\u00edcer Primera A. I\u00f1igo. I\u00f1igo<\/strong>, starostlivo vybran\u00fd, aby v\u00e1m pon\u00fakol najlep\u0161iu kvalitu a chu\u0165 ka\u017edej fazule. Tento pr\u00e9miov\u00fd c\u00edcer je dokonalou ingredienciou, ktor\u00e1 pozdvihne \u00farove\u0148 va\u0161ich pokrmov a poskytuje hladk\u00fa a kr\u00e9mov\u00fa \u0161trukt\u00faru, ktor\u00e1 sa prisp\u00f4sob\u00ed \u0161irokej \u0161k\u00e1le receptov. <\/p>\n<p><strong>V\u00fdhody:<\/strong><\/p>\n<ul>\n<li><strong>V\u00fd\u017eivn\u00e9:<\/strong> Vysok\u00fd obsah vl\u00e1kniny a bielkov\u00edn, ktor\u00e9 s\u00fa nevyhnutn\u00e9 pre zdrav\u00fa a vyv\u00e1\u017een\u00fa stravu.<\/li>\n<li><strong>Energetick\u00e9:<\/strong> Dod\u00e1vaj\u00fa energiu a zas\u00fdtia a s\u00fa ide\u00e1lne na ak\u00e9ko\u013evek jedlo po\u010das d\u0148a.<\/li>\n<li><strong>Zdrav\u00e9:<\/strong> Bez pr\u00eddavn\u00fdch l\u00e1tok a konzerva\u010dn\u00fdch l\u00e1tok s\u00fa prirodzenou a zdravou vo\u013ebou pre cel\u00fa rodinu.<\/li>\n<li><strong>V\u0161estrannos\u0165 v kuchyni:<\/strong> Prisp\u00f4sobuj\u00fa sa \u0161irokej \u0161k\u00e1le tradi\u010dn\u00fdch aj modern\u00fdch receptov a umo\u017e\u0148uj\u00fa vytv\u00e1ra\u0165 chutn\u00e9 a v\u00fd\u017eivn\u00e9 jedl\u00e1.<\/li>\n<\/ul>\n<p><strong>Odpor\u00fa\u010dania na pou\u017eitie:<\/strong><\/p>\n<ul>\n<li><strong>\u0160al\u00e1ty:<\/strong> Pridajte ich do \u0161al\u00e1tov, aby ste im dodali text\u00faru a v\u00fd\u017eivn\u00e9 l\u00e1tky.<\/li>\n<li><strong>Dusen\u00e9 m\u00e4so a polievky:<\/strong> Ide\u00e1lne na obohatenie dusen\u00e9ho m\u00e4sa, hydiny alebo zeleniny, ako aj na pr\u00edpravu upokojuj\u00facich polievok.<\/li>\n<li><strong>Hummus:<\/strong> Pou\u017eite ich na pr\u00edpravu dom\u00e1ceho hummusu, pridajte tahini, citr\u00f3n, cesnak a olivov\u00fd olej.<\/li>\n<li><strong>Tradi\u010dn\u00e9 jedl\u00e1:<\/strong> Ide\u00e1lne na dusen\u00e9 jedl\u00e1, zapekan\u00e9 jedl\u00e1 a in\u00e9 tradi\u010dn\u00e9 \u0161panielske recepty.<\/li>\n<\/ul>\n<p><strong>Ochrana pr\u00edrody:<\/strong><\/p>\n<ul>\n<li>Skladujte na chladnom a suchom mieste.<\/li>\n<li>Uchov\u00e1vajte n\u00e1dobu tesne uzavret\u00fa, aby sa zachovala \u010derstvos\u0165.<\/li>\n<\/ul>\n","protected":false},"excerpt":{"rendered":"<p>Objavte c\u00edcer Primera A. I\u00f1igo. I\u00f1igo, starostlivo vybran\u00fd, aby v\u00e1m pon\u00fakol najlep\u0161iu kvalitu a chu\u0165 ka\u017edej fazule. Tento pr\u00e9miov\u00fd c\u00edcer je dokonalou ingredienciou, ktor\u00e1 pozdvihne \u00farove\u0148 va\u0161ich pokrmov a poskytuje hladk\u00fa a kr\u00e9mov\u00fa \u0161trukt\u00faru, ktor\u00e1 sa prisp\u00f4sob\u00ed \u0161irokej \u0161k\u00e1le receptov. V\u00fdhody: V\u00fd\u017eivn\u00e9: Vysok\u00fd obsah vl\u00e1kniny a bielkov\u00edn, ktor\u00e9 s\u00fa nevyhnutn\u00e9 pre zdrav\u00fa a vyv\u00e1\u017een\u00fa stravu. [&hellip;]<\/p>\n","protected":false},"featured_media":40870,"template":"","meta":{"_et_pb_use_builder":"","_et_pb_old_content":"","_et_gb_content_width":""},"product_brand":[1461],"product_cat":[8046],"product_tag":[],"class_list":{"0":"post-40862","1":"product","2":"type-product","3":"status-publish","4":"has-post-thumbnail","6":"product_brand-a-inigo","7":"product_cat-kategoria-testovania","9":"first","10":"outofstock","11":"taxable","12":"shipping-taxable","13":"product-type-variable"},"_links":{"self":[{"href":"https:\/\/myspainfood.com\/sk\/wp-json\/wp\/v2\/product\/40862","targetHints":{"allow":["GET"]}}],"collection":[{"href":"https:\/\/myspainfood.com\/sk\/wp-json\/wp\/v2\/product"}],"about":[{"href":"https:\/\/myspainfood.com\/sk\/wp-json\/wp\/v2\/types\/product"}],"wp:featuredmedia":[{"embeddable":true,"href":"https:\/\/myspainfood.com\/sk\/wp-json\/wp\/v2\/media\/40870"}],"wp:attachment":[{"href":"https:\/\/myspainfood.com\/sk\/wp-json\/wp\/v2\/media?parent=40862"}],"wp:term":[{"taxonomy":"product_brand","embeddable":true,"href":"https:\/\/myspainfood.com\/sk\/wp-json\/wp\/v2\/product_brand?post=40862"},{"taxonomy":"product_cat","embeddable":true,"href":"https:\/\/myspainfood.com\/sk\/wp-json\/wp\/v2\/product_cat?post=40862"},{"taxonomy":"product_tag","embeddable":true,"href":"https:\/\/myspainfood.com\/sk\/wp-json\/wp\/v2\/product_tag?post=40862"}],"curies":[{"name":"wp","href":"https:\/\/api.w.org\/{rel}","templated":true}]}}