{"id":41036,"date":"2025-04-10T12:14:06","date_gmt":"2025-04-10T10:14:06","guid":{"rendered":"https:\/\/myspainfood.com\/producto\/pasteta-z-nakladaneho-tuniaka-cusumano-delicious-gourmet-170-gr\/"},"modified":"2025-04-10T12:14:06","modified_gmt":"2025-04-10T10:14:06","slug":"pasteta-z-nakladaneho-tuniaka-cusumano-delicious-gourmet-170-gr","status":"publish","type":"product","link":"https:\/\/myspainfood.com\/sk\/producto\/pasteta-z-nakladaneho-tuniaka-cusumano-delicious-gourmet-170-gr\/","title":{"rendered":"Pa\u0161t\u00e9ta z nakladan\u00e9ho tuniaka Cusumano - Delicious &amp; Gourmet - 170 gr"},"content":{"rendered":"<p>Pa\u0161t\u00e9ta z tuniaka Cusumano je gurm\u00e1nska poch\u00fa\u0165ka vyroben\u00e1 z vysokokvalitn\u00e9ho tuniaka, ktor\u00fd je starostlivo vybran\u00fd a spracovan\u00fd tak, aby mal neporovnate\u013en\u00fa chu\u0165 a jemn\u00fa \u0161trukt\u00faru. T\u00e1to pa\u0161t\u00e9ta je ide\u00e1lna pre milovn\u00edkov jedla a sp\u00e1ja to najlep\u0161ie z mora s pr\u00edrodn\u00fdmi zlo\u017ekami a n\u00e1dychom rafinovanosti. <\/p>\n<ul>\n<li><strong>Zna\u010dka:<\/strong> Cusumano<\/li>\n<li><strong>Typ v\u00fdrobku:<\/strong> Pa\u0161t\u00e9ta z tuniaka<\/li>\n<li><strong>Prezent\u00e1cia:<\/strong> Plechovka alebo sklenen\u00e1 n\u00e1doba<\/li>\n<li><strong>\u010cist\u00e1 hmotnos\u0165:<\/strong> (uve\u010fte presn\u00fa hmotnos\u0165, napr. 100g, 200g)<\/li>\n<li><strong>Zlo\u017eenie:<\/strong> Tu\u0148\u00e1k, olivov\u00fd olej, pr\u00edrodn\u00e9 korenie, so\u013e (a \u010fal\u0161ie pr\u00edrodn\u00e9 zlo\u017eky, ak s\u00fa k dispoz\u00edcii).<\/li>\n<li><strong>Skladovanie<\/strong>: Skladujte na chladnom a suchom mieste. Po otvoren\u00ed uchov\u00e1vajte v chlade a spotrebujte do (uve\u010fte \u010das, napr. 3 dni). <\/li>\n<\/ul>\n<p>Pa\u0161t\u00e9ta z tuniaka Cusumano sa vyzna\u010duje jemnou a rafinovanou chu\u0165ou s dokonalou rovnov\u00e1hou medzi chu\u0165ou tuniaka a jemn\u00fdmi t\u00f3nmi pr\u00edrodn\u00e9ho korenia. Jej text\u00fara je kr\u00e9mov\u00e1 a \u013eahko sa rozotiera, \u010do z nej rob\u00ed ide\u00e1lnu vo\u013ebu na \u0161peci\u00e1lne pr\u00edle\u017eitosti aj na ka\u017edodenn\u00e9 vychutn\u00e1vanie. <\/p>\n","protected":false},"excerpt":{"rendered":"<p>Pa\u0161t\u00e9ta z tuniaka Cusumano je gurm\u00e1nska poch\u00fa\u0165ka vyroben\u00e1 z vysokokvalitn\u00e9ho tuniaka, ktor\u00fd je starostlivo vybran\u00fd a spracovan\u00fd tak, aby mal neporovnate\u013en\u00fa chu\u0165 a jemn\u00fa \u0161trukt\u00faru. T\u00e1to pa\u0161t\u00e9ta je ide\u00e1lna pre milovn\u00edkov jedla a sp\u00e1ja to najlep\u0161ie z mora s pr\u00edrodn\u00fdmi zlo\u017ekami a n\u00e1dychom rafinovanosti. Zna\u010dka: Cusumano Typ v\u00fdrobku: Pa\u0161t\u00e9ta z tuniaka Prezent\u00e1cia: Plechovka alebo sklenen\u00e1 [&hellip;]<\/p>\n","protected":false},"featured_media":41042,"template":"","meta":{"_et_pb_use_builder":"","_et_pb_old_content":"","_et_gb_content_width":""},"product_brand":[1272],"product_cat":[3734],"product_tag":[],"class_list":{"0":"post-41036","1":"product","2":"type-product","3":"status-publish","4":"has-post-thumbnail","6":"product_brand-cusumano","7":"product_cat-zachovava-sk-4","9":"first","10":"instock","11":"taxable","12":"shipping-taxable","13":"product-type-variable"},"_links":{"self":[{"href":"https:\/\/myspainfood.com\/sk\/wp-json\/wp\/v2\/product\/41036","targetHints":{"allow":["GET"]}}],"collection":[{"href":"https:\/\/myspainfood.com\/sk\/wp-json\/wp\/v2\/product"}],"about":[{"href":"https:\/\/myspainfood.com\/sk\/wp-json\/wp\/v2\/types\/product"}],"wp:featuredmedia":[{"embeddable":true,"href":"https:\/\/myspainfood.com\/sk\/wp-json\/wp\/v2\/media\/41042"}],"wp:attachment":[{"href":"https:\/\/myspainfood.com\/sk\/wp-json\/wp\/v2\/media?parent=41036"}],"wp:term":[{"taxonomy":"product_brand","embeddable":true,"href":"https:\/\/myspainfood.com\/sk\/wp-json\/wp\/v2\/product_brand?post=41036"},{"taxonomy":"product_cat","embeddable":true,"href":"https:\/\/myspainfood.com\/sk\/wp-json\/wp\/v2\/product_cat?post=41036"},{"taxonomy":"product_tag","embeddable":true,"href":"https:\/\/myspainfood.com\/sk\/wp-json\/wp\/v2\/product_tag?post=41036"}],"curies":[{"name":"wp","href":"https:\/\/api.w.org\/{rel}","templated":true}]}}