{"id":41079,"date":"2025-04-10T12:14:06","date_gmt":"2025-04-10T10:14:06","guid":{"rendered":"https:\/\/myspainfood.com\/producto\/pochas-blancas-de-navarra-a-inigo-autenticka-tradicna-chut-660-gr\/"},"modified":"2025-04-10T12:14:06","modified_gmt":"2025-04-10T10:14:06","slug":"pochas-blancas-de-navarra-a-inigo-autenticka-tradicna-chut-660-gr","status":"publish","type":"product","link":"https:\/\/myspainfood.com\/sk\/producto\/pochas-blancas-de-navarra-a-inigo-autenticka-tradicna-chut-660-gr\/","title":{"rendered":"Pochas Blancas de Navarra A. I\u00f1igo - autentick\u00e1 tradi\u010dn\u00e1 chu\u0165 660 gr"},"content":{"rendered":"<p>Pochas Blancas od spolo\u010dnosti A. I\u00f1igo s\u00fa tradi\u010dnou poch\u00fa\u0165kou z regi\u00f3nu Navarra, ktor\u00e1 je zn\u00e1ma svojou v\u00fdnimo\u010dnou kvalitou a chu\u0165ou. Tieto \u010derstv\u00e9 fazule sa zbieraj\u00fa v optim\u00e1lnej zrelosti a starostlivo sa balia, aby sa zachovala ich \u010derstvos\u0165 a v\u0161etky \u017eiviny. <\/p>\n<ul>\n<li><strong>P\u00f4vod:<\/strong> Navarra, \u0160panielsko<\/li>\n<li><strong>Druh fazule:<\/strong> biela fazu\u013ea<\/li>\n<li><strong>Prezent\u00e1cia:<\/strong> Sklenen\u00e1 n\u00e1doba<\/li>\n<li><strong>Zlo\u017eenie:<\/strong> Fazu\u013ea, voda, so\u013e, so\u013e.<\/li>\n<li><strong>Skladovanie<\/strong>: Skladujte na chladnom a suchom mieste.<\/li>\n<li><strong>Odpor\u00fa\u010dan\u00e9 pou\u017eitie:<\/strong> Ide\u00e1lne do dusen\u00fdch pokrmov, \u0161al\u00e1tov a tradi\u010dn\u00fdch navarsk\u00fdch a stredomorsk\u00fdch jed\u00e1l.<\/li>\n<\/ul>\n<p>Biela fazu\u013ea A. I\u00f1igo sa vyzna\u010duje jemnos\u0165ou a delik\u00e1tnou chu\u0165ou, ktor\u00e1 sa dokonale dop\u013a\u0148a s ostatn\u00fdmi pr\u00edsadami do polievok, dusen\u00fdch pokrmov a \u0161al\u00e1tov. V\u010faka ich jemnej \u0161trukt\u00fare a tenkej \u0161upke ich ocenia najm\u00e4 gurm\u00e1ni a milovn\u00edci tradi\u010dnej kuchyne. <\/p>\n","protected":false},"excerpt":{"rendered":"<p>Pochas Blancas od spolo\u010dnosti A. I\u00f1igo s\u00fa tradi\u010dnou poch\u00fa\u0165kou z regi\u00f3nu Navarra, ktor\u00e1 je zn\u00e1ma svojou v\u00fdnimo\u010dnou kvalitou a chu\u0165ou. Tieto \u010derstv\u00e9 fazule sa zbieraj\u00fa v optim\u00e1lnej zrelosti a starostlivo sa balia, aby sa zachovala ich \u010derstvos\u0165 a v\u0161etky \u017eiviny. P\u00f4vod: Navarra, \u0160panielsko Druh fazule: biela fazu\u013ea Prezent\u00e1cia: Sklenen\u00e1 n\u00e1doba Zlo\u017eenie: Fazu\u013ea, voda, so\u013e, so\u013e. [&hellip;]<\/p>\n","protected":false},"featured_media":41086,"template":"","meta":{"_et_pb_use_builder":"","_et_pb_old_content":"","_et_gb_content_width":""},"product_brand":[1461],"product_cat":[3734],"product_tag":[],"class_list":{"0":"post-41079","1":"product","2":"type-product","3":"status-publish","4":"has-post-thumbnail","6":"product_brand-a-inigo","7":"product_cat-zachovava-sk-4","9":"first","10":"outofstock","11":"taxable","12":"shipping-taxable","13":"purchasable","14":"product-type-variable"},"_links":{"self":[{"href":"https:\/\/myspainfood.com\/sk\/wp-json\/wp\/v2\/product\/41079","targetHints":{"allow":["GET"]}}],"collection":[{"href":"https:\/\/myspainfood.com\/sk\/wp-json\/wp\/v2\/product"}],"about":[{"href":"https:\/\/myspainfood.com\/sk\/wp-json\/wp\/v2\/types\/product"}],"wp:featuredmedia":[{"embeddable":true,"href":"https:\/\/myspainfood.com\/sk\/wp-json\/wp\/v2\/media\/41086"}],"wp:attachment":[{"href":"https:\/\/myspainfood.com\/sk\/wp-json\/wp\/v2\/media?parent=41079"}],"wp:term":[{"taxonomy":"product_brand","embeddable":true,"href":"https:\/\/myspainfood.com\/sk\/wp-json\/wp\/v2\/product_brand?post=41079"},{"taxonomy":"product_cat","embeddable":true,"href":"https:\/\/myspainfood.com\/sk\/wp-json\/wp\/v2\/product_cat?post=41079"},{"taxonomy":"product_tag","embeddable":true,"href":"https:\/\/myspainfood.com\/sk\/wp-json\/wp\/v2\/product_tag?post=41079"}],"curies":[{"name":"wp","href":"https:\/\/api.w.org\/{rel}","templated":true}]}}