{"id":41747,"date":"2025-04-10T12:12:29","date_gmt":"2025-04-10T10:12:29","guid":{"rendered":"https:\/\/myspainfood.com\/producto\/la-vieja-fabrica-broskynovy-dzem-diet-280-g\/"},"modified":"2025-04-10T12:12:29","modified_gmt":"2025-04-10T10:12:29","slug":"la-vieja-fabrica-broskynovy-dzem-diet-280-g","status":"publish","type":"product","link":"https:\/\/myspainfood.com\/sk\/producto\/la-vieja-fabrica-broskynovy-dzem-diet-280-g\/","title":{"rendered":"La Vieja F\u00e1brica Brosky\u0148ov\u00fd d\u017eem DIET 280 g"},"content":{"rendered":"<p>Di\u00e9tny brosky\u0148ov\u00fd d\u017eem La Vieja F\u00e1brica je lahodnou vo\u013ebou pre t\u00fdch, ktor\u00ed si chc\u00fa vychutna\u0165 autentick\u00fa chu\u0165 ovocia bez zbyto\u010dn\u00fdch kal\u00f3ri\u00ed. Tento d\u017eem vyroben\u00fd z vybran\u00fdch brosk\u00fd\u0148 pod\u013ea tradi\u010dn\u00fdch remeseln\u00fdch recept\u00far La Vieja F\u00e1brica pon\u00faka svie\u017eu a prirodzen\u00fa chu\u0165. <\/p>\n<p><strong>P\u00f4vod<\/strong>: \u0160panielsko V\u00fdrobca: \u00c1ngel Camacho Alimentaci\u00f3n, S.L.<\/p>\n<p><strong>Adresa v\u00fdrobcu<\/strong>: Avda. del Pilar, 6 - 41530 Mor\u00f3n de la Frontera (Sevilla)<\/p>\n<p> <strong> P\u00f4vod<\/strong>: v\u00fdrobok zo \u0160panielska<\/p>\n<p><strong>\u010cist\u00e1 hmotnos\u0165<\/strong>: 280 g<\/p>\n<p><strong>\u010eal\u0161ie povinn\u00e9 inform\u00e1cie na etikete<\/strong>: Obsahuje 55 g brosk\u00fd\u0148 na 100 g.<\/p>\n<p><strong>Celkov\u00fd obsah cukrov<\/strong>: 42 g na 100 g.<\/p>\n","protected":false},"excerpt":{"rendered":"<p>Di\u00e9tny brosky\u0148ov\u00fd d\u017eem La Vieja F\u00e1brica je lahodnou vo\u013ebou pre t\u00fdch, ktor\u00ed si chc\u00fa vychutna\u0165 autentick\u00fa chu\u0165 ovocia bez zbyto\u010dn\u00fdch kal\u00f3ri\u00ed. Tento d\u017eem vyroben\u00fd z vybran\u00fdch brosk\u00fd\u0148 pod\u013ea tradi\u010dn\u00fdch remeseln\u00fdch recept\u00far La Vieja F\u00e1brica pon\u00faka svie\u017eu a prirodzen\u00fa chu\u0165. P\u00f4vod: \u0160panielsko V\u00fdrobca: \u00c1ngel Camacho Alimentaci\u00f3n, S.L. Adresa v\u00fdrobcu: Avda. del Pilar, 6 - 41530 Mor\u00f3n [&hellip;]<\/p>\n","protected":false},"featured_media":41756,"template":"","meta":{"_et_pb_use_builder":"","_et_pb_old_content":"","_et_gb_content_width":""},"product_brand":[1460],"product_cat":[1979],"product_tag":[],"class_list":{"0":"post-41747","1":"product","2":"type-product","3":"status-publish","4":"has-post-thumbnail","6":"product_brand-la-vieja-fabrica","7":"product_cat-zachovava-sk","9":"first","10":"outofstock","11":"taxable","12":"shipping-taxable","13":"product-type-variable"},"_links":{"self":[{"href":"https:\/\/myspainfood.com\/sk\/wp-json\/wp\/v2\/product\/41747","targetHints":{"allow":["GET"]}}],"collection":[{"href":"https:\/\/myspainfood.com\/sk\/wp-json\/wp\/v2\/product"}],"about":[{"href":"https:\/\/myspainfood.com\/sk\/wp-json\/wp\/v2\/types\/product"}],"wp:featuredmedia":[{"embeddable":true,"href":"https:\/\/myspainfood.com\/sk\/wp-json\/wp\/v2\/media\/41756"}],"wp:attachment":[{"href":"https:\/\/myspainfood.com\/sk\/wp-json\/wp\/v2\/media?parent=41747"}],"wp:term":[{"taxonomy":"product_brand","embeddable":true,"href":"https:\/\/myspainfood.com\/sk\/wp-json\/wp\/v2\/product_brand?post=41747"},{"taxonomy":"product_cat","embeddable":true,"href":"https:\/\/myspainfood.com\/sk\/wp-json\/wp\/v2\/product_cat?post=41747"},{"taxonomy":"product_tag","embeddable":true,"href":"https:\/\/myspainfood.com\/sk\/wp-json\/wp\/v2\/product_tag?post=41747"}],"curies":[{"name":"wp","href":"https:\/\/api.w.org\/{rel}","templated":true}]}}