{"id":41791,"date":"2025-04-10T12:12:57","date_gmt":"2025-04-10T10:12:57","guid":{"rendered":"https:\/\/myspainfood.com\/producto\/a-inigo-zelena-fazula-okruhle-stredne-kusky-400-gr\/"},"modified":"2025-04-10T12:12:57","modified_gmt":"2025-04-10T10:12:57","slug":"a-inigo-zelena-fazula-okruhle-stredne-kusky-400-gr","status":"publish","type":"product","link":"https:\/\/myspainfood.com\/sk\/producto\/a-inigo-zelena-fazula-okruhle-stredne-kusky-400-gr\/","title":{"rendered":"A.I\u00f1igo Zelen\u00e1 fazu\u013ea okr\u00fahle stredn\u00e9 k\u00fasky 400 gr"},"content":{"rendered":"<p>Zelen\u00e1 fazu\u013ea A.I\u00f1igo predstavuje vynikaj\u00facu \u010derstvos\u0165 a chu\u0165. T\u00e1to zelen\u00e1 fazu\u013eka, starostlivo vybran\u00e1 a zozbieran\u00e1 v optim\u00e1lnej zrelosti, je ide\u00e1lnou vo\u013ebou pre ka\u017ed\u00e9 ka\u017edodenn\u00e9 jedlo. <\/p>\n<p><strong>Energetick\u00e1 hodnota:<\/strong> 15,9 kJ \/ 67,5 kcal<\/p>\n<p><strong>Tuk<\/strong>: 0 g<\/p>\n<p><strong>Z toho nas\u00fdten\u00e9<\/strong> 0 g<\/p>\n<p><strong>Sacharidy<\/strong>: 3,3 g<\/p>\n<p><strong>Z toho cukry<\/strong>: 0,8 g<\/p>\n<p><strong>Vl\u00e1knina<\/strong>: 1,5 g<\/p>\n<p><strong>Bielkoviny<\/strong>: 0,67 g<\/p>\n<p><strong>So\u013e<\/strong>: 0,5 g<\/p>\n","protected":false},"excerpt":{"rendered":"<p>Zelen\u00e1 fazu\u013ea A.I\u00f1igo predstavuje vynikaj\u00facu \u010derstvos\u0165 a chu\u0165. T\u00e1to zelen\u00e1 fazu\u013eka, starostlivo vybran\u00e1 a zozbieran\u00e1 v optim\u00e1lnej zrelosti, je ide\u00e1lnou vo\u013ebou pre ka\u017ed\u00e9 ka\u017edodenn\u00e9 jedlo. Energetick\u00e1 hodnota: 15,9 kJ \/ 67,5 kcal Tuk: 0 g Z toho nas\u00fdten\u00e9 0 g Sacharidy: 3,3 g Z toho cukry: 0,8 g Vl\u00e1knina: 1,5 g Bielkoviny: 0,67 g So\u013e: [&hellip;]<\/p>\n","protected":false},"featured_media":41797,"template":"","meta":{"_et_pb_use_builder":"","_et_pb_old_content":"","_et_gb_content_width":""},"product_brand":[1461],"product_cat":[1979],"product_tag":[],"class_list":{"0":"post-41791","1":"product","2":"type-product","3":"status-publish","4":"has-post-thumbnail","6":"product_brand-a-inigo","7":"product_cat-zachovava-sk","9":"first","10":"instock","11":"taxable","12":"shipping-taxable","13":"product-type-variable"},"_links":{"self":[{"href":"https:\/\/myspainfood.com\/sk\/wp-json\/wp\/v2\/product\/41791","targetHints":{"allow":["GET"]}}],"collection":[{"href":"https:\/\/myspainfood.com\/sk\/wp-json\/wp\/v2\/product"}],"about":[{"href":"https:\/\/myspainfood.com\/sk\/wp-json\/wp\/v2\/types\/product"}],"wp:featuredmedia":[{"embeddable":true,"href":"https:\/\/myspainfood.com\/sk\/wp-json\/wp\/v2\/media\/41797"}],"wp:attachment":[{"href":"https:\/\/myspainfood.com\/sk\/wp-json\/wp\/v2\/media?parent=41791"}],"wp:term":[{"taxonomy":"product_brand","embeddable":true,"href":"https:\/\/myspainfood.com\/sk\/wp-json\/wp\/v2\/product_brand?post=41791"},{"taxonomy":"product_cat","embeddable":true,"href":"https:\/\/myspainfood.com\/sk\/wp-json\/wp\/v2\/product_cat?post=41791"},{"taxonomy":"product_tag","embeddable":true,"href":"https:\/\/myspainfood.com\/sk\/wp-json\/wp\/v2\/product_tag?post=41791"}],"curies":[{"name":"wp","href":"https:\/\/api.w.org\/{rel}","templated":true}]}}