{"id":41827,"date":"2025-04-10T12:12:57","date_gmt":"2025-04-10T10:12:57","guid":{"rendered":"https:\/\/myspainfood.com\/producto\/a-inigo-mrkva-nakrajana-na-platky-400-g\/"},"modified":"2025-04-10T12:12:57","modified_gmt":"2025-04-10T10:12:57","slug":"a-inigo-mrkva-nakrajana-na-platky-400-g","status":"publish","type":"product","link":"https:\/\/myspainfood.com\/sk\/producto\/a-inigo-mrkva-nakrajana-na-platky-400-g\/","title":{"rendered":"A.I\u00f1igo Mrkva nakr\u00e1jan\u00e1 na pl\u00e1tky 400 g"},"content":{"rendered":"<p>Mrkva A.I\u00f1igo je ide\u00e1lnou vo\u013ebou pre t\u00fdch, ktor\u00ed h\u013eadaj\u00fa kvalitu a chu\u0165 svojich potrav\u00edn. T\u00e1to starostlivo pestovan\u00e1 a vyberan\u00e1 mrkva pon\u00faka chrumkav\u00fa \u0161trukt\u00faru a sladk\u00fa a prirodzen\u00fa chu\u0165, ktor\u00e1 obohat\u00ed ka\u017ed\u00fd pokrm. <\/p>\n<p>&nbsp;<\/p>\n<p><strong>Energetick\u00e1 hodnota:<\/strong> 71,4 kJ \/ 16,8 kcal<\/p>\n<p><strong>Nas\u00fdten\u00e9 tuky<\/strong>: 0 g<\/p>\n<p><strong>Sacharidy<\/strong>: 4,2 g<\/p>\n<p><strong>Z toho cukry<\/strong>: 2,3 g<\/p>\n<p><strong>Vl\u00e1knina<\/strong>: 1,4 g<\/p>\n<p><strong>Bielkoviny<\/strong>: 0 g<\/p>\n<p><strong>So\u013e<\/strong>: 0,65 g<\/p>\n","protected":false},"excerpt":{"rendered":"<p>Mrkva A.I\u00f1igo je ide\u00e1lnou vo\u013ebou pre t\u00fdch, ktor\u00ed h\u013eadaj\u00fa kvalitu a chu\u0165 svojich potrav\u00edn. T\u00e1to starostlivo pestovan\u00e1 a vyberan\u00e1 mrkva pon\u00faka chrumkav\u00fa \u0161trukt\u00faru a sladk\u00fa a prirodzen\u00fa chu\u0165, ktor\u00e1 obohat\u00ed ka\u017ed\u00fd pokrm. &nbsp; Energetick\u00e1 hodnota: 71,4 kJ \/ 16,8 kcal Nas\u00fdten\u00e9 tuky: 0 g Sacharidy: 4,2 g Z toho cukry: 2,3 g Vl\u00e1knina: 1,4 g [&hellip;]<\/p>\n","protected":false},"featured_media":41830,"template":"","meta":{"_et_pb_use_builder":"","_et_pb_old_content":"","_et_gb_content_width":""},"product_brand":[1461],"product_cat":[1979],"product_tag":[],"class_list":{"0":"post-41827","1":"product","2":"type-product","3":"status-publish","4":"has-post-thumbnail","6":"product_brand-a-inigo","7":"product_cat-zachovava-sk","9":"first","10":"outofstock","11":"taxable","12":"shipping-taxable","13":"product-type-variable"},"_links":{"self":[{"href":"https:\/\/myspainfood.com\/sk\/wp-json\/wp\/v2\/product\/41827","targetHints":{"allow":["GET"]}}],"collection":[{"href":"https:\/\/myspainfood.com\/sk\/wp-json\/wp\/v2\/product"}],"about":[{"href":"https:\/\/myspainfood.com\/sk\/wp-json\/wp\/v2\/types\/product"}],"wp:featuredmedia":[{"embeddable":true,"href":"https:\/\/myspainfood.com\/sk\/wp-json\/wp\/v2\/media\/41830"}],"wp:attachment":[{"href":"https:\/\/myspainfood.com\/sk\/wp-json\/wp\/v2\/media?parent=41827"}],"wp:term":[{"taxonomy":"product_brand","embeddable":true,"href":"https:\/\/myspainfood.com\/sk\/wp-json\/wp\/v2\/product_brand?post=41827"},{"taxonomy":"product_cat","embeddable":true,"href":"https:\/\/myspainfood.com\/sk\/wp-json\/wp\/v2\/product_cat?post=41827"},{"taxonomy":"product_tag","embeddable":true,"href":"https:\/\/myspainfood.com\/sk\/wp-json\/wp\/v2\/product_tag?post=41827"}],"curies":[{"name":"wp","href":"https:\/\/api.w.org\/{rel}","templated":true}]}}