{"id":42286,"date":"2025-04-10T12:11:14","date_gmt":"2025-04-10T10:11:14","guid":{"rendered":"https:\/\/myspainfood.com\/producto\/pico-mandlovy-nugat-200-gramov-jijona\/"},"modified":"2025-07-31T16:53:04","modified_gmt":"2025-07-31T14:53:04","slug":"pico-mandlovy-nugat-200-gramov-jijona","status":"publish","type":"product","link":"https:\/\/myspainfood.com\/sk\/producto\/pico-mandlovy-nugat-200-gramov-jijona\/","title":{"rendered":"Pic\u00f3 Mand\u013eov\u00fd nug\u00e1t 200 gramov Jijona"},"content":{"rendered":"<p>Med a mandle s\u00fa dva z\u00e1kladn\u00e9 prvky, z ktor\u00fdch sa sklad\u00e1 nug\u00e1t vyr\u00e1ban\u00fd v Jijone, ktor\u00fd je ozna\u010den\u00fd chr\u00e1nen\u00fdm zemepisn\u00fdm ozna\u010den\u00edm udelen\u00fdm regula\u010dnou radou. Aby sme objavili jeho p\u00f4vod, je potrebn\u00e9 sa pozrie\u0165 sp\u00e4\u0165 a nadol, do krajiny. Prv\u00ed turroneros boli vlastne po\u013enohospod\u00e1ri, ktor\u00ed pestovali mand\u013eovn\u00edky a zbierali med, ale v zime, ke\u010f napadol sneh, museli pre\u017ei\u0165. Preto pri\u0161li s n\u00e1padom premeni\u0165 vyprodukovan\u00e9 suroviny na potravinu, ktor\u00fa by mohli pred\u00e1va\u0165 na vtedaj\u0161\u00edch ve\u013etrhoch.   <\/p>\n<p>Klimatick\u00e9 a geologick\u00e9 podmienky v provincii Alicante s\u00fa mimoriadne vhodn\u00e9 na pestovanie mand\u013eovn\u00edkov, ktor\u00e9 rast\u00fa len v stredomorskom podneb\u00ed. \u010eal\u0161ou zvl\u00e1\u0161tnos\u0165ou tohto stromu je, \u017ee na to, aby sa mohol rozmno\u017eova\u0165, mus\u00ed by\u0165 opelen\u00fd, a preto je potrebn\u00e9 u\u013eah\u010di\u0165 v\u010del\u00e1m plnenie ich funkcie a produkciu medu. Aby v\u0161ak nug\u00e1t nebol len jednoduchou zmesou cukru, mandl\u00ed a medu, musia sa dodr\u017eiava\u0165 pr\u00edsne a prastar\u00e9 postupy v\u00fdroby a kvality.  <\/p>\n<p>Zlo\u017eenie Pra\u017een\u00e9 mandle 64%, cukor, med, vaje\u010dn\u00fd bielok a emulg\u00e1tor e-471<\/p>\n<p><strong>D\u00c1TUM PLATNOSTI 02\/2024<\/strong><\/p>\n","protected":false},"excerpt":{"rendered":"<p>Med a mandle s\u00fa dva z\u00e1kladn\u00e9 prvky, z ktor\u00fdch sa sklad\u00e1 nug\u00e1t vyr\u00e1ban\u00fd v Jijone, ktor\u00fd je ozna\u010den\u00fd chr\u00e1nen\u00fdm zemepisn\u00fdm ozna\u010den\u00edm udelen\u00fdm regula\u010dnou radou. Aby sme objavili jeho p\u00f4vod, je potrebn\u00e9 sa pozrie\u0165 sp\u00e4\u0165 a nadol, do krajiny. Prv\u00ed turroneros boli vlastne po\u013enohospod\u00e1ri, ktor\u00ed pestovali mand\u013eovn\u00edky a zbierali med, ale v zime, ke\u010f napadol sneh, [&hellip;]<\/p>\n","protected":false},"featured_media":42289,"template":"","meta":{"_et_pb_use_builder":"","_et_pb_old_content":"","_et_gb_content_width":""},"product_brand":[1414],"product_cat":[7709,1979],"product_tag":[],"class_list":{"0":"post-42286","1":"product","2":"type-product","3":"status-publish","4":"has-post-thumbnail","6":"product_brand-pico","7":"product_cat-vianocny-special","8":"product_cat-zachovava-sk","10":"first","11":"outofstock","12":"taxable","13":"shipping-taxable","14":"product-type-variable"},"_links":{"self":[{"href":"https:\/\/myspainfood.com\/sk\/wp-json\/wp\/v2\/product\/42286","targetHints":{"allow":["GET"]}}],"collection":[{"href":"https:\/\/myspainfood.com\/sk\/wp-json\/wp\/v2\/product"}],"about":[{"href":"https:\/\/myspainfood.com\/sk\/wp-json\/wp\/v2\/types\/product"}],"wp:featuredmedia":[{"embeddable":true,"href":"https:\/\/myspainfood.com\/sk\/wp-json\/wp\/v2\/media\/42289"}],"wp:attachment":[{"href":"https:\/\/myspainfood.com\/sk\/wp-json\/wp\/v2\/media?parent=42286"}],"wp:term":[{"taxonomy":"product_brand","embeddable":true,"href":"https:\/\/myspainfood.com\/sk\/wp-json\/wp\/v2\/product_brand?post=42286"},{"taxonomy":"product_cat","embeddable":true,"href":"https:\/\/myspainfood.com\/sk\/wp-json\/wp\/v2\/product_cat?post=42286"},{"taxonomy":"product_tag","embeddable":true,"href":"https:\/\/myspainfood.com\/sk\/wp-json\/wp\/v2\/product_tag?post=42286"}],"curies":[{"name":"wp","href":"https:\/\/api.w.org\/{rel}","templated":true}]}}