{"id":42382,"date":"2025-04-10T12:12:05","date_gmt":"2025-04-10T10:12:05","guid":{"rendered":"https:\/\/myspainfood.com\/producto\/la-vieja-fabrica-bitter-orange-jam-280-g\/"},"modified":"2025-04-10T12:12:05","modified_gmt":"2025-04-10T10:12:05","slug":"la-vieja-fabrica-bitter-orange-jam-280-g","status":"publish","type":"product","link":"https:\/\/myspainfood.com\/sk\/producto\/la-vieja-fabrica-bitter-orange-jam-280-g\/","title":{"rendered":"La Vieja F\u00e1brica Bitter Orange Jam 280 g"},"content":{"rendered":"<p>Marmel\u00e1da z hork\u00fdch pomaran\u010dov La Vieja F\u00e1brica je tradi\u010dn\u00fd \u0161panielsky v\u00fdrobok, ktor\u00fd vynik\u00e1 svojou autentickou a lahodnou chu\u0165ou. Vyr\u00e1ba sa z najlep\u0161\u00edch hork\u00fdch pomaran\u010dov pod\u013ea tradi\u010dn\u00fdch recept\u00far a pon\u00faka dokonal\u00fa rovnov\u00e1hu medzi sladkos\u0165ou a horkos\u0165ou. T\u00e1to marmel\u00e1da je ide\u00e1lna na ra\u0148ajky, ob\u010derstvenie alebo dezerty a prin\u00e1\u0161a na v\u00e1\u0161 st\u00f4l bohatstvo tradi\u010dn\u00fdch chut\u00ed \u0160panielska.  <\/p>\n<p>&nbsp;<\/p>\n<p><span class=\"info-key \"><strong>N\u00e1zov potraviny<\/strong>:<\/span> Marmel\u00e1da z hork\u00fdch pomaran\u010dov<\/p>\n<p><span class=\"info-key \"><strong>N\u00e1zov prev\u00e1dzkovate\u013ea:<\/strong><\/span> \u00c1ngel Camacho Alimentaci\u00f3n, S.L.<\/p>\n<p><span class=\"info-key \"><strong>Adresa prev\u00e1dzkovate\u013ea:<\/strong><\/span> Avda. del Pilar, 6 - 41530 Mor\u00f3n de la Frontera (Sevilla)<\/p>\n<p><span class=\"info-key \"><strong>Miesto p\u00f4vodu potraviny<\/strong>:<\/span> v\u00fdrobok zo \u0160panielska<\/p>\n<p><span class=\"info-key \"><strong>\u010cist\u00e9 mno\u017estvo<\/strong>:<\/span> 365 g<\/p>\n<p><span class=\"info-key \"><strong>\u010eal\u0161ie povinn\u00e9 inform\u00e1cie na etikete<\/strong>:<\/span> Vyroben\u00e9 zo 40 g pomaran\u010dov na 100 g.<\/p>\n<p><strong>Celkov\u00fd obsah cukru<\/strong> 65 g na 100 g.<\/p>\n","protected":false},"excerpt":{"rendered":"<p>Marmel\u00e1da z hork\u00fdch pomaran\u010dov La Vieja F\u00e1brica je tradi\u010dn\u00fd \u0161panielsky v\u00fdrobok, ktor\u00fd vynik\u00e1 svojou autentickou a lahodnou chu\u0165ou. Vyr\u00e1ba sa z najlep\u0161\u00edch hork\u00fdch pomaran\u010dov pod\u013ea tradi\u010dn\u00fdch recept\u00far a pon\u00faka dokonal\u00fa rovnov\u00e1hu medzi sladkos\u0165ou a horkos\u0165ou. T\u00e1to marmel\u00e1da je ide\u00e1lna na ra\u0148ajky, ob\u010derstvenie alebo dezerty a prin\u00e1\u0161a na v\u00e1\u0161 st\u00f4l bohatstvo tradi\u010dn\u00fdch chut\u00ed \u0160panielska. &nbsp; N\u00e1zov [&hellip;]<\/p>\n","protected":false},"featured_media":42387,"template":"","meta":{"_et_pb_use_builder":"","_et_pb_old_content":"","_et_gb_content_width":""},"product_brand":[1460],"product_cat":[1979],"product_tag":[],"class_list":{"0":"post-42382","1":"product","2":"type-product","3":"status-publish","4":"has-post-thumbnail","6":"product_brand-la-vieja-fabrica","7":"product_cat-zachovava-sk","9":"first","10":"outofstock","11":"taxable","12":"shipping-taxable","13":"product-type-variable"},"_links":{"self":[{"href":"https:\/\/myspainfood.com\/sk\/wp-json\/wp\/v2\/product\/42382","targetHints":{"allow":["GET"]}}],"collection":[{"href":"https:\/\/myspainfood.com\/sk\/wp-json\/wp\/v2\/product"}],"about":[{"href":"https:\/\/myspainfood.com\/sk\/wp-json\/wp\/v2\/types\/product"}],"wp:featuredmedia":[{"embeddable":true,"href":"https:\/\/myspainfood.com\/sk\/wp-json\/wp\/v2\/media\/42387"}],"wp:attachment":[{"href":"https:\/\/myspainfood.com\/sk\/wp-json\/wp\/v2\/media?parent=42382"}],"wp:term":[{"taxonomy":"product_brand","embeddable":true,"href":"https:\/\/myspainfood.com\/sk\/wp-json\/wp\/v2\/product_brand?post=42382"},{"taxonomy":"product_cat","embeddable":true,"href":"https:\/\/myspainfood.com\/sk\/wp-json\/wp\/v2\/product_cat?post=42382"},{"taxonomy":"product_tag","embeddable":true,"href":"https:\/\/myspainfood.com\/sk\/wp-json\/wp\/v2\/product_tag?post=42382"}],"curies":[{"name":"wp","href":"https:\/\/api.w.org\/{rel}","templated":true}]}}