{"id":42391,"date":"2025-04-10T12:12:05","date_gmt":"2025-04-10T10:12:05","guid":{"rendered":"https:\/\/myspainfood.com\/producto\/santos-sodupe-rioja-rose-polosladka-pekadora-rioja\/"},"modified":"2026-01-29T12:39:37","modified_gmt":"2026-01-29T11:39:37","slug":"santos-sodupe-rioja-rose-polosladka-pekadora-rioja","status":"publish","type":"product","link":"https:\/\/myspainfood.com\/sk\/producto\/santos-sodupe-rioja-rose-polosladka-pekadora-rioja\/","title":{"rendered":"Santos Sodupe Rioja Ros\u00e9 polosladk\u00e1 PEKADORA Rioja"},"content":{"rendered":"<p>Zber v noci<\/p>\n<p>Macer\u00e1cia za studena<\/p>\n<p>N\u00edzkotlakov\u00e9 lisovanie, vo\u013ene te\u010d\u00faca \u0161\u0165ava<\/p>\n<p>\u010cistenie flot\u00e1ciou<\/p>\n<p>Kvasenie s riadenou teplotou<\/p>\n<p>Technick\u00e9 \u0161pecifik\u00e1cie<\/p>\n<p>  Polosladk\u00e9 ros\u00e9<\/p>\n<p>  100% \u010derven\u00e9 grenache<\/p>\n<p>  Bodegas Santos Sodupe<\/p>\n<p>  San Asensio, La Rioja<\/p>\n<p>  D.O.C. Rioja<\/p>\n<p>  75cl \/ 12,5% obj.<\/p>\n<p>  Obsahuje siri\u010ditany<\/p>\n<p>ochutn\u00e1vka<\/p>\n<p>Bledoru\u017eov\u00e1 farba, lososov\u00e9 odlesky<\/p>\n<p>Komp\u00f3t z bieleho ovocia s citrusov\u00fdmi t\u00f3nmi<\/p>\n<p>\u017div\u00fd pocit rovnov\u00e1hy medzi sladkos\u0165ou a kyslos\u0165ou<\/p>\n","protected":false},"excerpt":{"rendered":"<p>Zber v noci Macer\u00e1cia za studena N\u00edzkotlakov\u00e9 lisovanie, vo\u013ene te\u010d\u00faca \u0161\u0165ava \u010cistenie flot\u00e1ciou Kvasenie s riadenou teplotou Technick\u00e9 \u0161pecifik\u00e1cie Polosladk\u00e9 ros\u00e9 100% \u010derven\u00e9 grenache Bodegas Santos Sodupe San Asensio, La Rioja D.O.C. Rioja 75cl \/ 12,5% obj. Obsahuje siri\u010ditany ochutn\u00e1vka Bledoru\u017eov\u00e1 farba, lososov\u00e9 odlesky Komp\u00f3t z bieleho ovocia s citrusov\u00fdmi t\u00f3nmi \u017div\u00fd pocit rovnov\u00e1hy medzi [&hellip;]<\/p>\n","protected":false},"featured_media":42396,"template":"","meta":{"_et_pb_use_builder":"","_et_pb_old_content":"","_et_gb_content_width":""},"product_brand":[1459],"product_cat":[4860,4863],"product_tag":[],"class_list":{"0":"post-42391","1":"product","2":"type-product","3":"status-publish","4":"has-post-thumbnail","6":"product_brand-santos-sodupe","7":"product_cat-napoje","8":"product_cat-vino-sk","10":"first","11":"outofstock","12":"taxable","13":"shipping-taxable","14":"product-type-variable"},"_links":{"self":[{"href":"https:\/\/myspainfood.com\/sk\/wp-json\/wp\/v2\/product\/42391","targetHints":{"allow":["GET"]}}],"collection":[{"href":"https:\/\/myspainfood.com\/sk\/wp-json\/wp\/v2\/product"}],"about":[{"href":"https:\/\/myspainfood.com\/sk\/wp-json\/wp\/v2\/types\/product"}],"wp:featuredmedia":[{"embeddable":true,"href":"https:\/\/myspainfood.com\/sk\/wp-json\/wp\/v2\/media\/42396"}],"wp:attachment":[{"href":"https:\/\/myspainfood.com\/sk\/wp-json\/wp\/v2\/media?parent=42391"}],"wp:term":[{"taxonomy":"product_brand","embeddable":true,"href":"https:\/\/myspainfood.com\/sk\/wp-json\/wp\/v2\/product_brand?post=42391"},{"taxonomy":"product_cat","embeddable":true,"href":"https:\/\/myspainfood.com\/sk\/wp-json\/wp\/v2\/product_cat?post=42391"},{"taxonomy":"product_tag","embeddable":true,"href":"https:\/\/myspainfood.com\/sk\/wp-json\/wp\/v2\/product_tag?post=42391"}],"curies":[{"name":"wp","href":"https:\/\/api.w.org\/{rel}","templated":true}]}}