{"id":42437,"date":"2025-04-10T12:11:40","date_gmt":"2025-04-10T10:11:40","guid":{"rendered":"https:\/\/myspainfood.com\/producto\/nieva-cojonudos-biela-spargla-extra-13-16-velmi-hruba\/"},"modified":"2025-04-10T12:11:40","modified_gmt":"2025-04-10T10:11:40","slug":"nieva-cojonudos-biela-spargla-extra-13-16-velmi-hruba","status":"publish","type":"product","link":"https:\/\/myspainfood.com\/sk\/producto\/nieva-cojonudos-biela-spargla-extra-13-16-velmi-hruba\/","title":{"rendered":"Nieva &#8220;Cojonudos&#8220; Biela \u0161parg\u013ea Extra 13\/16 Ve\u013emi hrub\u00e1"},"content":{"rendered":"<p>Ponorte sa do znamenitosti ve\u013emi hustej bielej \u0161pargle Nieva a objavte jedine\u010dn\u00fd kulin\u00e1rsky z\u00e1\u017eitok! Ka\u017ed\u00e1 \u0161parg\u013ea sa starostlivo vyber\u00e1 a pestuje v naj\u00farodnej\u0161\u00edch oblastiach, \u010do zaru\u010duje najvy\u0161\u0161iu kvalitu a \u010derstvos\u0165 ka\u017ed\u00e9ho s\u00fasta. <\/p>\n<p>Biela \u0161parg\u013ea zna\u010dky Nieva sa vyzna\u010duje ve\u013ekorysou ve\u013ekos\u0165ou a pevnou, \u0161\u0165avnatou \u0161trukt\u00farou. V\u010faka v\u00fdnimo\u010dne ve\u013ek\u00e9mu priemeru je t\u00e1to \u0161parg\u013ea ide\u00e1lnou vo\u013ebou pre t\u00fdch, ktor\u00ed h\u013eadaj\u00fa intenz\u00edvnu chu\u0165 a lahodn\u00fa konzistenciu ka\u017edej porcie. <\/p>\n<p>Na\u0161a biela \u0161parg\u013ea, ktor\u00e1 poch\u00e1dza z t\u00fdch najstarostlivej\u0161ie obhospodarovan\u00fdch pol\u00ed a zbiera sa v optim\u00e1lnej zrelosti, je pokladom pr\u00edrody, ktor\u00fd pote\u0161\u00ed va\u0161e chu\u0165ov\u00e9 bunky a pozdvihne va\u0161e jedl\u00e1 na nov\u00fa gastronomick\u00fa \u00farove\u0148.<\/p>\n<p>Vychutnajte si ich jemn\u00fa, mierne hork\u00fa chu\u0165 a jemn\u00fa, ale pevn\u00fa \u0161trukt\u00faru. \u010ci u\u017e si ich vychutn\u00e1te ako pr\u00edlohu k hlavn\u00fdm jedl\u00e1m, prid\u00e1te ich do \u010derstv\u00fdch \u0161al\u00e1tov alebo ich zakomponujete do gurm\u00e1nskych receptov, ve\u013emi hust\u00e1 biela \u0161parg\u013ea Nieva je ide\u00e1lnou vo\u013ebou pre milovn\u00edkov dobrej kuchyne. <\/p>\n<p>Prekvapte svojich host\u00ed gastronomickou dokonalos\u0165ou na\u0161ej bielej \u0161pargle a z ka\u017ed\u00e9ho jedla urobte nezabudnute\u013en\u00fd z\u00e1\u017eitok. K\u00fapte si ich teraz a zistite, pre\u010do je Nieva synonymom v\u00fdnimo\u010dnej kvality a chuti v ka\u017edom s\u00faste! <\/p>\n","protected":false},"excerpt":{"rendered":"<p>Ponorte sa do znamenitosti ve\u013emi hustej bielej \u0161pargle Nieva a objavte jedine\u010dn\u00fd kulin\u00e1rsky z\u00e1\u017eitok! Ka\u017ed\u00e1 \u0161parg\u013ea sa starostlivo vyber\u00e1 a pestuje v naj\u00farodnej\u0161\u00edch oblastiach, \u010do zaru\u010duje najvy\u0161\u0161iu kvalitu a \u010derstvos\u0165 ka\u017ed\u00e9ho s\u00fasta. <\/p>\n","protected":false},"featured_media":42442,"template":"","meta":{"_et_pb_use_builder":"","_et_pb_old_content":"","_et_gb_content_width":""},"product_brand":[1458],"product_cat":[6321,1979],"product_tag":[],"class_list":{"0":"post-42437","1":"product","2":"type-product","3":"status-publish","4":"has-post-thumbnail","6":"product_brand-nieva-cojonudos","7":"product_cat-spargla","8":"product_cat-zachovava-sk","10":"first","11":"outofstock","12":"taxable","13":"shipping-taxable","14":"product-type-variable"},"_links":{"self":[{"href":"https:\/\/myspainfood.com\/sk\/wp-json\/wp\/v2\/product\/42437","targetHints":{"allow":["GET"]}}],"collection":[{"href":"https:\/\/myspainfood.com\/sk\/wp-json\/wp\/v2\/product"}],"about":[{"href":"https:\/\/myspainfood.com\/sk\/wp-json\/wp\/v2\/types\/product"}],"wp:featuredmedia":[{"embeddable":true,"href":"https:\/\/myspainfood.com\/sk\/wp-json\/wp\/v2\/media\/42442"}],"wp:attachment":[{"href":"https:\/\/myspainfood.com\/sk\/wp-json\/wp\/v2\/media?parent=42437"}],"wp:term":[{"taxonomy":"product_brand","embeddable":true,"href":"https:\/\/myspainfood.com\/sk\/wp-json\/wp\/v2\/product_brand?post=42437"},{"taxonomy":"product_cat","embeddable":true,"href":"https:\/\/myspainfood.com\/sk\/wp-json\/wp\/v2\/product_cat?post=42437"},{"taxonomy":"product_tag","embeddable":true,"href":"https:\/\/myspainfood.com\/sk\/wp-json\/wp\/v2\/product_tag?post=42437"}],"curies":[{"name":"wp","href":"https:\/\/api.w.org\/{rel}","templated":true}]}}